{"id":3186,"date":"2021-07-22T15:13:56","date_gmt":"2021-07-22T15:13:56","guid":{"rendered":"https:\/\/turismocuzcurrita.com\/?page_id=3186"},"modified":"2024-03-15T17:24:17","modified_gmt":"2024-03-15T16:24:17","slug":"hebergement-touristique","status":"publish","type":"page","link":"https:\/\/turismocuzcurrita.com\/fr\/hebergement-touristique\/","title":{"rendered":"H\u00e9bergement touristique"},"content":{"rendered":"\t\t<div data-elementor-type=\"wp-page\" data-elementor-id=\"3186\" class=\"elementor elementor-3186\" data-elementor-settings=\"[]\">\n\t\t\t\t\t\t\t<div class=\"elementor-section-wrap\">\n\t\t\t\t\t\t\t<section class=\"elementor-section elementor-top-section elementor-element elementor-element-7e48927 elementor-section-boxed elementor-section-height-default elementor-section-height-default\" data-id=\"7e48927\" data-element_type=\"section\">\n\t\t\t\t\t\t<div class=\"elementor-container elementor-column-gap-default\">\n\t\t\t\t\t<div class=\"elementor-column elementor-col-100 elementor-top-column elementor-element elementor-element-fdc2ef5\" data-id=\"fdc2ef5\" data-element_type=\"column\">\n\t\t\t<div class=\"elementor-widget-wrap elementor-element-populated\">\n\t\t\t\t\t\t\t\t<div class=\"elementor-element elementor-element-b6bb4c6 elementor-widget elementor-widget-heading\" data-id=\"b6bb4c6\" data-element_type=\"widget\" data-widget_type=\"heading.default\">\n\t\t\t\t<div class=\"elementor-widget-container\">\n\t\t\t<h2 class=\"elementor-heading-title elementor-size-default\">H\u00e9bergement touristique<\/h2>\t\t<\/div>\n\t\t\t\t<\/div>\n\t\t\t\t<div class=\"elementor-element elementor-element-848ca69 elementor-widget elementor-widget-text-editor\" data-id=\"848ca69\" data-element_type=\"widget\" data-widget_type=\"text-editor.default\">\n\t\t\t\t<div class=\"elementor-widget-container\">\n\t\t\t\t\t\t\t\t<p class=\"font_3\"><span style=\"font-weight: 400;\">Appartements touristiques, g\u00eetes ruraux, maisons d\u2019h\u00f4tes et h\u00f4tels&#8230; \u00c0 Cuzcurrita de r\u00edo Tir\u00f3n vous disposez d\u2019une offre vari\u00e9e d\u2019h\u00e9bergements en fonction de vos pr\u00e9f\u00e9rences. <\/span><\/p>\t\t\t\t\t\t<\/div>\n\t\t\t\t<\/div>\n\t\t\t\t\t<\/div>\n\t\t<\/div>\n\t\t\t\t\t\t\t<\/div>\n\t\t<\/section>\n\t\t\t\t<section class=\"elementor-section elementor-top-section elementor-element elementor-element-a14069f elementor-section-boxed elementor-section-height-default elementor-section-height-default\" data-id=\"a14069f\" data-element_type=\"section\">\n\t\t\t\t\t\t<div class=\"elementor-container elementor-column-gap-default\">\n\t\t\t\t\t<div class=\"elementor-column elementor-col-50 elementor-top-column elementor-element elementor-element-882aa39\" data-id=\"882aa39\" data-element_type=\"column\">\n\t\t\t<div class=\"elementor-widget-wrap elementor-element-populated\">\n\t\t\t\t\t\t\t\t<div class=\"elementor-element elementor-element-6d68ef8 elementor-cta--skin-cover elementor-cta--sequenced-animation elementor-animated-content elementor-bg-transform elementor-bg-transform-zoom-in elementor-widget elementor-widget-call-to-action\" data-id=\"6d68ef8\" data-element_type=\"widget\" data-widget_type=\"call-to-action.default\">\n\t\t\t\t<div class=\"elementor-widget-container\">\n\t\t\t\t\t<a href=\"https:\/\/turismocuzcurrita.com\/fr\/appartements-virgen-de-tironcillo\/\" class=\"elementor-cta\">\n\t\t\t\t\t<div class=\"elementor-cta__bg-wrapper\">\n\t\t\t\t<div class=\"elementor-cta__bg elementor-bg\" style=\"background-image: url(https:\/\/turismocuzcurrita.com\/wp-content\/uploads\/2021\/05\/5be367_aadeb346f3c54a4b9d3c6c83d481497a_mv2.jpg);\"><\/div>\n\t\t\t\t<div class=\"elementor-cta__bg-overlay\"><\/div>\n\t\t\t<\/div>\n\t\t\t\t\t\t\t<div class=\"elementor-cta__content\">\n\t\t\t\t\n\t\t\t\t\t\t\t\t\t<h2 class=\"elementor-cta__title elementor-cta__content-item elementor-content-item elementor-animated-item--fade-in\">\n\t\t\t\t\t\tAppartements Virgen de Tironcillo\t\t\t\t\t<\/h2>\n\t\t\t\t\n\t\t\t\t\n\t\t\t\t\t\t\t<\/div>\n\t\t\t\t\t\t<\/a>\n\t\t\t\t<\/div>\n\t\t\t\t<\/div>\n\t\t\t\t<div class=\"elementor-element elementor-element-280554f elementor-cta--skin-cover elementor-cta--sequenced-animation elementor-animated-content elementor-bg-transform elementor-bg-transform-zoom-in elementor-widget elementor-widget-call-to-action\" data-id=\"280554f\" data-element_type=\"widget\" data-widget_type=\"call-to-action.default\">\n\t\t\t\t<div class=\"elementor-widget-container\">\n\t\t\t\t\t<a href=\"https:\/\/turismocuzcurrita.com\/fr\/gite-rural-la-vina\/\" class=\"elementor-cta\">\n\t\t\t\t\t<div class=\"elementor-cta__bg-wrapper\">\n\t\t\t\t<div class=\"elementor-cta__bg elementor-bg\" style=\"background-image: url(https:\/\/turismocuzcurrita.com\/wp-content\/uploads\/2021\/05\/Casa_Rural_La_Vina_1-b1HPL3gs-1024x683.jpg);\"><\/div>\n\t\t\t\t<div class=\"elementor-cta__bg-overlay\"><\/div>\n\t\t\t<\/div>\n\t\t\t\t\t\t\t<div class=\"elementor-cta__content\">\n\t\t\t\t\n\t\t\t\t\t\t\t\t\t<h2 class=\"elementor-cta__title elementor-cta__content-item elementor-content-item elementor-animated-item--fade-in\">\n\t\t\t\t\t\tG\u00eete Rural La Vi\u00f1a\t\t\t\t\t<\/h2>\n\t\t\t\t\n\t\t\t\t\n\t\t\t\t\t\t\t<\/div>\n\t\t\t\t\t\t<\/a>\n\t\t\t\t<\/div>\n\t\t\t\t<\/div>\n\t\t\t\t<div class=\"elementor-element elementor-element-c2a3f9a elementor-cta--skin-cover elementor-cta--sequenced-animation elementor-animated-content elementor-bg-transform elementor-bg-transform-zoom-in elementor-widget elementor-widget-call-to-action\" data-id=\"c2a3f9a\" data-element_type=\"widget\" data-widget_type=\"call-to-action.default\">\n\t\t\t\t<div class=\"elementor-widget-container\">\n\t\t\t\t\t<a href=\"https:\/\/turismocuzcurrita.com\/fr\/pension-biku\/\" class=\"elementor-cta\">\n\t\t\t\t\t<div class=\"elementor-cta__bg-wrapper\">\n\t\t\t\t<div class=\"elementor-cta__bg elementor-bg\" style=\"background-image: url(https:\/\/turismocuzcurrita.com\/wp-content\/uploads\/2021\/05\/Bar-Taperia-Biku-2-com-1024x683.jpg);\"><\/div>\n\t\t\t\t<div class=\"elementor-cta__bg-overlay\"><\/div>\n\t\t\t<\/div>\n\t\t\t\t\t\t\t<div class=\"elementor-cta__content\">\n\t\t\t\t\n\t\t\t\t\t\t\t\t\t<h2 class=\"elementor-cta__title elementor-cta__content-item elementor-content-item elementor-animated-item--fade-in\">\n\t\t\t\t\t\tPension Casa Antonia\t\t\t\t\t<\/h2>\n\t\t\t\t\n\t\t\t\t\n\t\t\t\t\t\t\t<\/div>\n\t\t\t\t\t\t<\/a>\n\t\t\t\t<\/div>\n\t\t\t\t<\/div>\n\t\t\t\t<div class=\"elementor-element elementor-element-f802a89 elementor-cta--skin-cover elementor-cta--sequenced-animation elementor-animated-content elementor-bg-transform elementor-bg-transform-zoom-in elementor-widget elementor-widget-call-to-action\" data-id=\"f802a89\" data-element_type=\"widget\" data-widget_type=\"call-to-action.default\">\n\t\t\t\t<div class=\"elementor-widget-container\">\n\t\t\t\t\t<a href=\"https:\/\/turismocuzcurrita.com\/fr\/hotel-teatrisso\/\" class=\"elementor-cta\">\n\t\t\t\t\t<div class=\"elementor-cta__bg-wrapper\">\n\t\t\t\t<div class=\"elementor-cta__bg elementor-bg\" style=\"background-image: url(https:\/\/turismocuzcurrita.com\/wp-content\/uploads\/2021\/05\/Hotel_Teatrisso_1-iRZXL3gs-1024x683.jpg);\"><\/div>\n\t\t\t\t<div class=\"elementor-cta__bg-overlay\"><\/div>\n\t\t\t<\/div>\n\t\t\t\t\t\t\t<div class=\"elementor-cta__content\">\n\t\t\t\t\n\t\t\t\t\t\t\t\t\t<h2 class=\"elementor-cta__title elementor-cta__content-item elementor-content-item elementor-animated-item--fade-in\">\n\t\t\t\t\t\tH\u00f4tel Teatrisso\t\t\t\t\t<\/h2>\n\t\t\t\t\n\t\t\t\t\n\t\t\t\t\t\t\t<\/div>\n\t\t\t\t\t\t<\/a>\n\t\t\t\t<\/div>\n\t\t\t\t<\/div>\n\t\t\t\t<div class=\"elementor-element elementor-element-a72b150 elementor-hidden-phone elementor-widget elementor-widget-spacer\" data-id=\"a72b150\" data-element_type=\"widget\" data-widget_type=\"spacer.default\">\n\t\t\t\t<div class=\"elementor-widget-container\">\n\t\t\t\t\t<div class=\"elementor-spacer\">\n\t\t\t<div class=\"elementor-spacer-inner\"><\/div>\n\t\t<\/div>\n\t\t\t\t<\/div>\n\t\t\t\t<\/div>\n\t\t\t\t\t<\/div>\n\t\t<\/div>\n\t\t\t\t<div class=\"elementor-column elementor-col-50 elementor-top-column elementor-element elementor-element-ca20e1c\" data-id=\"ca20e1c\" data-element_type=\"column\">\n\t\t\t<div class=\"elementor-widget-wrap elementor-element-populated\">\n\t\t\t\t\t\t\t\t<div class=\"elementor-element elementor-element-1dfe74e elementor-cta--skin-cover elementor-cta--sequenced-animation elementor-animated-content elementor-bg-transform elementor-bg-transform-zoom-in elementor-widget elementor-widget-call-to-action\" data-id=\"1dfe74e\" data-element_type=\"widget\" data-widget_type=\"call-to-action.default\">\n\t\t\t\t<div class=\"elementor-widget-container\">\n\t\t\t\t\t<a href=\"http:\/\/turismocuzcurrita.com\/apart-turisticos-casa-antonia\/\" class=\"elementor-cta\">\n\t\t\t\t\t<div class=\"elementor-cta__bg-wrapper\">\n\t\t\t\t<div class=\"elementor-cta__bg elementor-bg\" style=\"background-image: url(https:\/\/turismocuzcurrita.com\/wp-content\/uploads\/2021\/05\/Ap_Tur_Casa_Antonia_1-AFaEK3gs-1024x700.jpg);\"><\/div>\n\t\t\t\t<div class=\"elementor-cta__bg-overlay\"><\/div>\n\t\t\t<\/div>\n\t\t\t\t\t\t\t<div class=\"elementor-cta__content\">\n\t\t\t\t\n\t\t\t\t\t\t\t\t\t<h2 class=\"elementor-cta__title elementor-cta__content-item elementor-content-item elementor-animated-item--fade-in\">\n\t\t\t\t\t\tApart. touristiques Casa Antonia\t\t\t\t\t<\/h2>\n\t\t\t\t\n\t\t\t\t\n\t\t\t\t\t\t\t<\/div>\n\t\t\t\t\t\t<\/a>\n\t\t\t\t<\/div>\n\t\t\t\t<\/div>\n\t\t\t\t<div class=\"elementor-element elementor-element-68777d7 elementor-cta--skin-cover elementor-cta--sequenced-animation elementor-animated-content elementor-bg-transform elementor-bg-transform-zoom-in elementor-widget elementor-widget-call-to-action\" data-id=\"68777d7\" data-element_type=\"widget\" data-widget_type=\"call-to-action.default\">\n\t\t\t\t<div class=\"elementor-widget-container\">\n\t\t\t\t\t<a href=\"https:\/\/turismocuzcurrita.com\/fr\/gite-rural-los-colmenares\/\" class=\"elementor-cta\">\n\t\t\t\t\t<div class=\"elementor-cta__bg-wrapper\">\n\t\t\t\t<div class=\"elementor-cta__bg elementor-bg\" style=\"background-image: url(https:\/\/turismocuzcurrita.com\/wp-content\/uploads\/2021\/05\/Casa_Rural_Los_Colmenares_2-RVzQL3gs-1024x683.jpg);\"><\/div>\n\t\t\t\t<div class=\"elementor-cta__bg-overlay\"><\/div>\n\t\t\t<\/div>\n\t\t\t\t\t\t\t<div class=\"elementor-cta__content\">\n\t\t\t\t\n\t\t\t\t\t\t\t\t\t<h2 class=\"elementor-cta__title elementor-cta__content-item elementor-content-item elementor-animated-item--fade-in\">\n\t\t\t\t\t\tG\u00eete Rural Los Colmenares\t\t\t\t\t<\/h2>\n\t\t\t\t\n\t\t\t\t\n\t\t\t\t\t\t\t<\/div>\n\t\t\t\t\t\t<\/a>\n\t\t\t\t<\/div>\n\t\t\t\t<\/div>\n\t\t\t\t<div class=\"elementor-element elementor-element-0d1f738 elementor-cta--skin-cover elementor-cta--sequenced-animation elementor-animated-content elementor-bg-transform elementor-bg-transform-zoom-in elementor-widget elementor-widget-call-to-action\" data-id=\"0d1f738\" data-element_type=\"widget\" data-widget_type=\"call-to-action.default\">\n\t\t\t\t<div class=\"elementor-widget-container\">\n\t\t\t\t\t<a href=\"https:\/\/turismocuzcurrita.com\/fr\/maison-dhotes-el-botero\/\" class=\"elementor-cta\">\n\t\t\t\t\t<div class=\"elementor-cta__bg-wrapper\">\n\t\t\t\t<div class=\"elementor-cta__bg elementor-bg\" style=\"background-image: url(https:\/\/turismocuzcurrita.com\/wp-content\/uploads\/2021\/05\/Hostal_El_Botero_2-rhVWL3gs-1024x683.jpg);\"><\/div>\n\t\t\t\t<div class=\"elementor-cta__bg-overlay\"><\/div>\n\t\t\t<\/div>\n\t\t\t\t\t\t\t<div class=\"elementor-cta__content\">\n\t\t\t\t\n\t\t\t\t\t\t\t\t\t<h2 class=\"elementor-cta__title elementor-cta__content-item elementor-content-item elementor-animated-item--fade-in\">\n\t\t\t\t\t\tMaison D\u2019h\u00f4tes El Botero\t\t\t\t\t<\/h2>\n\t\t\t\t\n\t\t\t\t\n\t\t\t\t\t\t\t<\/div>\n\t\t\t\t\t\t<\/a>\n\t\t\t\t<\/div>\n\t\t\t\t<\/div>\n\t\t\t\t<div class=\"elementor-element elementor-element-edaa0ad elementor-cta--skin-cover elementor-cta--sequenced-animation elementor-animated-content elementor-bg-transform elementor-bg-transform-zoom-in elementor-widget elementor-widget-call-to-action\" data-id=\"edaa0ad\" data-element_type=\"widget\" data-widget_type=\"call-to-action.default\">\n\t\t\t\t<div class=\"elementor-widget-container\">\n\t\t\t\t\t<a href=\"https:\/\/turismocuzcurrita.com\/fr\/el-sitio-de-carmelo-fr\/\" class=\"elementor-cta\">\n\t\t\t\t\t<div class=\"elementor-cta__bg-wrapper\">\n\t\t\t\t<div class=\"elementor-cta__bg elementor-bg\" style=\"background-image: url(https:\/\/turismocuzcurrita.com\/wp-content\/uploads\/2022\/02\/El-sitio-de-Carmelo-2-1024x683.jpg);\"><\/div>\n\t\t\t\t<div class=\"elementor-cta__bg-overlay\"><\/div>\n\t\t\t<\/div>\n\t\t\t\t\t\t\t<div class=\"elementor-cta__content\">\n\t\t\t\t\n\t\t\t\t\t\t\t\t\t<h2 class=\"elementor-cta__title elementor-cta__content-item elementor-content-item elementor-animated-item--fade-in\">\n\t\t\t\t\t\tEl sitio de Carmelo\t\t\t\t\t<\/h2>\n\t\t\t\t\n\t\t\t\t\n\t\t\t\t\t\t\t<\/div>\n\t\t\t\t\t\t<\/a>\n\t\t\t\t<\/div>\n\t\t\t\t<\/div>\n\t\t\t\t\t<\/div>\n\t\t<\/div>\n\t\t\t\t\t\t\t<\/div>\n\t\t<\/section>\n\t\t\t\t<section class=\"elementor-section elementor-top-section elementor-element elementor-element-49623ab elementor-hidden-desktop elementor-hidden-tablet elementor-section-boxed elementor-section-height-default elementor-section-height-default\" data-id=\"49623ab\" data-element_type=\"section\">\n\t\t\t\t\t\t<div class=\"elementor-container elementor-column-gap-default\">\n\t\t\t\t\t<div class=\"elementor-column elementor-col-100 elementor-top-column elementor-element elementor-element-a6275f3\" data-id=\"a6275f3\" data-element_type=\"column\">\n\t\t\t<div class=\"elementor-widget-wrap elementor-element-populated\">\n\t\t\t\t\t\t\t\t<div class=\"elementor-element elementor-element-90a710f elementor-widget elementor-widget-spacer\" data-id=\"90a710f\" data-element_type=\"widget\" data-widget_type=\"spacer.default\">\n\t\t\t\t<div class=\"elementor-widget-container\">\n\t\t\t\t\t<div class=\"elementor-spacer\">\n\t\t\t<div class=\"elementor-spacer-inner\"><\/div>\n\t\t<\/div>\n\t\t\t\t<\/div>\n\t\t\t\t<\/div>\n\t\t\t\t\t<\/div>\n\t\t<\/div>\n\t\t\t\t\t\t\t<\/div>\n\t\t<\/section>\n\t\t\t\t\t\t<\/div>\n\t\t\t\t\t<\/div>\n\t\t","protected":false},"excerpt":{"rendered":"<p>H\u00e9bergement touristique Appartements touristiques, g\u00eetes ruraux, maisons d\u2019h\u00f4tes et h\u00f4tels&#8230; \u00c0 Cuzcurrita de r\u00edo Tir\u00f3n vous disposez d\u2019une offre vari\u00e9e d\u2019h\u00e9bergements en fonction de vos pr\u00e9f\u00e9rences.<span class=\"excerpt-hellip\"> [\u2026]<\/span><\/p>\n","protected":false},"author":1,"featured_media":0,"parent":0,"menu_order":0,"comment_status":"closed","ping_status":"closed","template":"","meta":{"footnotes":""},"class_list":["post-3186","page","type-page","status-publish","hentry"],"yoast_head":"<!-- This site is optimized with the Yoast SEO plugin v24.9 - https:\/\/yoast.com\/wordpress\/plugins\/seo\/ -->\n<title>H\u00e9bergement touristique - Turismo Cuzcurrita<\/title>\n<meta name=\"description\" content=\"Appartements touristiques, g\u00eetes ruraux, maisons d\u2019h\u00f4tes et h\u00f4tels\u2026 \u00c0 Cuzcurrita de r\u00edo Tir\u00f3n vous disposez d\u2019une offre vari\u00e9e d\u2019h\u00e9bergements en fonction de vos pr\u00e9f\u00e9rences.\" \/>\n<meta name=\"robots\" content=\"index, follow, max-snippet:-1, max-image-preview:large, max-video-preview:-1\" \/>\n<link rel=\"canonical\" href=\"https:\/\/turismocuzcurrita.com\/fr\/hebergement-touristique\/\" \/>\n<meta property=\"og:locale\" content=\"fr_FR\" \/>\n<meta property=\"og:type\" content=\"article\" \/>\n<meta property=\"og:title\" content=\"H\u00e9bergement touristique - Turismo Cuzcurrita\" \/>\n<meta property=\"og:description\" content=\"Appartements touristiques, g\u00eetes ruraux, maisons d\u2019h\u00f4tes et h\u00f4tels\u2026 \u00c0 Cuzcurrita de r\u00edo Tir\u00f3n vous disposez d\u2019une offre vari\u00e9e d\u2019h\u00e9bergements en fonction de vos pr\u00e9f\u00e9rences.\" \/>\n<meta property=\"og:url\" content=\"https:\/\/turismocuzcurrita.com\/fr\/hebergement-touristique\/\" \/>\n<meta property=\"og:site_name\" content=\"Turismo Cuzcurrita\" \/>\n<meta property=\"article:modified_time\" content=\"2024-03-15T16:24:17+00:00\" \/>\n<meta name=\"twitter:card\" content=\"summary_large_image\" \/>\n<meta name=\"twitter:label1\" content=\"Dur\u00e9e de lecture estim\u00e9e\" \/>\n\t<meta name=\"twitter:data1\" content=\"1 minute\" \/>\n<script type=\"application\/ld+json\" class=\"yoast-schema-graph\">{\"@context\":\"https:\/\/schema.org\",\"@graph\":[{\"@type\":\"WebPage\",\"@id\":\"https:\/\/turismocuzcurrita.com\/fr\/hebergement-touristique\/\",\"url\":\"https:\/\/turismocuzcurrita.com\/fr\/hebergement-touristique\/\",\"name\":\"H\u00e9bergement touristique - Turismo Cuzcurrita\",\"isPartOf\":{\"@id\":\"https:\/\/turismocuzcurrita.com\/#website\"},\"datePublished\":\"2021-07-22T15:13:56+00:00\",\"dateModified\":\"2024-03-15T16:24:17+00:00\",\"description\":\"Appartements touristiques, g\u00eetes ruraux, maisons d\u2019h\u00f4tes et h\u00f4tels\u2026 \u00c0 Cuzcurrita de r\u00edo Tir\u00f3n vous disposez d\u2019une offre vari\u00e9e d\u2019h\u00e9bergements en fonction de vos pr\u00e9f\u00e9rences.\",\"breadcrumb\":{\"@id\":\"https:\/\/turismocuzcurrita.com\/fr\/hebergement-touristique\/#breadcrumb\"},\"inLanguage\":\"fr-FR\",\"potentialAction\":[{\"@type\":\"ReadAction\",\"target\":[\"https:\/\/turismocuzcurrita.com\/fr\/hebergement-touristique\/\"]}]},{\"@type\":\"BreadcrumbList\",\"@id\":\"https:\/\/turismocuzcurrita.com\/fr\/hebergement-touristique\/#breadcrumb\",\"itemListElement\":[{\"@type\":\"ListItem\",\"position\":1,\"name\":\"Portada\",\"item\":\"https:\/\/turismocuzcurrita.com\/\"},{\"@type\":\"ListItem\",\"position\":2,\"name\":\"H\u00e9bergement touristique\"}]},{\"@type\":\"WebSite\",\"@id\":\"https:\/\/turismocuzcurrita.com\/#website\",\"url\":\"https:\/\/turismocuzcurrita.com\/\",\"name\":\"Turismo Cuzcurrita\",\"description\":\"Patrimonio, enoturismo, naturaleza, gastronom\u00eda, tranquilidad.\",\"publisher\":{\"@id\":\"https:\/\/turismocuzcurrita.com\/#organization\"},\"potentialAction\":[{\"@type\":\"SearchAction\",\"target\":{\"@type\":\"EntryPoint\",\"urlTemplate\":\"https:\/\/turismocuzcurrita.com\/?s={search_term_string}\"},\"query-input\":{\"@type\":\"PropertyValueSpecification\",\"valueRequired\":true,\"valueName\":\"search_term_string\"}}],\"inLanguage\":\"fr-FR\"},{\"@type\":\"Organization\",\"@id\":\"https:\/\/turismocuzcurrita.com\/#organization\",\"name\":\"Turismo Cuzcurrita\",\"url\":\"https:\/\/turismocuzcurrita.com\/\",\"logo\":{\"@type\":\"ImageObject\",\"inLanguage\":\"fr-FR\",\"@id\":\"https:\/\/turismocuzcurrita.com\/#\/schema\/logo\/image\/\",\"url\":\"http:\/\/turismocuzcurrita.com\/wp-content\/uploads\/2021\/05\/Untitled.png\",\"contentUrl\":\"http:\/\/turismocuzcurrita.com\/wp-content\/uploads\/2021\/05\/Untitled.png\",\"width\":59,\"height\":69,\"caption\":\"Turismo Cuzcurrita\"},\"image\":{\"@id\":\"https:\/\/turismocuzcurrita.com\/#\/schema\/logo\/image\/\"}}]}<\/script>\n<!-- \/ Yoast SEO plugin. -->","yoast_head_json":{"title":"H\u00e9bergement touristique - Turismo Cuzcurrita","description":"Appartements touristiques, g\u00eetes ruraux, maisons d\u2019h\u00f4tes et h\u00f4tels\u2026 \u00c0 Cuzcurrita de r\u00edo Tir\u00f3n vous disposez d\u2019une offre vari\u00e9e d\u2019h\u00e9bergements en fonction de vos pr\u00e9f\u00e9rences.","robots":{"index":"index","follow":"follow","max-snippet":"max-snippet:-1","max-image-preview":"max-image-preview:large","max-video-preview":"max-video-preview:-1"},"canonical":"https:\/\/turismocuzcurrita.com\/fr\/hebergement-touristique\/","og_locale":"fr_FR","og_type":"article","og_title":"H\u00e9bergement touristique - Turismo Cuzcurrita","og_description":"Appartements touristiques, g\u00eetes ruraux, maisons d\u2019h\u00f4tes et h\u00f4tels\u2026 \u00c0 Cuzcurrita de r\u00edo Tir\u00f3n vous disposez d\u2019une offre vari\u00e9e d\u2019h\u00e9bergements en fonction de vos pr\u00e9f\u00e9rences.","og_url":"https:\/\/turismocuzcurrita.com\/fr\/hebergement-touristique\/","og_site_name":"Turismo Cuzcurrita","article_modified_time":"2024-03-15T16:24:17+00:00","twitter_card":"summary_large_image","twitter_misc":{"Dur\u00e9e de lecture estim\u00e9e":"1 minute"},"schema":{"@context":"https:\/\/schema.org","@graph":[{"@type":"WebPage","@id":"https:\/\/turismocuzcurrita.com\/fr\/hebergement-touristique\/","url":"https:\/\/turismocuzcurrita.com\/fr\/hebergement-touristique\/","name":"H\u00e9bergement touristique - Turismo Cuzcurrita","isPartOf":{"@id":"https:\/\/turismocuzcurrita.com\/#website"},"datePublished":"2021-07-22T15:13:56+00:00","dateModified":"2024-03-15T16:24:17+00:00","description":"Appartements touristiques, g\u00eetes ruraux, maisons d\u2019h\u00f4tes et h\u00f4tels\u2026 \u00c0 Cuzcurrita de r\u00edo Tir\u00f3n vous disposez d\u2019une offre vari\u00e9e d\u2019h\u00e9bergements en fonction de vos pr\u00e9f\u00e9rences.","breadcrumb":{"@id":"https:\/\/turismocuzcurrita.com\/fr\/hebergement-touristique\/#breadcrumb"},"inLanguage":"fr-FR","potentialAction":[{"@type":"ReadAction","target":["https:\/\/turismocuzcurrita.com\/fr\/hebergement-touristique\/"]}]},{"@type":"BreadcrumbList","@id":"https:\/\/turismocuzcurrita.com\/fr\/hebergement-touristique\/#breadcrumb","itemListElement":[{"@type":"ListItem","position":1,"name":"Portada","item":"https:\/\/turismocuzcurrita.com\/"},{"@type":"ListItem","position":2,"name":"H\u00e9bergement touristique"}]},{"@type":"WebSite","@id":"https:\/\/turismocuzcurrita.com\/#website","url":"https:\/\/turismocuzcurrita.com\/","name":"Turismo Cuzcurrita","description":"Patrimonio, enoturismo, naturaleza, gastronom\u00eda, tranquilidad.","publisher":{"@id":"https:\/\/turismocuzcurrita.com\/#organization"},"potentialAction":[{"@type":"SearchAction","target":{"@type":"EntryPoint","urlTemplate":"https:\/\/turismocuzcurrita.com\/?s={search_term_string}"},"query-input":{"@type":"PropertyValueSpecification","valueRequired":true,"valueName":"search_term_string"}}],"inLanguage":"fr-FR"},{"@type":"Organization","@id":"https:\/\/turismocuzcurrita.com\/#organization","name":"Turismo Cuzcurrita","url":"https:\/\/turismocuzcurrita.com\/","logo":{"@type":"ImageObject","inLanguage":"fr-FR","@id":"https:\/\/turismocuzcurrita.com\/#\/schema\/logo\/image\/","url":"http:\/\/turismocuzcurrita.com\/wp-content\/uploads\/2021\/05\/Untitled.png","contentUrl":"http:\/\/turismocuzcurrita.com\/wp-content\/uploads\/2021\/05\/Untitled.png","width":59,"height":69,"caption":"Turismo Cuzcurrita"},"image":{"@id":"https:\/\/turismocuzcurrita.com\/#\/schema\/logo\/image\/"}}]}},"_links":{"self":[{"href":"https:\/\/turismocuzcurrita.com\/fr\/wp-json\/wp\/v2\/pages\/3186","targetHints":{"allow":["GET"]}}],"collection":[{"href":"https:\/\/turismocuzcurrita.com\/fr\/wp-json\/wp\/v2\/pages"}],"about":[{"href":"https:\/\/turismocuzcurrita.com\/fr\/wp-json\/wp\/v2\/types\/page"}],"author":[{"embeddable":true,"href":"https:\/\/turismocuzcurrita.com\/fr\/wp-json\/wp\/v2\/users\/1"}],"replies":[{"embeddable":true,"href":"https:\/\/turismocuzcurrita.com\/fr\/wp-json\/wp\/v2\/comments?post=3186"}],"version-history":[{"count":38,"href":"https:\/\/turismocuzcurrita.com\/fr\/wp-json\/wp\/v2\/pages\/3186\/revisions"}],"predecessor-version":[{"id":5864,"href":"https:\/\/turismocuzcurrita.com\/fr\/wp-json\/wp\/v2\/pages\/3186\/revisions\/5864"}],"wp:attachment":[{"href":"https:\/\/turismocuzcurrita.com\/fr\/wp-json\/wp\/v2\/media?parent=3186"}],"curies":[{"name":"wp","href":"https:\/\/api.w.org\/{rel}","templated":true}]}}