{"id":3057,"date":"2021-07-22T13:51:25","date_gmt":"2021-07-22T13:51:25","guid":{"rendered":"https:\/\/turismocuzcurrita.com\/?page_id=3057"},"modified":"2021-08-24T19:28:35","modified_gmt":"2021-08-24T19:28:35","slug":"caves","status":"publish","type":"page","link":"https:\/\/turismocuzcurrita.com\/fr\/caves\/","title":{"rendered":"CAVES"},"content":{"rendered":"\t\t<div data-elementor-type=\"wp-page\" data-elementor-id=\"3057\" class=\"elementor elementor-3057\" data-elementor-settings=\"[]\">\n\t\t\t\t\t\t\t<div class=\"elementor-section-wrap\">\n\t\t\t\t\t\t\t<section class=\"elementor-section elementor-top-section elementor-element elementor-element-db42fa4 elementor-section-boxed elementor-section-height-default elementor-section-height-default\" data-id=\"db42fa4\" data-element_type=\"section\">\n\t\t\t\t\t\t<div class=\"elementor-container elementor-column-gap-default\">\n\t\t\t\t\t<div class=\"elementor-column elementor-col-100 elementor-top-column elementor-element elementor-element-0a95ee4\" data-id=\"0a95ee4\" data-element_type=\"column\">\n\t\t\t<div class=\"elementor-widget-wrap elementor-element-populated\">\n\t\t\t\t\t\t\t\t<div class=\"elementor-element elementor-element-783c368 elementor-widget elementor-widget-heading\" data-id=\"783c368\" data-element_type=\"widget\" data-widget_type=\"heading.default\">\n\t\t\t\t<div class=\"elementor-widget-container\">\n\t\t\t<h2 class=\"elementor-heading-title elementor-size-default\">Caves<\/h2>\t\t<\/div>\n\t\t\t\t<\/div>\n\t\t\t\t<div class=\"elementor-element elementor-element-0f9840b elementor-widget elementor-widget-text-editor\" data-id=\"0f9840b\" data-element_type=\"widget\" data-widget_type=\"text-editor.default\">\n\t\t\t\t<div class=\"elementor-widget-container\">\n\t\t\t\t\t\t\t\t<p class=\"font_3\"><span style=\"font-weight: 400;\">\u00c0 Cuzcurrita de r\u00edo Tir\u00f3n vous pourrez vivre une exp\u00e9rience oenotouristique int\u00e9grale: parcourir le vignoble, visiter divers types de caves, conna\u00eetre le proc\u00e9d\u00e9 d\u2019\u00e9laboration du vin de A \u00e0 Z, go\u00fbter\u2026et acqu\u00e9rir vos vins favoris.<\/span><\/p>\t\t\t\t\t\t<\/div>\n\t\t\t\t<\/div>\n\t\t\t\t\t<\/div>\n\t\t<\/div>\n\t\t\t\t\t\t\t<\/div>\n\t\t<\/section>\n\t\t\t\t<section class=\"elementor-section elementor-top-section elementor-element elementor-element-0f4896e elementor-section-boxed elementor-section-height-default elementor-section-height-default\" data-id=\"0f4896e\" data-element_type=\"section\">\n\t\t\t\t\t\t<div class=\"elementor-container elementor-column-gap-default\">\n\t\t\t\t\t<div class=\"elementor-column elementor-col-50 elementor-top-column elementor-element elementor-element-7e9ffe6\" data-id=\"7e9ffe6\" data-element_type=\"column\">\n\t\t\t<div class=\"elementor-widget-wrap elementor-element-populated\">\n\t\t\t\t\t\t\t\t<div class=\"elementor-element elementor-element-582ecd6 elementor-cta--skin-cover elementor-cta--sequenced-animation elementor-animated-content elementor-bg-transform elementor-bg-transform-zoom-in elementor-widget elementor-widget-call-to-action\" data-id=\"582ecd6\" data-element_type=\"widget\" data-widget_type=\"call-to-action.default\">\n\t\t\t\t<div class=\"elementor-widget-container\">\n\t\t\t\t\t<a href=\"https:\/\/turismocuzcurrita.com\/fr\/cave-berta-valganon\/\" class=\"elementor-cta\">\n\t\t\t\t\t<div class=\"elementor-cta__bg-wrapper\">\n\t\t\t\t<div class=\"elementor-cta__bg elementor-bg\" style=\"background-image: url(https:\/\/turismocuzcurrita.com\/wp-content\/uploads\/2021\/05\/Bodegas-Pretium-2-com-1-1024x683.jpg);\"><\/div>\n\t\t\t\t<div class=\"elementor-cta__bg-overlay\"><\/div>\n\t\t\t<\/div>\n\t\t\t\t\t\t\t<div class=\"elementor-cta__content\">\n\t\t\t\t\n\t\t\t\t\t\t\t\t\t<h2 class=\"elementor-cta__title elementor-cta__content-item elementor-content-item elementor-animated-item--fade-in\">\n\t\t\t\t\t\tCave Berta Valga\u00f1on\t\t\t\t\t<\/h2>\n\t\t\t\t\n\t\t\t\t\n\t\t\t\t\t\t\t<\/div>\n\t\t\t\t\t\t<\/a>\n\t\t\t\t<\/div>\n\t\t\t\t<\/div>\n\t\t\t\t<div class=\"elementor-element elementor-element-68bf69b elementor-cta--skin-cover elementor-cta--sequenced-animation elementor-animated-content elementor-bg-transform elementor-bg-transform-zoom-in elementor-widget elementor-widget-call-to-action\" data-id=\"68bf69b\" data-element_type=\"widget\" data-widget_type=\"call-to-action.default\">\n\t\t\t\t<div class=\"elementor-widget-container\">\n\t\t\t\t\t<a href=\"https:\/\/turismocuzcurrita.com\/fr\/cave-castillo-de-cuzcurrita\/\" class=\"elementor-cta\">\n\t\t\t\t\t<div class=\"elementor-cta__bg-wrapper\">\n\t\t\t\t<div class=\"elementor-cta__bg elementor-bg\" style=\"background-image: url(https:\/\/turismocuzcurrita.com\/wp-content\/uploads\/2021\/05\/castillo_6-AkDML3gs.jpg);\"><\/div>\n\t\t\t\t<div class=\"elementor-cta__bg-overlay\"><\/div>\n\t\t\t<\/div>\n\t\t\t\t\t\t\t<div class=\"elementor-cta__content\">\n\t\t\t\t\n\t\t\t\t\t\t\t\t\t<h2 class=\"elementor-cta__title elementor-cta__content-item elementor-content-item elementor-animated-item--fade-in\">\n\t\t\t\t\t\tCave Castillo de Cuzcurrita\t\t\t\t\t<\/h2>\n\t\t\t\t\n\t\t\t\t\n\t\t\t\t\t\t\t<\/div>\n\t\t\t\t\t\t<\/a>\n\t\t\t\t<\/div>\n\t\t\t\t<\/div>\n\t\t\t\t<div class=\"elementor-element elementor-element-3e32eff elementor-cta--skin-cover elementor-cta--sequenced-animation elementor-animated-content elementor-bg-transform elementor-bg-transform-zoom-in elementor-widget elementor-widget-call-to-action\" data-id=\"3e32eff\" data-element_type=\"widget\" data-widget_type=\"call-to-action.default\">\n\t\t\t\t<div class=\"elementor-widget-container\">\n\t\t\t\t\t<a href=\"https:\/\/turismocuzcurrita.com\/fr\/cave-taron\/\" class=\"elementor-cta\">\n\t\t\t\t\t<div class=\"elementor-cta__bg-wrapper\">\n\t\t\t\t<div class=\"elementor-cta__bg elementor-bg\" style=\"background-image: url(https:\/\/turismocuzcurrita.com\/wp-content\/uploads\/2021\/05\/BODEGAS_TARON_0_F1-gbClL3gs-com-1.jpg);\"><\/div>\n\t\t\t\t<div class=\"elementor-cta__bg-overlay\"><\/div>\n\t\t\t<\/div>\n\t\t\t\t\t\t\t<div class=\"elementor-cta__content\">\n\t\t\t\t\n\t\t\t\t\t\t\t\t\t<h2 class=\"elementor-cta__title elementor-cta__content-item elementor-content-item elementor-animated-item--fade-in\">\n\t\t\t\t\t\tCaves Tar\u00f3n\t\t\t\t\t<\/h2>\n\t\t\t\t\n\t\t\t\t\n\t\t\t\t\t\t\t<\/div>\n\t\t\t\t\t\t<\/a>\n\t\t\t\t<\/div>\n\t\t\t\t<\/div>\n\t\t\t\t<div class=\"elementor-element elementor-element-193fc7a elementor-cta--skin-cover elementor-cta--sequenced-animation elementor-animated-content elementor-bg-transform elementor-bg-transform-zoom-in elementor-widget elementor-widget-call-to-action\" data-id=\"193fc7a\" data-element_type=\"widget\" data-widget_type=\"call-to-action.default\">\n\t\t\t\t<div class=\"elementor-widget-container\">\n\t\t\t\t\t<a href=\"https:\/\/turismocuzcurrita.com\/fr\/caves-urbina\/\" class=\"elementor-cta\">\n\t\t\t\t\t<div class=\"elementor-cta__bg-wrapper\">\n\t\t\t\t<div class=\"elementor-cta__bg elementor-bg\" style=\"background-image: url(https:\/\/turismocuzcurrita.com\/wp-content\/uploads\/2021\/05\/Bodegas_Urbina_2-WBfxL3gs-1024x683.jpg);\"><\/div>\n\t\t\t\t<div class=\"elementor-cta__bg-overlay\"><\/div>\n\t\t\t<\/div>\n\t\t\t\t\t\t\t<div class=\"elementor-cta__content\">\n\t\t\t\t\n\t\t\t\t\t\t\t\t\t<h2 class=\"elementor-cta__title elementor-cta__content-item elementor-content-item elementor-animated-item--fade-in\">\n\t\t\t\t\t\tCaves Urbina\t\t\t\t\t<\/h2>\n\t\t\t\t\n\t\t\t\t\n\t\t\t\t\t\t\t<\/div>\n\t\t\t\t\t\t<\/a>\n\t\t\t\t<\/div>\n\t\t\t\t<\/div>\n\t\t\t\t<div class=\"elementor-element elementor-element-a126909 elementor-hidden-phone elementor-widget elementor-widget-spacer\" data-id=\"a126909\" data-element_type=\"widget\" data-widget_type=\"spacer.default\">\n\t\t\t\t<div class=\"elementor-widget-container\">\n\t\t\t\t\t<div class=\"elementor-spacer\">\n\t\t\t<div class=\"elementor-spacer-inner\"><\/div>\n\t\t<\/div>\n\t\t\t\t<\/div>\n\t\t\t\t<\/div>\n\t\t\t\t\t<\/div>\n\t\t<\/div>\n\t\t\t\t<div class=\"elementor-column elementor-col-50 elementor-top-column elementor-element elementor-element-9d6e53d\" data-id=\"9d6e53d\" data-element_type=\"column\">\n\t\t\t<div class=\"elementor-widget-wrap elementor-element-populated\">\n\t\t\t\t\t\t\t\t<div class=\"elementor-element elementor-element-3e2f4d8 elementor-cta--skin-cover elementor-cta--sequenced-animation elementor-animated-content elementor-bg-transform elementor-bg-transform-zoom-in elementor-widget elementor-widget-call-to-action\" data-id=\"3e2f4d8\" data-element_type=\"widget\" data-widget_type=\"call-to-action.default\">\n\t\t\t\t<div class=\"elementor-widget-container\">\n\t\t\t\t\t<a href=\"https:\/\/turismocuzcurrita.com\/fr\/cave-bohedal\/\" class=\"elementor-cta\">\n\t\t\t\t\t<div class=\"elementor-cta__bg-wrapper\">\n\t\t\t\t<div class=\"elementor-cta__bg elementor-bg\" style=\"background-image: url(https:\/\/turismocuzcurrita.com\/wp-content\/uploads\/2021\/05\/Bodegas-Bohedal-1-com-1-1024x683.jpg);\"><\/div>\n\t\t\t\t<div class=\"elementor-cta__bg-overlay\"><\/div>\n\t\t\t<\/div>\n\t\t\t\t\t\t\t<div class=\"elementor-cta__content\">\n\t\t\t\t\n\t\t\t\t\t\t\t\t\t<h2 class=\"elementor-cta__title elementor-cta__content-item elementor-content-item elementor-animated-item--fade-in\">\n\t\t\t\t\t\tCave Bohedal\t\t\t\t\t<\/h2>\n\t\t\t\t\n\t\t\t\t\n\t\t\t\t\t\t\t<\/div>\n\t\t\t\t\t\t<\/a>\n\t\t\t\t<\/div>\n\t\t\t\t<\/div>\n\t\t\t\t<div class=\"elementor-element elementor-element-1e4ffd4 elementor-cta--skin-cover elementor-cta--sequenced-animation elementor-animated-content elementor-bg-transform elementor-bg-transform-zoom-in elementor-widget elementor-widget-call-to-action\" data-id=\"1e4ffd4\" data-element_type=\"widget\" data-widget_type=\"call-to-action.default\">\n\t\t\t\t<div class=\"elementor-widget-container\">\n\t\t\t\t\t<a href=\"https:\/\/turismocuzcurrita.com\/fr\/cave-heredad-martinez-castillo\/\" class=\"elementor-cta\">\n\t\t\t\t\t<div class=\"elementor-cta__bg-wrapper\">\n\t\t\t\t<div class=\"elementor-cta__bg elementor-bg\" style=\"background-image: url(https:\/\/turismocuzcurrita.com\/wp-content\/uploads\/2021\/05\/heredad-com-1-1024x1024.jpg);\"><\/div>\n\t\t\t\t<div class=\"elementor-cta__bg-overlay\"><\/div>\n\t\t\t<\/div>\n\t\t\t\t\t\t\t<div class=\"elementor-cta__content\">\n\t\t\t\t\n\t\t\t\t\t\t\t\t\t<h2 class=\"elementor-cta__title elementor-cta__content-item elementor-content-item elementor-animated-item--fade-in\">\n\t\t\t\t\t\tCave Heredad Martinez Castillo\t\t\t\t\t<\/h2>\n\t\t\t\t\n\t\t\t\t\n\t\t\t\t\t\t\t<\/div>\n\t\t\t\t\t\t<\/a>\n\t\t\t\t<\/div>\n\t\t\t\t<\/div>\n\t\t\t\t<div class=\"elementor-element elementor-element-547a291 elementor-cta--skin-cover elementor-cta--sequenced-animation elementor-animated-content elementor-bg-transform elementor-bg-transform-zoom-in elementor-widget elementor-widget-call-to-action\" data-id=\"547a291\" data-element_type=\"widget\" data-widget_type=\"call-to-action.default\">\n\t\t\t\t<div class=\"elementor-widget-container\">\n\t\t\t\t\t<a href=\"https:\/\/turismocuzcurrita.com\/fr\/caves-tobia\/\" class=\"elementor-cta\">\n\t\t\t\t\t<div class=\"elementor-cta__bg-wrapper\">\n\t\t\t\t<div class=\"elementor-cta__bg elementor-bg\" style=\"background-image: url(https:\/\/turismocuzcurrita.com\/wp-content\/uploads\/2021\/05\/Bodegas_Tobia_3-EiQvL3gs-1-1024x683.jpg);\"><\/div>\n\t\t\t\t<div class=\"elementor-cta__bg-overlay\"><\/div>\n\t\t\t<\/div>\n\t\t\t\t\t\t\t<div class=\"elementor-cta__content\">\n\t\t\t\t\n\t\t\t\t\t\t\t\t\t<h2 class=\"elementor-cta__title elementor-cta__content-item elementor-content-item elementor-animated-item--fade-in\">\n\t\t\t\t\t\tCaves Tob\u00eda\t\t\t\t\t<\/h2>\n\t\t\t\t\n\t\t\t\t\n\t\t\t\t\t\t\t<\/div>\n\t\t\t\t\t\t<\/a>\n\t\t\t\t<\/div>\n\t\t\t\t<\/div>\n\t\t\t\t<div class=\"elementor-element elementor-element-bebe635 elementor-cta--skin-cover elementor-cta--sequenced-animation elementor-animated-content elementor-bg-transform elementor-bg-transform-zoom-in elementor-widget elementor-widget-call-to-action\" data-id=\"bebe635\" data-element_type=\"widget\" data-widget_type=\"call-to-action.default\">\n\t\t\t\t<div class=\"elementor-widget-container\">\n\t\t\t\t\t<a href=\"https:\/\/turismocuzcurrita.com\/fr\/la-cave-del-tesoro-du-tresor\/\" class=\"elementor-cta\">\n\t\t\t\t\t<div class=\"elementor-cta__bg-wrapper\">\n\t\t\t\t<div class=\"elementor-cta__bg elementor-bg\" style=\"background-image: url(https:\/\/turismocuzcurrita.com\/wp-content\/uploads\/2021\/05\/5be367_01869288794346208ac9b17f89e287e0_mv2.jpg);\"><\/div>\n\t\t\t\t<div class=\"elementor-cta__bg-overlay\"><\/div>\n\t\t\t<\/div>\n\t\t\t\t\t\t\t<div class=\"elementor-cta__content\">\n\t\t\t\t\n\t\t\t\t\t\t\t\t\t<h2 class=\"elementor-cta__title elementor-cta__content-item elementor-content-item elementor-animated-item--fade-in\">\n\t\t\t\t\t\tLa Cave del Tesoro (Du Tr\u00e9sor)\t\t\t\t\t<\/h2>\n\t\t\t\t\n\t\t\t\t\n\t\t\t\t\t\t\t<\/div>\n\t\t\t\t\t\t<\/a>\n\t\t\t\t<\/div>\n\t\t\t\t<\/div>\n\t\t\t\t\t<\/div>\n\t\t<\/div>\n\t\t\t\t\t\t\t<\/div>\n\t\t<\/section>\n\t\t\t\t<section class=\"elementor-section elementor-top-section elementor-element elementor-element-df5c82e elementor-hidden-desktop elementor-hidden-tablet elementor-section-boxed elementor-section-height-default elementor-section-height-default\" data-id=\"df5c82e\" data-element_type=\"section\">\n\t\t\t\t\t\t<div class=\"elementor-container elementor-column-gap-default\">\n\t\t\t\t\t<div class=\"elementor-column elementor-col-100 elementor-top-column elementor-element elementor-element-8c8367b\" data-id=\"8c8367b\" data-element_type=\"column\">\n\t\t\t<div class=\"elementor-widget-wrap elementor-element-populated\">\n\t\t\t\t\t\t\t\t<div class=\"elementor-element elementor-element-873687a elementor-widget elementor-widget-spacer\" data-id=\"873687a\" data-element_type=\"widget\" data-widget_type=\"spacer.default\">\n\t\t\t\t<div class=\"elementor-widget-container\">\n\t\t\t\t\t<div class=\"elementor-spacer\">\n\t\t\t<div class=\"elementor-spacer-inner\"><\/div>\n\t\t<\/div>\n\t\t\t\t<\/div>\n\t\t\t\t<\/div>\n\t\t\t\t\t<\/div>\n\t\t<\/div>\n\t\t\t\t\t\t\t<\/div>\n\t\t<\/section>\n\t\t\t\t\t\t<\/div>\n\t\t\t\t\t<\/div>\n\t\t","protected":false},"excerpt":{"rendered":"<p>Caves \u00c0 Cuzcurrita de r\u00edo Tir\u00f3n vous pourrez vivre une exp\u00e9rience oenotouristique int\u00e9grale: parcourir le vignoble, visiter divers types de caves, conna\u00eetre le proc\u00e9d\u00e9 d\u2019\u00e9laboration du<span class=\"excerpt-hellip\"> [\u2026]<\/span><\/p>\n","protected":false},"author":1,"featured_media":0,"parent":0,"menu_order":0,"comment_status":"closed","ping_status":"closed","template":"","meta":{"footnotes":""},"class_list":["post-3057","page","type-page","status-publish","hentry"],"yoast_head":"<!-- This site is optimized with the Yoast SEO plugin v24.9 - https:\/\/yoast.com\/wordpress\/plugins\/seo\/ -->\n<title>CAVES - Turismo Cuzcurrita<\/title>\n<meta name=\"description\" content=\"\u00c0 Cuzcurrita de r\u00edo Tir\u00f3n vous pourrez vivre une exp\u00e9rience oenotouristique int\u00e9grale: parcourir le vignoble, visiter divers types de caves, conna\u00eetre le proc\u00e9d\u00e9 d\u2019\u00e9laboration du vin de A \u00e0 Z, go\u00fbter\u2026et acqu\u00e9rir vos vins favoris.\" \/>\n<meta name=\"robots\" content=\"index, follow, max-snippet:-1, max-image-preview:large, max-video-preview:-1\" \/>\n<link rel=\"canonical\" href=\"https:\/\/turismocuzcurrita.com\/fr\/caves\/\" \/>\n<meta property=\"og:locale\" content=\"fr_FR\" \/>\n<meta property=\"og:type\" content=\"article\" \/>\n<meta property=\"og:title\" content=\"CAVES - Turismo Cuzcurrita\" \/>\n<meta property=\"og:description\" content=\"\u00c0 Cuzcurrita de r\u00edo Tir\u00f3n vous pourrez vivre une exp\u00e9rience oenotouristique int\u00e9grale: parcourir le vignoble, visiter divers types de caves, conna\u00eetre le proc\u00e9d\u00e9 d\u2019\u00e9laboration du vin de A \u00e0 Z, go\u00fbter\u2026et acqu\u00e9rir vos vins favoris.\" \/>\n<meta property=\"og:url\" content=\"https:\/\/turismocuzcurrita.com\/fr\/caves\/\" \/>\n<meta property=\"og:site_name\" content=\"Turismo Cuzcurrita\" \/>\n<meta property=\"article:modified_time\" content=\"2021-08-24T19:28:35+00:00\" \/>\n<meta name=\"twitter:card\" content=\"summary_large_image\" \/>\n<meta name=\"twitter:label1\" content=\"Dur\u00e9e de lecture estim\u00e9e\" \/>\n\t<meta name=\"twitter:data1\" content=\"1 minute\" \/>\n<script type=\"application\/ld+json\" class=\"yoast-schema-graph\">{\"@context\":\"https:\/\/schema.org\",\"@graph\":[{\"@type\":\"WebPage\",\"@id\":\"https:\/\/turismocuzcurrita.com\/fr\/caves\/\",\"url\":\"https:\/\/turismocuzcurrita.com\/fr\/caves\/\",\"name\":\"CAVES - Turismo Cuzcurrita\",\"isPartOf\":{\"@id\":\"https:\/\/turismocuzcurrita.com\/#website\"},\"datePublished\":\"2021-07-22T13:51:25+00:00\",\"dateModified\":\"2021-08-24T19:28:35+00:00\",\"description\":\"\u00c0 Cuzcurrita de r\u00edo Tir\u00f3n vous pourrez vivre une exp\u00e9rience oenotouristique int\u00e9grale: parcourir le vignoble, visiter divers types de caves, conna\u00eetre le proc\u00e9d\u00e9 d\u2019\u00e9laboration du vin de A \u00e0 Z, go\u00fbter\u2026et acqu\u00e9rir vos vins favoris.\",\"breadcrumb\":{\"@id\":\"https:\/\/turismocuzcurrita.com\/fr\/caves\/#breadcrumb\"},\"inLanguage\":\"fr-FR\",\"potentialAction\":[{\"@type\":\"ReadAction\",\"target\":[\"https:\/\/turismocuzcurrita.com\/fr\/caves\/\"]}]},{\"@type\":\"BreadcrumbList\",\"@id\":\"https:\/\/turismocuzcurrita.com\/fr\/caves\/#breadcrumb\",\"itemListElement\":[{\"@type\":\"ListItem\",\"position\":1,\"name\":\"Portada\",\"item\":\"https:\/\/turismocuzcurrita.com\/\"},{\"@type\":\"ListItem\",\"position\":2,\"name\":\"CAVES\"}]},{\"@type\":\"WebSite\",\"@id\":\"https:\/\/turismocuzcurrita.com\/#website\",\"url\":\"https:\/\/turismocuzcurrita.com\/\",\"name\":\"Turismo Cuzcurrita\",\"description\":\"Patrimonio, enoturismo, naturaleza, gastronom\u00eda, tranquilidad.\",\"publisher\":{\"@id\":\"https:\/\/turismocuzcurrita.com\/#organization\"},\"potentialAction\":[{\"@type\":\"SearchAction\",\"target\":{\"@type\":\"EntryPoint\",\"urlTemplate\":\"https:\/\/turismocuzcurrita.com\/?s={search_term_string}\"},\"query-input\":{\"@type\":\"PropertyValueSpecification\",\"valueRequired\":true,\"valueName\":\"search_term_string\"}}],\"inLanguage\":\"fr-FR\"},{\"@type\":\"Organization\",\"@id\":\"https:\/\/turismocuzcurrita.com\/#organization\",\"name\":\"Turismo Cuzcurrita\",\"url\":\"https:\/\/turismocuzcurrita.com\/\",\"logo\":{\"@type\":\"ImageObject\",\"inLanguage\":\"fr-FR\",\"@id\":\"https:\/\/turismocuzcurrita.com\/#\/schema\/logo\/image\/\",\"url\":\"http:\/\/turismocuzcurrita.com\/wp-content\/uploads\/2021\/05\/Untitled.png\",\"contentUrl\":\"http:\/\/turismocuzcurrita.com\/wp-content\/uploads\/2021\/05\/Untitled.png\",\"width\":59,\"height\":69,\"caption\":\"Turismo Cuzcurrita\"},\"image\":{\"@id\":\"https:\/\/turismocuzcurrita.com\/#\/schema\/logo\/image\/\"}}]}<\/script>\n<!-- \/ Yoast SEO plugin. -->","yoast_head_json":{"title":"CAVES - Turismo Cuzcurrita","description":"\u00c0 Cuzcurrita de r\u00edo Tir\u00f3n vous pourrez vivre une exp\u00e9rience oenotouristique int\u00e9grale: parcourir le vignoble, visiter divers types de caves, conna\u00eetre le proc\u00e9d\u00e9 d\u2019\u00e9laboration du vin de A \u00e0 Z, go\u00fbter\u2026et acqu\u00e9rir vos vins favoris.","robots":{"index":"index","follow":"follow","max-snippet":"max-snippet:-1","max-image-preview":"max-image-preview:large","max-video-preview":"max-video-preview:-1"},"canonical":"https:\/\/turismocuzcurrita.com\/fr\/caves\/","og_locale":"fr_FR","og_type":"article","og_title":"CAVES - Turismo Cuzcurrita","og_description":"\u00c0 Cuzcurrita de r\u00edo Tir\u00f3n vous pourrez vivre une exp\u00e9rience oenotouristique int\u00e9grale: parcourir le vignoble, visiter divers types de caves, conna\u00eetre le proc\u00e9d\u00e9 d\u2019\u00e9laboration du vin de A \u00e0 Z, go\u00fbter\u2026et acqu\u00e9rir vos vins favoris.","og_url":"https:\/\/turismocuzcurrita.com\/fr\/caves\/","og_site_name":"Turismo Cuzcurrita","article_modified_time":"2021-08-24T19:28:35+00:00","twitter_card":"summary_large_image","twitter_misc":{"Dur\u00e9e de lecture estim\u00e9e":"1 minute"},"schema":{"@context":"https:\/\/schema.org","@graph":[{"@type":"WebPage","@id":"https:\/\/turismocuzcurrita.com\/fr\/caves\/","url":"https:\/\/turismocuzcurrita.com\/fr\/caves\/","name":"CAVES - Turismo Cuzcurrita","isPartOf":{"@id":"https:\/\/turismocuzcurrita.com\/#website"},"datePublished":"2021-07-22T13:51:25+00:00","dateModified":"2021-08-24T19:28:35+00:00","description":"\u00c0 Cuzcurrita de r\u00edo Tir\u00f3n vous pourrez vivre une exp\u00e9rience oenotouristique int\u00e9grale: parcourir le vignoble, visiter divers types de caves, conna\u00eetre le proc\u00e9d\u00e9 d\u2019\u00e9laboration du vin de A \u00e0 Z, go\u00fbter\u2026et acqu\u00e9rir vos vins favoris.","breadcrumb":{"@id":"https:\/\/turismocuzcurrita.com\/fr\/caves\/#breadcrumb"},"inLanguage":"fr-FR","potentialAction":[{"@type":"ReadAction","target":["https:\/\/turismocuzcurrita.com\/fr\/caves\/"]}]},{"@type":"BreadcrumbList","@id":"https:\/\/turismocuzcurrita.com\/fr\/caves\/#breadcrumb","itemListElement":[{"@type":"ListItem","position":1,"name":"Portada","item":"https:\/\/turismocuzcurrita.com\/"},{"@type":"ListItem","position":2,"name":"CAVES"}]},{"@type":"WebSite","@id":"https:\/\/turismocuzcurrita.com\/#website","url":"https:\/\/turismocuzcurrita.com\/","name":"Turismo Cuzcurrita","description":"Patrimonio, enoturismo, naturaleza, gastronom\u00eda, tranquilidad.","publisher":{"@id":"https:\/\/turismocuzcurrita.com\/#organization"},"potentialAction":[{"@type":"SearchAction","target":{"@type":"EntryPoint","urlTemplate":"https:\/\/turismocuzcurrita.com\/?s={search_term_string}"},"query-input":{"@type":"PropertyValueSpecification","valueRequired":true,"valueName":"search_term_string"}}],"inLanguage":"fr-FR"},{"@type":"Organization","@id":"https:\/\/turismocuzcurrita.com\/#organization","name":"Turismo Cuzcurrita","url":"https:\/\/turismocuzcurrita.com\/","logo":{"@type":"ImageObject","inLanguage":"fr-FR","@id":"https:\/\/turismocuzcurrita.com\/#\/schema\/logo\/image\/","url":"http:\/\/turismocuzcurrita.com\/wp-content\/uploads\/2021\/05\/Untitled.png","contentUrl":"http:\/\/turismocuzcurrita.com\/wp-content\/uploads\/2021\/05\/Untitled.png","width":59,"height":69,"caption":"Turismo Cuzcurrita"},"image":{"@id":"https:\/\/turismocuzcurrita.com\/#\/schema\/logo\/image\/"}}]}},"_links":{"self":[{"href":"https:\/\/turismocuzcurrita.com\/fr\/wp-json\/wp\/v2\/pages\/3057","targetHints":{"allow":["GET"]}}],"collection":[{"href":"https:\/\/turismocuzcurrita.com\/fr\/wp-json\/wp\/v2\/pages"}],"about":[{"href":"https:\/\/turismocuzcurrita.com\/fr\/wp-json\/wp\/v2\/types\/page"}],"author":[{"embeddable":true,"href":"https:\/\/turismocuzcurrita.com\/fr\/wp-json\/wp\/v2\/users\/1"}],"replies":[{"embeddable":true,"href":"https:\/\/turismocuzcurrita.com\/fr\/wp-json\/wp\/v2\/comments?post=3057"}],"version-history":[{"count":32,"href":"https:\/\/turismocuzcurrita.com\/fr\/wp-json\/wp\/v2\/pages\/3057\/revisions"}],"predecessor-version":[{"id":3540,"href":"https:\/\/turismocuzcurrita.com\/fr\/wp-json\/wp\/v2\/pages\/3057\/revisions\/3540"}],"wp:attachment":[{"href":"https:\/\/turismocuzcurrita.com\/fr\/wp-json\/wp\/v2\/media?parent=3057"}],"curies":[{"name":"wp","href":"https:\/\/api.w.org\/{rel}","templated":true}]}}