{"id":3031,"date":"2021-07-21T14:52:02","date_gmt":"2021-07-21T14:52:02","guid":{"rendered":"https:\/\/turismocuzcurrita.com\/?page_id=3031"},"modified":"2021-08-24T19:30:25","modified_gmt":"2021-08-24T19:30:25","slug":"ermitage-de-tironcillo","status":"publish","type":"page","link":"https:\/\/turismocuzcurrita.com\/fr\/ermitage-de-tironcillo\/","title":{"rendered":"ERMITAGE DE TIRONCILLO"},"content":{"rendered":"\t\t<div data-elementor-type=\"wp-page\" data-elementor-id=\"3031\" class=\"elementor elementor-3031\" data-elementor-settings=\"[]\">\n\t\t\t\t\t\t\t<div class=\"elementor-section-wrap\">\n\t\t\t\t\t\t\t<section class=\"elementor-section elementor-top-section elementor-element elementor-element-f2fdc89 elementor-section-boxed elementor-section-height-default elementor-section-height-default\" data-id=\"f2fdc89\" data-element_type=\"section\">\n\t\t\t\t\t\t<div class=\"elementor-container elementor-column-gap-default\">\n\t\t\t\t\t<div class=\"elementor-column elementor-col-100 elementor-top-column elementor-element elementor-element-dd9f29d\" data-id=\"dd9f29d\" data-element_type=\"column\">\n\t\t\t<div class=\"elementor-widget-wrap elementor-element-populated\">\n\t\t\t\t\t\t\t\t<div class=\"elementor-element elementor-element-ac74328 elementor-widget elementor-widget-html\" data-id=\"ac74328\" data-element_type=\"widget\" data-widget_type=\"html.default\">\n\t\t\t\t<div class=\"elementor-widget-container\">\n\t\t\t<div>\n    <audio src='\/wp-content\/uploads\/2021\/07\/ERMITAGE-DE-TIRONCILLO-_9_.mp3' id='audio'><\/audio>\n    <div class='audio-container'>\n    <button id='player-button' class='player-button play'><\/button>\n    <span id='count'>00:00<\/span> \n    <span class='slash'>\/<\/span>\n    <span id='final_count'>04:07<\/span>\n    <\/div>\n    <\/div>\t\t<\/div>\n\t\t\t\t<\/div>\n\t\t\t\t<div class=\"elementor-element elementor-element-675237e elementor-widget elementor-widget-heading\" data-id=\"675237e\" data-element_type=\"widget\" data-widget_type=\"heading.default\">\n\t\t\t\t<div class=\"elementor-widget-container\">\n\t\t\t<h2 class=\"elementor-heading-title elementor-size-default\">Ermitage de Tironcillo<\/h2>\t\t<\/div>\n\t\t\t\t<\/div>\n\t\t\t\t<div class=\"elementor-element elementor-element-1614ad4 elementor-widget elementor-widget-heading\" data-id=\"1614ad4\" data-element_type=\"widget\" data-widget_type=\"heading.default\">\n\t\t\t\t<div class=\"elementor-widget-container\">\n\t\t\t<p class=\"elementor-heading-title elementor-size-default\">Depuis Cuzcurrita, en prenant la Rue Ric\u00f3n en direction de la localit\u00e9 voisine de Cihuri, se trouve l\u2019ermitage de Notre Dame de Tironcillo, \u00e0 une distance d\u2019environ 3 km depuis la Plaza Mayor.<\/p>\t\t<\/div>\n\t\t\t\t<\/div>\n\t\t\t\t\t<\/div>\n\t\t<\/div>\n\t\t\t\t\t\t\t<\/div>\n\t\t<\/section>\n\t\t\t\t<section class=\"elementor-section elementor-top-section elementor-element elementor-element-312e13e elementor-section-full_width elementor-section-height-min-height elementor-section-stretched elementor-section-height-default elementor-section-items-middle\" data-id=\"312e13e\" data-element_type=\"section\" data-settings=\"{&quot;stretch_section&quot;:&quot;section-stretched&quot;,&quot;background_background&quot;:&quot;classic&quot;}\">\n\t\t\t\t\t\t<div class=\"elementor-container elementor-column-gap-default\">\n\t\t\t\t\t<div class=\"elementor-column elementor-col-100 elementor-top-column elementor-element elementor-element-76297ca\" data-id=\"76297ca\" data-element_type=\"column\">\n\t\t\t<div class=\"elementor-widget-wrap\">\n\t\t\t\t\t\t\t\t\t<\/div>\n\t\t<\/div>\n\t\t\t\t\t\t\t<\/div>\n\t\t<\/section>\n\t\t\t\t<section class=\"elementor-section elementor-top-section elementor-element elementor-element-57a3eac elementor-section-boxed elementor-section-height-default elementor-section-height-default\" data-id=\"57a3eac\" data-element_type=\"section\">\n\t\t\t\t\t\t<div class=\"elementor-container elementor-column-gap-default\">\n\t\t\t\t\t<div class=\"elementor-column elementor-col-100 elementor-top-column elementor-element elementor-element-58bb868\" data-id=\"58bb868\" data-element_type=\"column\">\n\t\t\t<div class=\"elementor-widget-wrap elementor-element-populated\">\n\t\t\t\t\t\t\t\t<div class=\"elementor-element elementor-element-faf49ff elementor-widget elementor-widget-spacer\" data-id=\"faf49ff\" data-element_type=\"widget\" data-widget_type=\"spacer.default\">\n\t\t\t\t<div class=\"elementor-widget-container\">\n\t\t\t\t\t<div class=\"elementor-spacer\">\n\t\t\t<div class=\"elementor-spacer-inner\"><\/div>\n\t\t<\/div>\n\t\t\t\t<\/div>\n\t\t\t\t<\/div>\n\t\t\t\t<div class=\"elementor-element elementor-element-bfac5a5 elementor-widget elementor-widget-text-editor\" data-id=\"bfac5a5\" data-element_type=\"widget\" data-widget_type=\"text-editor.default\">\n\t\t\t\t<div class=\"elementor-widget-container\">\n\t\t\t\t\t\t\t\t<p><span style=\"font-weight: 400;\">C\u2019est une agr\u00e9able balade\u00a0 qui nous permet de d\u00e9couvrir un des ermitages de Cuzcurrita. On s\u2019y rend en procession deux fois par an, avec l\u2019image de Notre Dame de Tironcillo pour solliciter un bon \u00e9tat de sant\u00e9 et une r\u00e9colte abondante. L\u2019une a lieu \u00e0 P\u00e2ques, le lundi de Pentec\u00f4te pour amener la Vierge \u00e0 l\u2019\u00e9glise de Saint Michel. L\u2019autre a lieu le 1er octobre, dernier jour des f\u00eates patronales de Saint Michel, pour ramener l\u2019image de la vierge depuis l\u2019\u00e9glise jusqu\u2019\u00e0 son ermitage.<\/span><\/p>\t\t\t\t\t\t<\/div>\n\t\t\t\t<\/div>\n\t\t\t\t<div class=\"elementor-element elementor-element-25b4cc4 elementor-widget elementor-widget-text-editor\" data-id=\"25b4cc4\" data-element_type=\"widget\" data-widget_type=\"text-editor.default\">\n\t\t\t\t<div class=\"elementor-widget-container\">\n\t\t\t\t\t\t\t\t<p class=\"font_8\"><span style=\"font-weight: 400;\">La commune a deux patronages (Notre Dame de Sorejana et Notre Dame de\u00a0 Tironcillo). Le nom de ce dernier provient du cours d\u2019eau qui traverse\u00a0 Cuzcurrita utilisant le diminutif Tironcillo, car \u00e0 son passage dans la localit\u00e9, le Tir\u00f3n est tr\u00e8s \u00e9troit. Pour arriver \u00e0 cet ermitage, on traverse la commune de\u00a0 Tirgo, localit\u00e9 limitrophe et c\u2019est pour cette raison, qu\u2019il est de coutume que la Mairie de Cuzcurrita socilite \u00e0 celle de Tirgo l\u2019autorisation pour traverser son territoire. C\u2019est sur le pont passant au-dessus du Tir\u00f3n que s\u2019effectuait le traditionnel \u00e9change de b\u00e2tons entre les deux maires. La premi\u00e8re r\u00e9f\u00e9rence \u00e9crite de cette procession remonte \u00e0 l\u2019ann\u00e9e 1714.<\/span><\/p><p><span style=\"font-weight: 400;\">Depuis l\u2019ext\u00e9rieur, on peut observer que le monument suit un plan en forme de croix latine et une seule nef. Sur la porte principale est grav\u00e9e la date de 1744. Cependant, on sait que la r\u00e9f\u00e9rence \u00e9crite la plus ancienne date de 1694, date \u00e0 laquelle le maire convoqua ses administr\u00e9s. Il d\u00e9cr\u00e9ta alors que:<\/span><\/p>\t\t\t\t\t\t<\/div>\n\t\t\t\t<\/div>\n\t\t\t\t<div class=\"elementor-element elementor-element-d20527b elementor-blockquote--skin-border elementor-blockquote--button-color-official elementor-widget elementor-widget-blockquote\" data-id=\"d20527b\" data-element_type=\"widget\" data-widget_type=\"blockquote.default\">\n\t\t\t\t<div class=\"elementor-widget-container\">\n\t\t\t\t\t<blockquote class=\"elementor-blockquote\">\n\t\t\t<p class=\"elementor-blockquote__content\">\n\t\t\t\t\u201cmalgr\u00e9 la participation financi\u00e8re volontaire du voisinage pour mener \u00e0 bien la construction de l\u2019ermitage de Notre Dame de Tironcillo et comme la collecte n\u2019est pas suffisante, la Mairie, apporte des fonds communaux 1000 r\u00e9ales pour contribuer \u00e0 cette oeuvre pieuse en l\u2019honneur de cette Sainte Image\u201d.\t\t\t<\/p>\n\t\t\t\t\t<\/blockquote>\n\t\t\t\t<\/div>\n\t\t\t\t<\/div>\n\t\t\t\t<div class=\"elementor-element elementor-element-5a9aad7 elementor-widget elementor-widget-spacer\" data-id=\"5a9aad7\" data-element_type=\"widget\" data-widget_type=\"spacer.default\">\n\t\t\t\t<div class=\"elementor-widget-container\">\n\t\t\t\t\t<div class=\"elementor-spacer\">\n\t\t\t<div class=\"elementor-spacer-inner\"><\/div>\n\t\t<\/div>\n\t\t\t\t<\/div>\n\t\t\t\t<\/div>\n\t\t\t\t<div class=\"elementor-element elementor-element-30b882a elementor-widget elementor-widget-text-editor\" data-id=\"30b882a\" data-element_type=\"widget\" data-widget_type=\"text-editor.default\">\n\t\t\t\t<div class=\"elementor-widget-container\">\n\t\t\t\t\t\t\t\t<p><span style=\"font-weight: 400;\">En 1719 commenc\u00e8rent d\u2019importants travaux dirig\u00e9s par Francisco de Landa, ma\u00eetre tailleur de pierre, en vue de l\u2019agrandissement de l\u2019ermitage. On y ajouta aussi la chapelle de la niche et les si\u00e8ges en pierre qui entourent l\u2019ermitage ainsi que, le dallage et trois nouveaux autels. Il est aussi stipul\u00e9 dans ce document que <\/span><b>\u201cla porte principale fut perc\u00e9e et laiss\u00e9e au vent et qu\u2019on construisit aussi la maison de l\u2019ermite.\u201d <\/b><span style=\"font-weight: 400;\">Comme il \u00e9tait d\u2019usage \u00e0 cette \u00e9poque, les travaux furent financ\u00e9s non seulement avec de l\u2019argent mais aussi\u00a0 avec des produits agricoles, comme des c\u00e9r\u00e9ales ou du vin.\u00a0<\/span><\/p><p class=\"font_8\"><span style=\"font-weight: 400;\">Gr\u00e2ce \u00e0 la tradition orale, il est int\u00e9ressant de savoir comment les habitants de\u00a0 Cuzcurrita et de la commune d\u00e9signaient les diff\u00e9rents vents.<\/span><\/p><ul class=\"font_8\"><li><p class=\"font_8\"><span style=\"font-weight: 400;\">Cierzo: (Bise) vent froid du nord, le plus froid<\/span><\/p><\/li><li><p class=\"font_8\"><span style=\"font-weight: 400;\">\u00c1brego: (vent d\u2019autan) vent du sud, \u00e0 l\u2019abri, au chaud.<\/span><\/p><\/li><li><p class=\"font_8\"><span style=\"font-weight: 400;\">Solano: (sirroco) vent d\u2019est, d\u2019o\u00f9 vient le soleil levant.<\/span><\/p><\/li><li><p class=\"font_8\"><span style=\"font-weight: 400;\">Rega\u00f1\u00f3n:(ronchonneur) vent d\u2019ouest.<\/span><\/p><\/li><\/ul><p><span style=\"font-weight: 400;\">Comme dit le proverbe: Ronchonneur, ni pluie, ni soleil, ni abri \u00e0 n\u2019importe quelle heure.<\/span><\/p><p><span style=\"font-weight: 400;\">\u00a0\u00c7a veut dire qu\u2019il n\u2019est pas du tout appr\u00e9ci\u00e9 et qu\u2019il est difficile de s\u2019en d\u00e9faire.<\/span><\/p><p><span style=\"font-weight: 400;\">Nous avons dit que la porte principale de l\u2019ermitage avait \u00e9t\u00e9 laiss\u00e9e b\u00e9ante face au vent du nord, mais pendant plusieurs ann\u00e9es les travaux continu\u00e8rent jusqu\u2019\u00e0 leur fin en 1744, date \u00e0 laquelle furent remis au ma\u00eetre tailleur de pierres les 60 derniers r\u00e9ales. Il existe aussi de nombreuses r\u00e9f\u00e9rences \u00e0 la figure de l\u2019ermite. Son r\u00f4le \u00e9tait de prendre soin et de prot\u00e9ger l\u2019ermitage, si \u00e9loign\u00e9 de la ville. Normalement, on lui conc\u00e9dait l\u2019usufruit de la vigne et des terres \u00e0 cultiver, \u00e0 condition qu\u2019il r\u00e9side dans les lieux afin d\u2019\u00e9viter les vols et les saccages, qui \u00e9taient fr\u00e9quents. Il \u00e9tait obliger d&#8217;y<\/span><b> demeurer, que l\u2019image de la vierge soit pr\u00e9sente ou non, de prendre soin de l\u2019ermitage, de l\u2019entretenir, de sonner les matines et de r\u00e9citer l\u2019ave mar\u00eda du lever au coucher du soleil\u201d.<\/b><\/p>\t\t\t\t\t\t<\/div>\n\t\t\t\t<\/div>\n\t\t\t\t\t<\/div>\n\t\t<\/div>\n\t\t\t\t\t\t\t<\/div>\n\t\t<\/section>\n\t\t\t\t<section class=\"elementor-section elementor-top-section elementor-element elementor-element-db39fe3 elementor-section-boxed elementor-section-height-default elementor-section-height-default\" data-id=\"db39fe3\" data-element_type=\"section\">\n\t\t\t\t\t\t<div class=\"elementor-container elementor-column-gap-default\">\n\t\t\t\t\t<div class=\"elementor-column elementor-col-100 elementor-top-column elementor-element elementor-element-cbbb011\" data-id=\"cbbb011\" data-element_type=\"column\">\n\t\t\t<div class=\"elementor-widget-wrap elementor-element-populated\">\n\t\t\t\t\t\t\t\t<div class=\"elementor-element elementor-element-b0c6524 elementor-widget elementor-widget-image\" data-id=\"b0c6524\" data-element_type=\"widget\" data-widget_type=\"image.default\">\n\t\t\t\t<div class=\"elementor-widget-container\">\n\t\t\t\t\t\t\t\t\t\t\t\t\t\t\t<img decoding=\"async\" width=\"830\" height=\"657\" src=\"https:\/\/turismocuzcurrita.com\/wp-content\/uploads\/2021\/05\/Cuzcurrita-POI-13.jpg\" class=\"attachment-large size-large\" alt=\"\" srcset=\"https:\/\/turismocuzcurrita.com\/wp-content\/uploads\/2021\/05\/Cuzcurrita-POI-13.jpg 830w, https:\/\/turismocuzcurrita.com\/wp-content\/uploads\/2021\/05\/Cuzcurrita-POI-13-300x237.jpg 300w, https:\/\/turismocuzcurrita.com\/wp-content\/uploads\/2021\/05\/Cuzcurrita-POI-13-768x608.jpg 768w, https:\/\/turismocuzcurrita.com\/wp-content\/uploads\/2021\/05\/Cuzcurrita-POI-13-184x146.jpg 184w, https:\/\/turismocuzcurrita.com\/wp-content\/uploads\/2021\/05\/Cuzcurrita-POI-13-50x40.jpg 50w, https:\/\/turismocuzcurrita.com\/wp-content\/uploads\/2021\/05\/Cuzcurrita-POI-13-95x75.jpg 95w\" sizes=\"(max-width: 830px) 100vw, 830px\" \/>\t\t\t\t\t\t\t\t\t\t\t\t\t\t\t<\/div>\n\t\t\t\t<\/div>\n\t\t\t\t\t<\/div>\n\t\t<\/div>\n\t\t\t\t\t\t\t<\/div>\n\t\t<\/section>\n\t\t\t\t<section class=\"elementor-section elementor-top-section elementor-element elementor-element-32d5076 elementor-section-boxed elementor-section-height-default elementor-section-height-default\" data-id=\"32d5076\" data-element_type=\"section\">\n\t\t\t\t\t\t<div class=\"elementor-container elementor-column-gap-default\">\n\t\t\t\t\t<div class=\"elementor-column elementor-col-100 elementor-top-column elementor-element elementor-element-2c4b9bc\" data-id=\"2c4b9bc\" data-element_type=\"column\">\n\t\t\t<div class=\"elementor-widget-wrap elementor-element-populated\">\n\t\t\t\t\t\t\t\t<div class=\"elementor-element elementor-element-e17de06 elementor-widget elementor-widget-spacer\" data-id=\"e17de06\" data-element_type=\"widget\" data-widget_type=\"spacer.default\">\n\t\t\t\t<div class=\"elementor-widget-container\">\n\t\t\t\t\t<div class=\"elementor-spacer\">\n\t\t\t<div class=\"elementor-spacer-inner\"><\/div>\n\t\t<\/div>\n\t\t\t\t<\/div>\n\t\t\t\t<\/div>\n\t\t\t\t<div class=\"elementor-element elementor-element-8e7fdf5 elementor-widget elementor-widget-heading\" data-id=\"8e7fdf5\" data-element_type=\"widget\" data-widget_type=\"heading.default\">\n\t\t\t\t<div class=\"elementor-widget-container\">\n\t\t\t<h5 class=\"elementor-heading-title elementor-size-default\">Naviguez dans le Ermitage de Tironcillo ...<\/h5>\t\t<\/div>\n\t\t\t\t<\/div>\n\t\t\t\t<div class=\"elementor-element elementor-element-c7299a2 elementor-widget elementor-widget-text-editor\" data-id=\"c7299a2\" data-element_type=\"widget\" data-widget_type=\"text-editor.default\">\n\t\t\t\t<div class=\"elementor-widget-container\">\n\t\t\t\t\t\t\t\t<p>D\u00e9placez la souris sur l\u2019image et vous pouvez vous d\u00e9placer \u00e0 360\u00ba pour appr\u00e9cier diff\u00e9rents points de vue.<\/p>\t\t\t\t\t\t<\/div>\n\t\t\t\t<\/div>\n\t\t\t\t<div class=\"elementor-element elementor-element-a362e21 elementor-widget elementor-widget-html\" data-id=\"a362e21\" data-element_type=\"widget\" data-widget_type=\"html.default\">\n\t\t\t\t<div class=\"elementor-widget-container\">\n\t\t\t<iframe src=\"https:\/\/tourmkr.com\/G1isqMIHI3\/12442666p,2933834m,28.46h,116.18t\" height=\"700\"><\/iframe>\t\t<\/div>\n\t\t\t\t<\/div>\n\t\t\t\t<div class=\"elementor-element elementor-element-1c8204e elementor-widget elementor-widget-spacer\" data-id=\"1c8204e\" data-element_type=\"widget\" data-widget_type=\"spacer.default\">\n\t\t\t\t<div class=\"elementor-widget-container\">\n\t\t\t\t\t<div class=\"elementor-spacer\">\n\t\t\t<div class=\"elementor-spacer-inner\"><\/div>\n\t\t<\/div>\n\t\t\t\t<\/div>\n\t\t\t\t<\/div>\n\t\t\t\t\t<\/div>\n\t\t<\/div>\n\t\t\t\t\t\t\t<\/div>\n\t\t<\/section>\n\t\t\t\t\t\t<\/div>\n\t\t\t\t\t<\/div>\n\t\t","protected":false},"excerpt":{"rendered":"<p>Ermitage de Tironcillo Depuis Cuzcurrita, en prenant la Rue Ric\u00f3n en direction de la localit\u00e9 voisine de Cihuri, se trouve l\u2019ermitage de Notre Dame de Tironcillo,<span class=\"excerpt-hellip\"> [\u2026]<\/span><\/p>\n","protected":false},"author":1,"featured_media":0,"parent":0,"menu_order":0,"comment_status":"closed","ping_status":"closed","template":"","meta":{"footnotes":""},"class_list":["post-3031","page","type-page","status-publish","hentry"],"yoast_head":"<!-- This site is optimized with the Yoast SEO plugin v24.9 - https:\/\/yoast.com\/wordpress\/plugins\/seo\/ -->\n<title>ERMITAGE DE TIRONCILLO - Turismo Cuzcurrita<\/title>\n<meta name=\"description\" content=\"Depuis Cuzcurrita, en prenant la Rue Ric\u00f3n en direction de la localit\u00e9 voisine de Cihuri, se trouve l\u2019ermitage de Notre Dame de Tironcillo, \u00e0 une distance d\u2019environ 3 km depuis la Plaza Mayor.\" \/>\n<meta name=\"robots\" content=\"index, follow, max-snippet:-1, max-image-preview:large, max-video-preview:-1\" \/>\n<link rel=\"canonical\" href=\"https:\/\/turismocuzcurrita.com\/fr\/ermitage-de-tironcillo\/\" \/>\n<meta property=\"og:locale\" content=\"fr_FR\" \/>\n<meta property=\"og:type\" content=\"article\" \/>\n<meta property=\"og:title\" content=\"ERMITAGE DE TIRONCILLO - Turismo Cuzcurrita\" \/>\n<meta property=\"og:description\" content=\"Depuis Cuzcurrita, en prenant la Rue Ric\u00f3n en direction de la localit\u00e9 voisine de Cihuri, se trouve l\u2019ermitage de Notre Dame de Tironcillo, \u00e0 une distance d\u2019environ 3 km depuis la Plaza Mayor.\" \/>\n<meta property=\"og:url\" content=\"https:\/\/turismocuzcurrita.com\/fr\/ermitage-de-tironcillo\/\" \/>\n<meta property=\"og:site_name\" content=\"Turismo Cuzcurrita\" \/>\n<meta property=\"article:modified_time\" content=\"2021-08-24T19:30:25+00:00\" \/>\n<meta property=\"og:image\" content=\"https:\/\/turismocuzcurrita.com\/wp-content\/uploads\/2021\/05\/Cuzcurrita-POI-13.jpg\" \/>\n<meta name=\"twitter:card\" content=\"summary_large_image\" \/>\n<meta name=\"twitter:label1\" content=\"Dur\u00e9e de lecture estim\u00e9e\" \/>\n\t<meta name=\"twitter:data1\" content=\"4 minutes\" \/>\n<script type=\"application\/ld+json\" class=\"yoast-schema-graph\">{\"@context\":\"https:\/\/schema.org\",\"@graph\":[{\"@type\":\"WebPage\",\"@id\":\"https:\/\/turismocuzcurrita.com\/fr\/ermitage-de-tironcillo\/\",\"url\":\"https:\/\/turismocuzcurrita.com\/fr\/ermitage-de-tironcillo\/\",\"name\":\"ERMITAGE DE TIRONCILLO - Turismo Cuzcurrita\",\"isPartOf\":{\"@id\":\"https:\/\/turismocuzcurrita.com\/#website\"},\"primaryImageOfPage\":{\"@id\":\"https:\/\/turismocuzcurrita.com\/fr\/ermitage-de-tironcillo\/#primaryimage\"},\"image\":{\"@id\":\"https:\/\/turismocuzcurrita.com\/fr\/ermitage-de-tironcillo\/#primaryimage\"},\"thumbnailUrl\":\"https:\/\/turismocuzcurrita.com\/wp-content\/uploads\/2021\/05\/Cuzcurrita-POI-13.jpg\",\"datePublished\":\"2021-07-21T14:52:02+00:00\",\"dateModified\":\"2021-08-24T19:30:25+00:00\",\"description\":\"Depuis Cuzcurrita, en prenant la Rue Ric\u00f3n en direction de la localit\u00e9 voisine de Cihuri, se trouve l\u2019ermitage de Notre Dame de Tironcillo, \u00e0 une distance d\u2019environ 3 km depuis la Plaza Mayor.\",\"breadcrumb\":{\"@id\":\"https:\/\/turismocuzcurrita.com\/fr\/ermitage-de-tironcillo\/#breadcrumb\"},\"inLanguage\":\"fr-FR\",\"potentialAction\":[{\"@type\":\"ReadAction\",\"target\":[\"https:\/\/turismocuzcurrita.com\/fr\/ermitage-de-tironcillo\/\"]}]},{\"@type\":\"ImageObject\",\"inLanguage\":\"fr-FR\",\"@id\":\"https:\/\/turismocuzcurrita.com\/fr\/ermitage-de-tironcillo\/#primaryimage\",\"url\":\"https:\/\/turismocuzcurrita.com\/wp-content\/uploads\/2021\/05\/Cuzcurrita-POI-13.jpg\",\"contentUrl\":\"https:\/\/turismocuzcurrita.com\/wp-content\/uploads\/2021\/05\/Cuzcurrita-POI-13.jpg\"},{\"@type\":\"BreadcrumbList\",\"@id\":\"https:\/\/turismocuzcurrita.com\/fr\/ermitage-de-tironcillo\/#breadcrumb\",\"itemListElement\":[{\"@type\":\"ListItem\",\"position\":1,\"name\":\"Portada\",\"item\":\"https:\/\/turismocuzcurrita.com\/\"},{\"@type\":\"ListItem\",\"position\":2,\"name\":\"ERMITAGE DE TIRONCILLO\"}]},{\"@type\":\"WebSite\",\"@id\":\"https:\/\/turismocuzcurrita.com\/#website\",\"url\":\"https:\/\/turismocuzcurrita.com\/\",\"name\":\"Turismo Cuzcurrita\",\"description\":\"Patrimonio, enoturismo, naturaleza, gastronom\u00eda, tranquilidad.\",\"publisher\":{\"@id\":\"https:\/\/turismocuzcurrita.com\/#organization\"},\"potentialAction\":[{\"@type\":\"SearchAction\",\"target\":{\"@type\":\"EntryPoint\",\"urlTemplate\":\"https:\/\/turismocuzcurrita.com\/?s={search_term_string}\"},\"query-input\":{\"@type\":\"PropertyValueSpecification\",\"valueRequired\":true,\"valueName\":\"search_term_string\"}}],\"inLanguage\":\"fr-FR\"},{\"@type\":\"Organization\",\"@id\":\"https:\/\/turismocuzcurrita.com\/#organization\",\"name\":\"Turismo Cuzcurrita\",\"url\":\"https:\/\/turismocuzcurrita.com\/\",\"logo\":{\"@type\":\"ImageObject\",\"inLanguage\":\"fr-FR\",\"@id\":\"https:\/\/turismocuzcurrita.com\/#\/schema\/logo\/image\/\",\"url\":\"http:\/\/turismocuzcurrita.com\/wp-content\/uploads\/2021\/05\/Untitled.png\",\"contentUrl\":\"http:\/\/turismocuzcurrita.com\/wp-content\/uploads\/2021\/05\/Untitled.png\",\"width\":59,\"height\":69,\"caption\":\"Turismo Cuzcurrita\"},\"image\":{\"@id\":\"https:\/\/turismocuzcurrita.com\/#\/schema\/logo\/image\/\"}}]}<\/script>\n<!-- \/ Yoast SEO plugin. -->","yoast_head_json":{"title":"ERMITAGE DE TIRONCILLO - Turismo Cuzcurrita","description":"Depuis Cuzcurrita, en prenant la Rue Ric\u00f3n en direction de la localit\u00e9 voisine de Cihuri, se trouve l\u2019ermitage de Notre Dame de Tironcillo, \u00e0 une distance d\u2019environ 3 km depuis la Plaza Mayor.","robots":{"index":"index","follow":"follow","max-snippet":"max-snippet:-1","max-image-preview":"max-image-preview:large","max-video-preview":"max-video-preview:-1"},"canonical":"https:\/\/turismocuzcurrita.com\/fr\/ermitage-de-tironcillo\/","og_locale":"fr_FR","og_type":"article","og_title":"ERMITAGE DE TIRONCILLO - Turismo Cuzcurrita","og_description":"Depuis Cuzcurrita, en prenant la Rue Ric\u00f3n en direction de la localit\u00e9 voisine de Cihuri, se trouve l\u2019ermitage de Notre Dame de Tironcillo, \u00e0 une distance d\u2019environ 3 km depuis la Plaza Mayor.","og_url":"https:\/\/turismocuzcurrita.com\/fr\/ermitage-de-tironcillo\/","og_site_name":"Turismo Cuzcurrita","article_modified_time":"2021-08-24T19:30:25+00:00","og_image":[{"url":"https:\/\/turismocuzcurrita.com\/wp-content\/uploads\/2021\/05\/Cuzcurrita-POI-13.jpg","type":"","width":"","height":""}],"twitter_card":"summary_large_image","twitter_misc":{"Dur\u00e9e de lecture estim\u00e9e":"4 minutes"},"schema":{"@context":"https:\/\/schema.org","@graph":[{"@type":"WebPage","@id":"https:\/\/turismocuzcurrita.com\/fr\/ermitage-de-tironcillo\/","url":"https:\/\/turismocuzcurrita.com\/fr\/ermitage-de-tironcillo\/","name":"ERMITAGE DE TIRONCILLO - Turismo Cuzcurrita","isPartOf":{"@id":"https:\/\/turismocuzcurrita.com\/#website"},"primaryImageOfPage":{"@id":"https:\/\/turismocuzcurrita.com\/fr\/ermitage-de-tironcillo\/#primaryimage"},"image":{"@id":"https:\/\/turismocuzcurrita.com\/fr\/ermitage-de-tironcillo\/#primaryimage"},"thumbnailUrl":"https:\/\/turismocuzcurrita.com\/wp-content\/uploads\/2021\/05\/Cuzcurrita-POI-13.jpg","datePublished":"2021-07-21T14:52:02+00:00","dateModified":"2021-08-24T19:30:25+00:00","description":"Depuis Cuzcurrita, en prenant la Rue Ric\u00f3n en direction de la localit\u00e9 voisine de Cihuri, se trouve l\u2019ermitage de Notre Dame de Tironcillo, \u00e0 une distance d\u2019environ 3 km depuis la Plaza Mayor.","breadcrumb":{"@id":"https:\/\/turismocuzcurrita.com\/fr\/ermitage-de-tironcillo\/#breadcrumb"},"inLanguage":"fr-FR","potentialAction":[{"@type":"ReadAction","target":["https:\/\/turismocuzcurrita.com\/fr\/ermitage-de-tironcillo\/"]}]},{"@type":"ImageObject","inLanguage":"fr-FR","@id":"https:\/\/turismocuzcurrita.com\/fr\/ermitage-de-tironcillo\/#primaryimage","url":"https:\/\/turismocuzcurrita.com\/wp-content\/uploads\/2021\/05\/Cuzcurrita-POI-13.jpg","contentUrl":"https:\/\/turismocuzcurrita.com\/wp-content\/uploads\/2021\/05\/Cuzcurrita-POI-13.jpg"},{"@type":"BreadcrumbList","@id":"https:\/\/turismocuzcurrita.com\/fr\/ermitage-de-tironcillo\/#breadcrumb","itemListElement":[{"@type":"ListItem","position":1,"name":"Portada","item":"https:\/\/turismocuzcurrita.com\/"},{"@type":"ListItem","position":2,"name":"ERMITAGE DE TIRONCILLO"}]},{"@type":"WebSite","@id":"https:\/\/turismocuzcurrita.com\/#website","url":"https:\/\/turismocuzcurrita.com\/","name":"Turismo Cuzcurrita","description":"Patrimonio, enoturismo, naturaleza, gastronom\u00eda, tranquilidad.","publisher":{"@id":"https:\/\/turismocuzcurrita.com\/#organization"},"potentialAction":[{"@type":"SearchAction","target":{"@type":"EntryPoint","urlTemplate":"https:\/\/turismocuzcurrita.com\/?s={search_term_string}"},"query-input":{"@type":"PropertyValueSpecification","valueRequired":true,"valueName":"search_term_string"}}],"inLanguage":"fr-FR"},{"@type":"Organization","@id":"https:\/\/turismocuzcurrita.com\/#organization","name":"Turismo Cuzcurrita","url":"https:\/\/turismocuzcurrita.com\/","logo":{"@type":"ImageObject","inLanguage":"fr-FR","@id":"https:\/\/turismocuzcurrita.com\/#\/schema\/logo\/image\/","url":"http:\/\/turismocuzcurrita.com\/wp-content\/uploads\/2021\/05\/Untitled.png","contentUrl":"http:\/\/turismocuzcurrita.com\/wp-content\/uploads\/2021\/05\/Untitled.png","width":59,"height":69,"caption":"Turismo Cuzcurrita"},"image":{"@id":"https:\/\/turismocuzcurrita.com\/#\/schema\/logo\/image\/"}}]}},"_links":{"self":[{"href":"https:\/\/turismocuzcurrita.com\/fr\/wp-json\/wp\/v2\/pages\/3031","targetHints":{"allow":["GET"]}}],"collection":[{"href":"https:\/\/turismocuzcurrita.com\/fr\/wp-json\/wp\/v2\/pages"}],"about":[{"href":"https:\/\/turismocuzcurrita.com\/fr\/wp-json\/wp\/v2\/types\/page"}],"author":[{"embeddable":true,"href":"https:\/\/turismocuzcurrita.com\/fr\/wp-json\/wp\/v2\/users\/1"}],"replies":[{"embeddable":true,"href":"https:\/\/turismocuzcurrita.com\/fr\/wp-json\/wp\/v2\/comments?post=3031"}],"version-history":[{"count":8,"href":"https:\/\/turismocuzcurrita.com\/fr\/wp-json\/wp\/v2\/pages\/3031\/revisions"}],"predecessor-version":[{"id":3543,"href":"https:\/\/turismocuzcurrita.com\/fr\/wp-json\/wp\/v2\/pages\/3031\/revisions\/3543"}],"wp:attachment":[{"href":"https:\/\/turismocuzcurrita.com\/fr\/wp-json\/wp\/v2\/media?parent=3031"}],"curies":[{"name":"wp","href":"https:\/\/api.w.org\/{rel}","templated":true}]}}