{"id":3019,"date":"2021-07-21T14:39:46","date_gmt":"2021-07-21T14:39:46","guid":{"rendered":"https:\/\/turismocuzcurrita.com\/?page_id=3019"},"modified":"2021-08-24T19:33:58","modified_gmt":"2021-08-24T19:33:58","slug":"le-bolo","status":"publish","type":"page","link":"https:\/\/turismocuzcurrita.com\/fr\/le-bolo\/","title":{"rendered":"LE BOLO"},"content":{"rendered":"\t\t<div data-elementor-type=\"wp-page\" data-elementor-id=\"3019\" class=\"elementor elementor-3019\" data-elementor-settings=\"[]\">\n\t\t\t\t\t\t\t<div class=\"elementor-section-wrap\">\n\t\t\t\t\t\t\t<section class=\"elementor-section elementor-top-section elementor-element elementor-element-c61b6e5 elementor-section-boxed elementor-section-height-default elementor-section-height-default\" data-id=\"c61b6e5\" data-element_type=\"section\">\n\t\t\t\t\t\t<div class=\"elementor-container elementor-column-gap-default\">\n\t\t\t\t\t<div class=\"elementor-column elementor-col-100 elementor-top-column elementor-element elementor-element-1174aa6\" data-id=\"1174aa6\" data-element_type=\"column\">\n\t\t\t<div class=\"elementor-widget-wrap elementor-element-populated\">\n\t\t\t\t\t\t\t\t<div class=\"elementor-element elementor-element-472c9b6 elementor-widget elementor-widget-html\" data-id=\"472c9b6\" data-element_type=\"widget\" data-widget_type=\"html.default\">\n\t\t\t\t<div class=\"elementor-widget-container\">\n\t\t\t<div>\n    <audio src='\/wp-content\/uploads\/2021\/07\/LE-BOLO-_8_.mp3' id='audio'><\/audio>\n    <div class='audio-container'>\n    <button id='player-button' class='player-button play'><\/button>\n    <span id='count'>00:00<\/span> \n    <span class='slash'>\/<\/span>\n    <span id='final_count'>02:43<\/span>\n    <\/div>\n    <\/div>\t\t<\/div>\n\t\t\t\t<\/div>\n\t\t\t\t<div class=\"elementor-element elementor-element-2e8f125 elementor-widget elementor-widget-heading\" data-id=\"2e8f125\" data-element_type=\"widget\" data-widget_type=\"heading.default\">\n\t\t\t\t<div class=\"elementor-widget-container\">\n\t\t\t<h2 class=\"elementor-heading-title elementor-size-default\">Le Bolo<\/h2>\t\t<\/div>\n\t\t\t\t<\/div>\n\t\t\t\t<div class=\"elementor-element elementor-element-9047d80 elementor-widget elementor-widget-heading\" data-id=\"9047d80\" data-element_type=\"widget\" data-widget_type=\"heading.default\">\n\t\t\t\t<div class=\"elementor-widget-container\">\n\t\t\t<p class=\"elementor-heading-title elementor-size-default\">Le Bolo est probablement un des lieux les plus repr\u00e9sentatifs de Cuzcurrita, avec l\u2019\u00e9glise de Saint Michel. Il s\u2019agit d\u2019une colline qui entoure la commune, anciennement connue  sous le nom de la C\u00f4te du Rollo.  Ce nom d\u00e9signe aussi le monument situ\u00e9 sur sa cr\u00eate.<\/p>\t\t<\/div>\n\t\t\t\t<\/div>\n\t\t\t\t\t<\/div>\n\t\t<\/div>\n\t\t\t\t\t\t\t<\/div>\n\t\t<\/section>\n\t\t\t\t<section class=\"elementor-section elementor-top-section elementor-element elementor-element-8ffe8f4 elementor-section-full_width elementor-section-height-min-height elementor-section-stretched elementor-section-height-default elementor-section-items-middle\" data-id=\"8ffe8f4\" data-element_type=\"section\" data-settings=\"{&quot;stretch_section&quot;:&quot;section-stretched&quot;,&quot;background_background&quot;:&quot;classic&quot;}\">\n\t\t\t\t\t\t<div class=\"elementor-container elementor-column-gap-default\">\n\t\t\t\t\t<div class=\"elementor-column elementor-col-100 elementor-top-column elementor-element elementor-element-39a3244\" data-id=\"39a3244\" data-element_type=\"column\">\n\t\t\t<div class=\"elementor-widget-wrap\">\n\t\t\t\t\t\t\t\t\t<\/div>\n\t\t<\/div>\n\t\t\t\t\t\t\t<\/div>\n\t\t<\/section>\n\t\t\t\t<section class=\"elementor-section elementor-top-section elementor-element elementor-element-635f3fe elementor-section-boxed elementor-section-height-default elementor-section-height-default\" data-id=\"635f3fe\" data-element_type=\"section\">\n\t\t\t\t\t\t<div class=\"elementor-container elementor-column-gap-default\">\n\t\t\t\t\t<div class=\"elementor-column elementor-col-100 elementor-top-column elementor-element elementor-element-1de260f\" data-id=\"1de260f\" data-element_type=\"column\">\n\t\t\t<div class=\"elementor-widget-wrap elementor-element-populated\">\n\t\t\t\t\t\t\t\t<div class=\"elementor-element elementor-element-d7a3015 elementor-widget elementor-widget-spacer\" data-id=\"d7a3015\" data-element_type=\"widget\" data-widget_type=\"spacer.default\">\n\t\t\t\t<div class=\"elementor-widget-container\">\n\t\t\t\t\t<div class=\"elementor-spacer\">\n\t\t\t<div class=\"elementor-spacer-inner\"><\/div>\n\t\t<\/div>\n\t\t\t\t<\/div>\n\t\t\t\t<\/div>\n\t\t\t\t<div class=\"elementor-element elementor-element-3c7887e elementor-widget elementor-widget-text-editor\" data-id=\"3c7887e\" data-element_type=\"widget\" data-widget_type=\"text-editor.default\">\n\t\t\t\t<div class=\"elementor-widget-container\">\n\t\t\t\t\t\t\t\t<p>El Rollo o Bolo era un elemento que antiguamente era s\u00edmbolo del se\u00f1or\u00edo ejercido sobre la Villa, tanto en jurisdicci\u00f3n civil como criminal y nombramiento de la justicia ordinaria por parte del se\u00f1or de la Villa. Por esto se les llamaba se\u00f1or de Horca y Cuchillo y vara alta<\/p>\t\t\t\t\t\t<\/div>\n\t\t\t\t<\/div>\n\t\t\t\t<div class=\"elementor-element elementor-element-8a95d6c elementor-widget elementor-widget-text-editor\" data-id=\"8a95d6c\" data-element_type=\"widget\" data-widget_type=\"text-editor.default\">\n\t\t\t\t<div class=\"elementor-widget-container\">\n\t\t\t\t\t\t\t\t<p><span style=\"font-weight: 400;\">Le Rollo ou Bolo \u00e9tait un \u00e9l\u00e9ment qui jadis \u00e9tait le symbole de l\u2019autorit\u00e9 exerc\u00e9e sur la Ville, par le seigneur, tant dans le domaine juridictionnel civil et p\u00e9nale que dans les affaires de justice courante\u00a0 C\u2019est pour cela qu\u2019on l\u2019appelait le seigneur \u00e0 la corde et au couteau ou au b\u00e2ton lev\u00e9.<\/span><\/p><p><span style=\"font-weight: 400;\">Pour y acc\u00e9der, vous devez vous situer sur la place du Campillo et, en suivant les panneaux, arriver au pied de la colline, o\u00f9 vous attend une mont\u00e9e prononc\u00e9e mais pas tr\u00e8s longue, pour atteindre le point de vue le plus joli de toute la commune. Depuis en haut, vous pourrez contempler d\u2019un c\u00f4t\u00e9 les terres de Castille et s\u00b4\u00e9tendant \u00e0 l\u2019horizon, le massif des Monts Obarenes, la cha\u00eene de montagnes de Cantabria et le mont Tolo\u00f1o (le plus \u00e9lev\u00e9 de la cha\u00eene). Le tout entour\u00e9 de vignobles \u00e0 proximit\u00e9, et depuis le belv\u00e9d\u00e8re, vous pourrez distinguer le trac\u00e9 m\u00e9di\u00e9val de Cuzcurrita et la rivi\u00e8re Tir\u00f3n le traversant telle une \u00e9pine dorsale. L&#8217;\u00e9glise de Saint Michel et le Ch\u00e2teau des Velasco en fond avec toutes les maisons-palais, t\u00e9moignent \u00e0 travers l\u2019histoire et le passage du temps du pass\u00e9 prosp\u00e8re de la Ville.<\/span><\/p><p><span style=\"font-weight: 400;\">Le premier<\/span> <span style=\"font-weight: 400;\">\u201crollo\u201d fut un pr\u00e9sent du roi Enriquei II de Castille et de Do\u00f1a Juana , sa femme, \u00e0 Juan Mart\u00ednez de Rojas et Mar\u00eda Fern\u00e1ndez en novembre 1367,\u00a0 <\/span><b>\u201cconc\u00e9dant le fief de Cuzcurrita et tout son territoire, vall\u00e9es et montagnes, pr\u00e9s et p\u00e2turages, rivi\u00e8res et cours d\u2019eau, ainsi que l\u2019autorit\u00e9 sur ses fronti\u00e8res et vassaux, sur la justice et la juridiction du dit lieu, et le droit d\u2019utiliser le \u201crollo\u201d, la corde, le pilori ou le couteau ou quelconque autre signes de pouvoir \u00e9manant du Roi\u201d.\u00a0 <\/b><\/p>\t\t\t\t\t\t<\/div>\n\t\t\t\t<\/div>\n\t\t\t\t<div class=\"elementor-element elementor-element-c82ad73 elementor-blockquote--skin-border elementor-blockquote--button-color-official elementor-widget elementor-widget-blockquote\" data-id=\"c82ad73\" data-element_type=\"widget\" data-widget_type=\"blockquote.default\">\n\t\t\t\t<div class=\"elementor-widget-container\">\n\t\t\t\t\t<blockquote class=\"elementor-blockquote\">\n\t\t\t<p class=\"elementor-blockquote__content\">\n\t\t\t\tEn 1865 le premier \u201crollo \u201c fut d\u00e9truit par la foudre qui tomba dessus \u00e0 une ou deux reprises  (selon la version),  et sa reconstruction co\u00fbta 166 r\u00e9ales de l\u2019\u00e9poque. Le monument actuel est form\u00e9 par un socle et une colonne \u00e0 quatre tambours de 1.80 m\u00e8tre, couronn\u00e9s par un c\u00f4ne ornemental. Sa hauteur totale est de 3,20 m\u00e8tres et sur le troisi\u00e8me tambour figure l\u2019inscription, \u201cD\u00e9truit par la foudre, je fus reconstruit par la mairie en 1865\u201d.\n\t\t\t<\/p>\n\t\t\t\t\t<\/blockquote>\n\t\t\t\t<\/div>\n\t\t\t\t<\/div>\n\t\t\t\t<div class=\"elementor-element elementor-element-4d4aa99 elementor-widget elementor-widget-spacer\" data-id=\"4d4aa99\" data-element_type=\"widget\" data-widget_type=\"spacer.default\">\n\t\t\t\t<div class=\"elementor-widget-container\">\n\t\t\t\t\t<div class=\"elementor-spacer\">\n\t\t\t<div class=\"elementor-spacer-inner\"><\/div>\n\t\t<\/div>\n\t\t\t\t<\/div>\n\t\t\t\t<\/div>\n\t\t\t\t<div class=\"elementor-element elementor-element-912271a elementor-widget elementor-widget-text-editor\" data-id=\"912271a\" data-element_type=\"widget\" data-widget_type=\"text-editor.default\">\n\t\t\t\t<div class=\"elementor-widget-container\">\n\t\t\t\t\t\t\t\t<div id=\"comp-kf6ospd6\" class=\"_2bafp\" data-testid=\"richTextElement\"><p class=\"font_8\"><span style=\"font-weight: 400;\">Nous comprenons \u00e0 pr\u00e9sent quel \u00e9tait le r\u00f4le de ce pilori: c\u2019\u00e9tait le lieu d\u2019ex\u00e9cution pendant l\u2019\u00e9poque du Moyen-\u00c2ge. Mais \u00e0 partir du XVI\u00e8me si\u00e8cle, en Espagne, les \u201crollos\u201d ont occup\u00e9 exclusivement la fonction de symbole du pouvoir judiciaire des autorit\u00e9s dans la juridiction o\u00f9 ils \u00e9taient \u00e9rig\u00e9s..<\/span><\/p><p class=\"font_8\">En 1865 le premier \u201crollo \u201c fut d\u00e9truit par la foudre qui tomba dessus \u00e0 une ou deux reprises (selon la version), et sa reconstruction co\u00fbta 166 r\u00e9ales de l\u2019\u00e9poque. Le monument actuel est form\u00e9 par un socle et une colonne \u00e0 quatre tambours de 1.80 m\u00e8tre, couronn\u00e9s par un c\u00f4ne ornemental. Sa hauteur totale est de 3,20 m\u00e8tres et sur le troisi\u00e8me tambour figure l\u2019inscription, \u201cD\u00e9truit par la foudre, je fus reconstruit par la mairie en 1865\u201d.<\/p><\/div>\t\t\t\t\t\t<\/div>\n\t\t\t\t<\/div>\n\t\t\t\t\t<\/div>\n\t\t<\/div>\n\t\t\t\t\t\t\t<\/div>\n\t\t<\/section>\n\t\t\t\t<section class=\"elementor-section elementor-top-section elementor-element elementor-element-19b0110 elementor-section-boxed elementor-section-height-default elementor-section-height-default\" data-id=\"19b0110\" data-element_type=\"section\">\n\t\t\t\t\t\t<div class=\"elementor-container elementor-column-gap-default\">\n\t\t\t\t\t<div class=\"elementor-column elementor-col-100 elementor-top-column elementor-element elementor-element-7c5549e\" data-id=\"7c5549e\" data-element_type=\"column\">\n\t\t\t<div class=\"elementor-widget-wrap elementor-element-populated\">\n\t\t\t\t\t\t\t\t<div class=\"elementor-element elementor-element-8284647 elementor-widget elementor-widget-image\" data-id=\"8284647\" data-element_type=\"widget\" data-widget_type=\"image.default\">\n\t\t\t\t<div class=\"elementor-widget-container\">\n\t\t\t\t\t\t\t\t\t\t\t\t\t\t\t<img decoding=\"async\" width=\"830\" height=\"657\" src=\"https:\/\/turismocuzcurrita.com\/wp-content\/uploads\/2021\/05\/Cuzcurrita-POI-16-1.jpg\" class=\"attachment-large size-large\" alt=\"\" srcset=\"https:\/\/turismocuzcurrita.com\/wp-content\/uploads\/2021\/05\/Cuzcurrita-POI-16-1.jpg 830w, https:\/\/turismocuzcurrita.com\/wp-content\/uploads\/2021\/05\/Cuzcurrita-POI-16-1-300x237.jpg 300w, https:\/\/turismocuzcurrita.com\/wp-content\/uploads\/2021\/05\/Cuzcurrita-POI-16-1-768x608.jpg 768w, https:\/\/turismocuzcurrita.com\/wp-content\/uploads\/2021\/05\/Cuzcurrita-POI-16-1-184x146.jpg 184w, https:\/\/turismocuzcurrita.com\/wp-content\/uploads\/2021\/05\/Cuzcurrita-POI-16-1-50x40.jpg 50w, https:\/\/turismocuzcurrita.com\/wp-content\/uploads\/2021\/05\/Cuzcurrita-POI-16-1-95x75.jpg 95w\" sizes=\"(max-width: 830px) 100vw, 830px\" \/>\t\t\t\t\t\t\t\t\t\t\t\t\t\t\t<\/div>\n\t\t\t\t<\/div>\n\t\t\t\t\t<\/div>\n\t\t<\/div>\n\t\t\t\t\t\t\t<\/div>\n\t\t<\/section>\n\t\t\t\t<section class=\"elementor-section elementor-top-section elementor-element elementor-element-6259620 elementor-section-boxed elementor-section-height-default elementor-section-height-default\" data-id=\"6259620\" data-element_type=\"section\">\n\t\t\t\t\t\t<div class=\"elementor-container elementor-column-gap-default\">\n\t\t\t\t\t<div class=\"elementor-column elementor-col-100 elementor-top-column elementor-element elementor-element-fa00a84\" data-id=\"fa00a84\" data-element_type=\"column\">\n\t\t\t<div class=\"elementor-widget-wrap elementor-element-populated\">\n\t\t\t\t\t\t\t\t<div class=\"elementor-element elementor-element-ecb1b5e elementor-widget elementor-widget-spacer\" data-id=\"ecb1b5e\" data-element_type=\"widget\" data-widget_type=\"spacer.default\">\n\t\t\t\t<div class=\"elementor-widget-container\">\n\t\t\t\t\t<div class=\"elementor-spacer\">\n\t\t\t<div class=\"elementor-spacer-inner\"><\/div>\n\t\t<\/div>\n\t\t\t\t<\/div>\n\t\t\t\t<\/div>\n\t\t\t\t<div class=\"elementor-element elementor-element-23fdfe6 elementor-widget elementor-widget-heading\" data-id=\"23fdfe6\" data-element_type=\"widget\" data-widget_type=\"heading.default\">\n\t\t\t\t<div class=\"elementor-widget-container\">\n\t\t\t<h5 class=\"elementor-heading-title elementor-size-default\">Naviguez dans le Bolo ... <\/h5>\t\t<\/div>\n\t\t\t\t<\/div>\n\t\t\t\t<div class=\"elementor-element elementor-element-85fbf82 elementor-widget elementor-widget-text-editor\" data-id=\"85fbf82\" data-element_type=\"widget\" data-widget_type=\"text-editor.default\">\n\t\t\t\t<div class=\"elementor-widget-container\">\n\t\t\t\t\t\t\t\t<p>D\u00e9placez la souris sur l\u2019image et vous pouvez vous d\u00e9placer \u00e0 360\u00ba pour appr\u00e9cier diff\u00e9rents points de vue.<\/p>\t\t\t\t\t\t<\/div>\n\t\t\t\t<\/div>\n\t\t\t\t<div class=\"elementor-element elementor-element-3468ecc elementor-widget elementor-widget-html\" data-id=\"3468ecc\" data-element_type=\"widget\" data-widget_type=\"html.default\">\n\t\t\t\t<div class=\"elementor-widget-container\">\n\t\t\t<iframe src=\"https:\/\/tourmkr.com\/G1isqMIHI3\/12457048p,2934192m,303.09h,103.59t\" height=\"700\"><\/iframe>\t\t<\/div>\n\t\t\t\t<\/div>\n\t\t\t\t<div class=\"elementor-element elementor-element-ae93700 elementor-widget elementor-widget-spacer\" data-id=\"ae93700\" data-element_type=\"widget\" data-widget_type=\"spacer.default\">\n\t\t\t\t<div class=\"elementor-widget-container\">\n\t\t\t\t\t<div class=\"elementor-spacer\">\n\t\t\t<div class=\"elementor-spacer-inner\"><\/div>\n\t\t<\/div>\n\t\t\t\t<\/div>\n\t\t\t\t<\/div>\n\t\t\t\t\t<\/div>\n\t\t<\/div>\n\t\t\t\t\t\t\t<\/div>\n\t\t<\/section>\n\t\t\t\t\t\t<\/div>\n\t\t\t\t\t<\/div>\n\t\t","protected":false},"excerpt":{"rendered":"<p>Le Bolo Le Bolo est probablement un des lieux les plus repr\u00e9sentatifs de Cuzcurrita, avec l\u2019\u00e9glise de Saint Michel. Il s\u2019agit d\u2019une colline qui entoure la<span class=\"excerpt-hellip\"> [\u2026]<\/span><\/p>\n","protected":false},"author":1,"featured_media":0,"parent":0,"menu_order":0,"comment_status":"closed","ping_status":"closed","template":"","meta":{"footnotes":""},"class_list":["post-3019","page","type-page","status-publish","hentry"],"yoast_head":"<!-- This site is optimized with the Yoast SEO plugin v24.9 - https:\/\/yoast.com\/wordpress\/plugins\/seo\/ -->\n<title>LE BOLO - Turismo Cuzcurrita<\/title>\n<meta name=\"description\" content=\"Le Bolo est probablement un des lieux les plus repr\u00e9sentatifs de Cuzcurrita, avec l\u2019\u00e9glise de Saint Michel. Il s\u2019agit d\u2019une colline qui entoure la commune,\" \/>\n<meta name=\"robots\" content=\"index, follow, max-snippet:-1, max-image-preview:large, max-video-preview:-1\" \/>\n<link rel=\"canonical\" href=\"https:\/\/turismocuzcurrita.com\/fr\/le-bolo\/\" \/>\n<meta property=\"og:locale\" content=\"fr_FR\" \/>\n<meta property=\"og:type\" content=\"article\" \/>\n<meta property=\"og:title\" content=\"LE BOLO - Turismo Cuzcurrita\" \/>\n<meta property=\"og:description\" content=\"Le Bolo est probablement un des lieux les plus repr\u00e9sentatifs de Cuzcurrita, avec l\u2019\u00e9glise de Saint Michel. Il s\u2019agit d\u2019une colline qui entoure la commune,\" \/>\n<meta property=\"og:url\" content=\"https:\/\/turismocuzcurrita.com\/fr\/le-bolo\/\" \/>\n<meta property=\"og:site_name\" content=\"Turismo Cuzcurrita\" \/>\n<meta property=\"article:modified_time\" content=\"2021-08-24T19:33:58+00:00\" \/>\n<meta property=\"og:image\" content=\"https:\/\/turismocuzcurrita.com\/wp-content\/uploads\/2021\/05\/Cuzcurrita-POI-16-1.jpg\" \/>\n<meta name=\"twitter:card\" content=\"summary_large_image\" \/>\n<meta name=\"twitter:label1\" content=\"Dur\u00e9e de lecture estim\u00e9e\" \/>\n\t<meta name=\"twitter:data1\" content=\"3 minutes\" \/>\n<script type=\"application\/ld+json\" class=\"yoast-schema-graph\">{\"@context\":\"https:\/\/schema.org\",\"@graph\":[{\"@type\":\"WebPage\",\"@id\":\"https:\/\/turismocuzcurrita.com\/fr\/le-bolo\/\",\"url\":\"https:\/\/turismocuzcurrita.com\/fr\/le-bolo\/\",\"name\":\"LE BOLO - Turismo Cuzcurrita\",\"isPartOf\":{\"@id\":\"https:\/\/turismocuzcurrita.com\/#website\"},\"primaryImageOfPage\":{\"@id\":\"https:\/\/turismocuzcurrita.com\/fr\/le-bolo\/#primaryimage\"},\"image\":{\"@id\":\"https:\/\/turismocuzcurrita.com\/fr\/le-bolo\/#primaryimage\"},\"thumbnailUrl\":\"https:\/\/turismocuzcurrita.com\/wp-content\/uploads\/2021\/05\/Cuzcurrita-POI-16-1.jpg\",\"datePublished\":\"2021-07-21T14:39:46+00:00\",\"dateModified\":\"2021-08-24T19:33:58+00:00\",\"description\":\"Le Bolo est probablement un des lieux les plus repr\u00e9sentatifs de Cuzcurrita, avec l\u2019\u00e9glise de Saint Michel. Il s\u2019agit d\u2019une colline qui entoure la commune,\",\"breadcrumb\":{\"@id\":\"https:\/\/turismocuzcurrita.com\/fr\/le-bolo\/#breadcrumb\"},\"inLanguage\":\"fr-FR\",\"potentialAction\":[{\"@type\":\"ReadAction\",\"target\":[\"https:\/\/turismocuzcurrita.com\/fr\/le-bolo\/\"]}]},{\"@type\":\"ImageObject\",\"inLanguage\":\"fr-FR\",\"@id\":\"https:\/\/turismocuzcurrita.com\/fr\/le-bolo\/#primaryimage\",\"url\":\"https:\/\/turismocuzcurrita.com\/wp-content\/uploads\/2021\/05\/Cuzcurrita-POI-16-1.jpg\",\"contentUrl\":\"https:\/\/turismocuzcurrita.com\/wp-content\/uploads\/2021\/05\/Cuzcurrita-POI-16-1.jpg\"},{\"@type\":\"BreadcrumbList\",\"@id\":\"https:\/\/turismocuzcurrita.com\/fr\/le-bolo\/#breadcrumb\",\"itemListElement\":[{\"@type\":\"ListItem\",\"position\":1,\"name\":\"Portada\",\"item\":\"https:\/\/turismocuzcurrita.com\/\"},{\"@type\":\"ListItem\",\"position\":2,\"name\":\"LE BOLO\"}]},{\"@type\":\"WebSite\",\"@id\":\"https:\/\/turismocuzcurrita.com\/#website\",\"url\":\"https:\/\/turismocuzcurrita.com\/\",\"name\":\"Turismo Cuzcurrita\",\"description\":\"Patrimonio, enoturismo, naturaleza, gastronom\u00eda, tranquilidad.\",\"publisher\":{\"@id\":\"https:\/\/turismocuzcurrita.com\/#organization\"},\"potentialAction\":[{\"@type\":\"SearchAction\",\"target\":{\"@type\":\"EntryPoint\",\"urlTemplate\":\"https:\/\/turismocuzcurrita.com\/?s={search_term_string}\"},\"query-input\":{\"@type\":\"PropertyValueSpecification\",\"valueRequired\":true,\"valueName\":\"search_term_string\"}}],\"inLanguage\":\"fr-FR\"},{\"@type\":\"Organization\",\"@id\":\"https:\/\/turismocuzcurrita.com\/#organization\",\"name\":\"Turismo Cuzcurrita\",\"url\":\"https:\/\/turismocuzcurrita.com\/\",\"logo\":{\"@type\":\"ImageObject\",\"inLanguage\":\"fr-FR\",\"@id\":\"https:\/\/turismocuzcurrita.com\/#\/schema\/logo\/image\/\",\"url\":\"http:\/\/turismocuzcurrita.com\/wp-content\/uploads\/2021\/05\/Untitled.png\",\"contentUrl\":\"http:\/\/turismocuzcurrita.com\/wp-content\/uploads\/2021\/05\/Untitled.png\",\"width\":59,\"height\":69,\"caption\":\"Turismo Cuzcurrita\"},\"image\":{\"@id\":\"https:\/\/turismocuzcurrita.com\/#\/schema\/logo\/image\/\"}}]}<\/script>\n<!-- \/ Yoast SEO plugin. -->","yoast_head_json":{"title":"LE BOLO - Turismo Cuzcurrita","description":"Le Bolo est probablement un des lieux les plus repr\u00e9sentatifs de Cuzcurrita, avec l\u2019\u00e9glise de Saint Michel. Il s\u2019agit d\u2019une colline qui entoure la commune,","robots":{"index":"index","follow":"follow","max-snippet":"max-snippet:-1","max-image-preview":"max-image-preview:large","max-video-preview":"max-video-preview:-1"},"canonical":"https:\/\/turismocuzcurrita.com\/fr\/le-bolo\/","og_locale":"fr_FR","og_type":"article","og_title":"LE BOLO - Turismo Cuzcurrita","og_description":"Le Bolo est probablement un des lieux les plus repr\u00e9sentatifs de Cuzcurrita, avec l\u2019\u00e9glise de Saint Michel. Il s\u2019agit d\u2019une colline qui entoure la commune,","og_url":"https:\/\/turismocuzcurrita.com\/fr\/le-bolo\/","og_site_name":"Turismo Cuzcurrita","article_modified_time":"2021-08-24T19:33:58+00:00","og_image":[{"url":"https:\/\/turismocuzcurrita.com\/wp-content\/uploads\/2021\/05\/Cuzcurrita-POI-16-1.jpg","type":"","width":"","height":""}],"twitter_card":"summary_large_image","twitter_misc":{"Dur\u00e9e de lecture estim\u00e9e":"3 minutes"},"schema":{"@context":"https:\/\/schema.org","@graph":[{"@type":"WebPage","@id":"https:\/\/turismocuzcurrita.com\/fr\/le-bolo\/","url":"https:\/\/turismocuzcurrita.com\/fr\/le-bolo\/","name":"LE BOLO - Turismo Cuzcurrita","isPartOf":{"@id":"https:\/\/turismocuzcurrita.com\/#website"},"primaryImageOfPage":{"@id":"https:\/\/turismocuzcurrita.com\/fr\/le-bolo\/#primaryimage"},"image":{"@id":"https:\/\/turismocuzcurrita.com\/fr\/le-bolo\/#primaryimage"},"thumbnailUrl":"https:\/\/turismocuzcurrita.com\/wp-content\/uploads\/2021\/05\/Cuzcurrita-POI-16-1.jpg","datePublished":"2021-07-21T14:39:46+00:00","dateModified":"2021-08-24T19:33:58+00:00","description":"Le Bolo est probablement un des lieux les plus repr\u00e9sentatifs de Cuzcurrita, avec l\u2019\u00e9glise de Saint Michel. Il s\u2019agit d\u2019une colline qui entoure la commune,","breadcrumb":{"@id":"https:\/\/turismocuzcurrita.com\/fr\/le-bolo\/#breadcrumb"},"inLanguage":"fr-FR","potentialAction":[{"@type":"ReadAction","target":["https:\/\/turismocuzcurrita.com\/fr\/le-bolo\/"]}]},{"@type":"ImageObject","inLanguage":"fr-FR","@id":"https:\/\/turismocuzcurrita.com\/fr\/le-bolo\/#primaryimage","url":"https:\/\/turismocuzcurrita.com\/wp-content\/uploads\/2021\/05\/Cuzcurrita-POI-16-1.jpg","contentUrl":"https:\/\/turismocuzcurrita.com\/wp-content\/uploads\/2021\/05\/Cuzcurrita-POI-16-1.jpg"},{"@type":"BreadcrumbList","@id":"https:\/\/turismocuzcurrita.com\/fr\/le-bolo\/#breadcrumb","itemListElement":[{"@type":"ListItem","position":1,"name":"Portada","item":"https:\/\/turismocuzcurrita.com\/"},{"@type":"ListItem","position":2,"name":"LE BOLO"}]},{"@type":"WebSite","@id":"https:\/\/turismocuzcurrita.com\/#website","url":"https:\/\/turismocuzcurrita.com\/","name":"Turismo Cuzcurrita","description":"Patrimonio, enoturismo, naturaleza, gastronom\u00eda, tranquilidad.","publisher":{"@id":"https:\/\/turismocuzcurrita.com\/#organization"},"potentialAction":[{"@type":"SearchAction","target":{"@type":"EntryPoint","urlTemplate":"https:\/\/turismocuzcurrita.com\/?s={search_term_string}"},"query-input":{"@type":"PropertyValueSpecification","valueRequired":true,"valueName":"search_term_string"}}],"inLanguage":"fr-FR"},{"@type":"Organization","@id":"https:\/\/turismocuzcurrita.com\/#organization","name":"Turismo Cuzcurrita","url":"https:\/\/turismocuzcurrita.com\/","logo":{"@type":"ImageObject","inLanguage":"fr-FR","@id":"https:\/\/turismocuzcurrita.com\/#\/schema\/logo\/image\/","url":"http:\/\/turismocuzcurrita.com\/wp-content\/uploads\/2021\/05\/Untitled.png","contentUrl":"http:\/\/turismocuzcurrita.com\/wp-content\/uploads\/2021\/05\/Untitled.png","width":59,"height":69,"caption":"Turismo Cuzcurrita"},"image":{"@id":"https:\/\/turismocuzcurrita.com\/#\/schema\/logo\/image\/"}}]}},"_links":{"self":[{"href":"https:\/\/turismocuzcurrita.com\/fr\/wp-json\/wp\/v2\/pages\/3019","targetHints":{"allow":["GET"]}}],"collection":[{"href":"https:\/\/turismocuzcurrita.com\/fr\/wp-json\/wp\/v2\/pages"}],"about":[{"href":"https:\/\/turismocuzcurrita.com\/fr\/wp-json\/wp\/v2\/types\/page"}],"author":[{"embeddable":true,"href":"https:\/\/turismocuzcurrita.com\/fr\/wp-json\/wp\/v2\/users\/1"}],"replies":[{"embeddable":true,"href":"https:\/\/turismocuzcurrita.com\/fr\/wp-json\/wp\/v2\/comments?post=3019"}],"version-history":[{"count":8,"href":"https:\/\/turismocuzcurrita.com\/fr\/wp-json\/wp\/v2\/pages\/3019\/revisions"}],"predecessor-version":[{"id":3548,"href":"https:\/\/turismocuzcurrita.com\/fr\/wp-json\/wp\/v2\/pages\/3019\/revisions\/3548"}],"wp:attachment":[{"href":"https:\/\/turismocuzcurrita.com\/fr\/wp-json\/wp\/v2\/media?parent=3019"}],"curies":[{"name":"wp","href":"https:\/\/api.w.org\/{rel}","templated":true}]}}