{"id":3005,"date":"2021-07-21T14:16:09","date_gmt":"2021-07-21T14:16:09","guid":{"rendered":"https:\/\/turismocuzcurrita.com\/?page_id=3005"},"modified":"2021-08-24T19:36:34","modified_gmt":"2021-08-24T19:36:34","slug":"promenade-fluviale","status":"publish","type":"page","link":"https:\/\/turismocuzcurrita.com\/fr\/promenade-fluviale\/","title":{"rendered":"PROMENADE FLUVIALE"},"content":{"rendered":"\t\t<div data-elementor-type=\"wp-page\" data-elementor-id=\"3005\" class=\"elementor elementor-3005\" data-elementor-settings=\"[]\">\n\t\t\t\t\t\t\t<div class=\"elementor-section-wrap\">\n\t\t\t\t\t\t\t<section class=\"elementor-section elementor-top-section elementor-element elementor-element-09bad26 elementor-section-boxed elementor-section-height-default elementor-section-height-default\" data-id=\"09bad26\" data-element_type=\"section\">\n\t\t\t\t\t\t<div class=\"elementor-container elementor-column-gap-default\">\n\t\t\t\t\t<div class=\"elementor-column elementor-col-100 elementor-top-column elementor-element elementor-element-3656d27\" data-id=\"3656d27\" data-element_type=\"column\">\n\t\t\t<div class=\"elementor-widget-wrap elementor-element-populated\">\n\t\t\t\t\t\t\t\t<div class=\"elementor-element elementor-element-2e580ad elementor-widget elementor-widget-html\" data-id=\"2e580ad\" data-element_type=\"widget\" data-widget_type=\"html.default\">\n\t\t\t\t<div class=\"elementor-widget-container\">\n\t\t\t<div>\n    <audio src='\/wp-content\/uploads\/2021\/07\/PROMENADE-FLUVIALE-_7_.mp3' id='audio'><\/audio>\n    <div class='audio-container'>\n    <button id='player-button' class='player-button play'><\/button>\n    <span id='count'>00:00<\/span> \n    <span class='slash'>\/<\/span>\n    <span id='final_count'>02:29<\/span>\n    <\/div>\n    <\/div>\t\t<\/div>\n\t\t\t\t<\/div>\n\t\t\t\t<div class=\"elementor-element elementor-element-bf5f0ce elementor-widget elementor-widget-heading\" data-id=\"bf5f0ce\" data-element_type=\"widget\" data-widget_type=\"heading.default\">\n\t\t\t\t<div class=\"elementor-widget-container\">\n\t\t\t<h2 class=\"elementor-heading-title elementor-size-default\">Promenade Fluviale<\/h2>\t\t<\/div>\n\t\t\t\t<\/div>\n\t\t\t\t<div class=\"elementor-element elementor-element-e5c2c26 elementor-widget elementor-widget-heading\" data-id=\"e5c2c26\" data-element_type=\"widget\" data-widget_type=\"heading.default\">\n\t\t\t\t<div class=\"elementor-widget-container\">\n\t\t\t<p class=\"elementor-heading-title elementor-size-default\">\u00c0 Cuzcurrita nous adorons profiter de nos espaces naturels et nous voulons vous les faire partager.  <\/p>\t\t<\/div>\n\t\t\t\t<\/div>\n\t\t\t\t\t<\/div>\n\t\t<\/div>\n\t\t\t\t\t\t\t<\/div>\n\t\t<\/section>\n\t\t\t\t<section class=\"elementor-section elementor-top-section elementor-element elementor-element-caf6d04 elementor-section-full_width elementor-section-height-min-height elementor-section-stretched elementor-section-height-default elementor-section-items-middle\" data-id=\"caf6d04\" data-element_type=\"section\" data-settings=\"{&quot;stretch_section&quot;:&quot;section-stretched&quot;,&quot;background_background&quot;:&quot;classic&quot;}\">\n\t\t\t\t\t\t<div class=\"elementor-container elementor-column-gap-default\">\n\t\t\t\t\t<div class=\"elementor-column elementor-col-100 elementor-top-column elementor-element elementor-element-15724ec\" data-id=\"15724ec\" data-element_type=\"column\">\n\t\t\t<div class=\"elementor-widget-wrap\">\n\t\t\t\t\t\t\t\t\t<\/div>\n\t\t<\/div>\n\t\t\t\t\t\t\t<\/div>\n\t\t<\/section>\n\t\t\t\t<section class=\"elementor-section elementor-top-section elementor-element elementor-element-0fc6788 elementor-section-boxed elementor-section-height-default elementor-section-height-default\" data-id=\"0fc6788\" data-element_type=\"section\">\n\t\t\t\t\t\t<div class=\"elementor-container elementor-column-gap-default\">\n\t\t\t\t\t<div class=\"elementor-column elementor-col-100 elementor-top-column elementor-element elementor-element-0e8e833\" data-id=\"0e8e833\" data-element_type=\"column\">\n\t\t\t<div class=\"elementor-widget-wrap elementor-element-populated\">\n\t\t\t\t\t\t\t\t<div class=\"elementor-element elementor-element-dfe047b elementor-widget elementor-widget-spacer\" data-id=\"dfe047b\" data-element_type=\"widget\" data-widget_type=\"spacer.default\">\n\t\t\t\t<div class=\"elementor-widget-container\">\n\t\t\t\t\t<div class=\"elementor-spacer\">\n\t\t\t<div class=\"elementor-spacer-inner\"><\/div>\n\t\t<\/div>\n\t\t\t\t<\/div>\n\t\t\t\t<\/div>\n\t\t\t\t<div class=\"elementor-element elementor-element-b9e896d elementor-widget elementor-widget-heading\" data-id=\"b9e896d\" data-element_type=\"widget\" data-widget_type=\"heading.default\">\n\t\t\t\t<div class=\"elementor-widget-container\">\n\t\t\t<p class=\"elementor-heading-title elementor-size-default\">Depuis le haut du Pont de pierre qui passe au-dessus de la rivi\u00e8re Tir\u00f3n, prenez quelques minutes pour admirer la vue de la commune sur les deux berges.<\/p>\t\t<\/div>\n\t\t\t\t<\/div>\n\t\t\t\t<div class=\"elementor-element elementor-element-de7716b elementor-widget elementor-widget-text-editor\" data-id=\"de7716b\" data-element_type=\"widget\" data-widget_type=\"text-editor.default\">\n\t\t\t\t<div class=\"elementor-widget-container\">\n\t\t\t\t\t\t\t\t<p><span style=\"font-weight: 400;\">D\u2019un c\u00f4t\u00e9, le ch\u00e2teau et la rivi\u00e8re qui s\u2019\u00e9coule dans sa partie naturelle la plus verte et la plus sauvage. De l\u2019autre c\u00f4t\u00e9, la Ville, domin\u00e9e par l\u2019image de l\u2019\u00e9glise baroque de Saint Michel, la rivi\u00e8re comme protagoniste et le fronton en pierre de taille,\u00a0 t\u00e9moin de tant de parties de pelote basque depuis le XIX\u00e8me si\u00e8cle&#8230;C\u2019est le point de\u00a0 rencontre social des habitants. Voisins ou rivaux, mais toujours amis.<\/span><\/p><p class=\"font_8\"><span style=\"font-weight: 400;\">Depuis le Pont de Pierre qui passe au-dessus de la rivi\u00e8re Tir\u00f3n, vous devrez emprunter les escaliers qui descendent \u00e0 la rivi\u00e8re sur sa rive droite, \u00e0 proximit\u00e9 de la rue Cuevas. Si vous voulez faire une balade compl\u00e8te, prenez le chemin vers la gauche pour passer sous le pont et vous arriverez \u00e0 la fontaine du Pito, \u00e0 laquelle vous pourrez vous rafra\u00eechir. \u00c0 cet endroit, vous aurez une magnifique vue sur le Ch\u00e2teau des Velasco, datant du XIV\u00e8me si\u00e8cle, sur le mince cours d\u2019eau de la rivi\u00e8re et sur la Cascade qui tombe en provenance du domaine du Ch\u00e2teau et qui se jette dans la rivi\u00e8re.<\/span><\/p><p class=\"font_8\"><span style=\"font-weight: 400;\">En descendant le petit bout de chemin qui m\u00e8ne \u00e0 la fontaine, et en traversant de nouveau sous le pont, vous pouvez continuer tout droit et profiter d\u2019une agr\u00e9able balade au bord de la rivi\u00e8re Tir\u00f3n. De nombreux arbres et arbustes bien feuillus vous donneront de l\u2019ombre tout au long du parcours. Si en plus vous \u00eates amateur de botanique, vous pourrez contempler une grande diversit\u00e9 de plantes et d\u2019arbres, y compris la v\u00e9g\u00e9tation tout pr\u00e8s de la rivi\u00e8re et ses plantes aquatiques caract\u00e9ristiques.<\/span><\/p>\t\t\t\t\t\t<\/div>\n\t\t\t\t<\/div>\n\t\t\t\t\t<\/div>\n\t\t<\/div>\n\t\t\t\t\t\t\t<\/div>\n\t\t<\/section>\n\t\t\t\t<section class=\"elementor-section elementor-top-section elementor-element elementor-element-e193407 elementor-section-boxed elementor-section-height-default elementor-section-height-default\" data-id=\"e193407\" data-element_type=\"section\">\n\t\t\t\t\t\t<div class=\"elementor-container elementor-column-gap-default\">\n\t\t\t\t\t<div class=\"elementor-column elementor-col-100 elementor-top-column elementor-element elementor-element-c20cbae\" data-id=\"c20cbae\" data-element_type=\"column\">\n\t\t\t<div class=\"elementor-widget-wrap elementor-element-populated\">\n\t\t\t\t\t\t\t\t<div class=\"elementor-element elementor-element-52b010e elementor-widget elementor-widget-image\" data-id=\"52b010e\" data-element_type=\"widget\" data-widget_type=\"image.default\">\n\t\t\t\t<div class=\"elementor-widget-container\">\n\t\t\t\t\t\t\t\t\t\t\t\t\t\t\t<img decoding=\"async\" width=\"830\" height=\"657\" src=\"https:\/\/turismocuzcurrita.com\/wp-content\/uploads\/2021\/05\/DSC00517-puente-rio-iglesia-1.jpg\" class=\"attachment-large size-large\" alt=\"\" srcset=\"https:\/\/turismocuzcurrita.com\/wp-content\/uploads\/2021\/05\/DSC00517-puente-rio-iglesia-1.jpg 830w, https:\/\/turismocuzcurrita.com\/wp-content\/uploads\/2021\/05\/DSC00517-puente-rio-iglesia-1-300x237.jpg 300w, https:\/\/turismocuzcurrita.com\/wp-content\/uploads\/2021\/05\/DSC00517-puente-rio-iglesia-1-768x608.jpg 768w, https:\/\/turismocuzcurrita.com\/wp-content\/uploads\/2021\/05\/DSC00517-puente-rio-iglesia-1-184x146.jpg 184w, https:\/\/turismocuzcurrita.com\/wp-content\/uploads\/2021\/05\/DSC00517-puente-rio-iglesia-1-50x40.jpg 50w, https:\/\/turismocuzcurrita.com\/wp-content\/uploads\/2021\/05\/DSC00517-puente-rio-iglesia-1-95x75.jpg 95w\" sizes=\"(max-width: 830px) 100vw, 830px\" \/>\t\t\t\t\t\t\t\t\t\t\t\t\t\t\t<\/div>\n\t\t\t\t<\/div>\n\t\t\t\t\t<\/div>\n\t\t<\/div>\n\t\t\t\t\t\t\t<\/div>\n\t\t<\/section>\n\t\t\t\t<section class=\"elementor-section elementor-top-section elementor-element elementor-element-c9b8a23 elementor-section-boxed elementor-section-height-default elementor-section-height-default\" data-id=\"c9b8a23\" data-element_type=\"section\">\n\t\t\t\t\t\t<div class=\"elementor-container elementor-column-gap-default\">\n\t\t\t\t\t<div class=\"elementor-column elementor-col-100 elementor-top-column elementor-element elementor-element-ae77adc\" data-id=\"ae77adc\" data-element_type=\"column\">\n\t\t\t<div class=\"elementor-widget-wrap elementor-element-populated\">\n\t\t\t\t\t\t\t\t<div class=\"elementor-element elementor-element-4790c44 elementor-widget elementor-widget-spacer\" data-id=\"4790c44\" data-element_type=\"widget\" data-widget_type=\"spacer.default\">\n\t\t\t\t<div class=\"elementor-widget-container\">\n\t\t\t\t\t<div class=\"elementor-spacer\">\n\t\t\t<div class=\"elementor-spacer-inner\"><\/div>\n\t\t<\/div>\n\t\t\t\t<\/div>\n\t\t\t\t<\/div>\n\t\t\t\t<div class=\"elementor-element elementor-element-b0b268b elementor-widget elementor-widget-text-editor\" data-id=\"b0b268b\" data-element_type=\"widget\" data-widget_type=\"text-editor.default\">\n\t\t\t\t<div class=\"elementor-widget-container\">\n\t\t\t\t\t\t\t\t<p><span style=\"font-weight: 400;\">Si vous \u00eates plut\u00f4t de nature tranquille et que vous voulez profiter de chaque m\u00e8tre du chemin, vous trouverez \u00e0 votre disposition des bancs et des tables pour vous reposer et vous relaxer. Des lieux o\u00f9 l\u2019on n\u2019entend que le silence, le vent et le chant des oiseaux. Et toujours avec la tour de l\u2019\u00e9glise de Saint Michel en toile de fond.<\/span><\/p><p><span style=\"font-weight: 400;\">Vous arriverez \u00e0 un second pont-passerelle au-dessus de la rivi\u00e8re Tir\u00f3n qui vous permettra de repasser sur l\u2019autre rive et d\u2019acc\u00e9der \u00e0 la vieille ville. Si vous \u00eates en groupe, en famille ou entre amis avec des enfants, vous trouverez un espace habilit\u00e9 avec des jeux pour qu\u2019ils puissent passer un moment agr\u00e9able \u00e0 l\u2019air libre au bord de la rivi\u00e8re.<\/span><\/p>\t\t\t\t\t\t<\/div>\n\t\t\t\t<\/div>\n\t\t\t\t<div class=\"elementor-element elementor-element-4e8763e elementor-blockquote--skin-border elementor-blockquote--button-color-official elementor-widget elementor-widget-blockquote\" data-id=\"4e8763e\" data-element_type=\"widget\" data-widget_type=\"blockquote.default\">\n\t\t\t\t<div class=\"elementor-widget-container\">\n\t\t\t\t\t<blockquote class=\"elementor-blockquote\">\n\t\t\t<p class=\"elementor-blockquote__content\">\n\t\t\t\tDe nombreux coins de verdure dont on peut profiter et garder en souvenir dans sa m\u00e9moire..\t\t\t<\/p>\n\t\t\t\t\t<\/blockquote>\n\t\t\t\t<\/div>\n\t\t\t\t<\/div>\n\t\t\t\t\t<\/div>\n\t\t<\/div>\n\t\t\t\t\t\t\t<\/div>\n\t\t<\/section>\n\t\t\t\t<section class=\"elementor-section elementor-top-section elementor-element elementor-element-c946ca2 elementor-section-boxed elementor-section-height-default elementor-section-height-default\" data-id=\"c946ca2\" data-element_type=\"section\">\n\t\t\t\t\t\t<div class=\"elementor-container elementor-column-gap-default\">\n\t\t\t\t\t<div class=\"elementor-column elementor-col-100 elementor-top-column elementor-element elementor-element-a247162\" data-id=\"a247162\" data-element_type=\"column\">\n\t\t\t<div class=\"elementor-widget-wrap elementor-element-populated\">\n\t\t\t\t\t\t\t\t<div class=\"elementor-element elementor-element-94c57fe elementor-widget elementor-widget-image\" data-id=\"94c57fe\" data-element_type=\"widget\" data-widget_type=\"image.default\">\n\t\t\t\t<div class=\"elementor-widget-container\">\n\t\t\t\t\t\t\t\t\t\t\t\t\t\t\t<img decoding=\"async\" width=\"830\" height=\"657\" src=\"https:\/\/turismocuzcurrita.com\/wp-content\/uploads\/2021\/05\/DSC01306-bicicletas.jpg\" class=\"attachment-large size-large\" alt=\"\" srcset=\"https:\/\/turismocuzcurrita.com\/wp-content\/uploads\/2021\/05\/DSC01306-bicicletas.jpg 830w, https:\/\/turismocuzcurrita.com\/wp-content\/uploads\/2021\/05\/DSC01306-bicicletas-300x237.jpg 300w, https:\/\/turismocuzcurrita.com\/wp-content\/uploads\/2021\/05\/DSC01306-bicicletas-768x608.jpg 768w, https:\/\/turismocuzcurrita.com\/wp-content\/uploads\/2021\/05\/DSC01306-bicicletas-184x146.jpg 184w, https:\/\/turismocuzcurrita.com\/wp-content\/uploads\/2021\/05\/DSC01306-bicicletas-50x40.jpg 50w, https:\/\/turismocuzcurrita.com\/wp-content\/uploads\/2021\/05\/DSC01306-bicicletas-95x75.jpg 95w\" sizes=\"(max-width: 830px) 100vw, 830px\" \/>\t\t\t\t\t\t\t\t\t\t\t\t\t\t\t<\/div>\n\t\t\t\t<\/div>\n\t\t\t\t\t<\/div>\n\t\t<\/div>\n\t\t\t\t\t\t\t<\/div>\n\t\t<\/section>\n\t\t\t\t<section class=\"elementor-section elementor-top-section elementor-element elementor-element-f22a939 elementor-section-boxed elementor-section-height-default elementor-section-height-default\" data-id=\"f22a939\" data-element_type=\"section\">\n\t\t\t\t\t\t<div class=\"elementor-container elementor-column-gap-default\">\n\t\t\t\t\t<div class=\"elementor-column elementor-col-100 elementor-top-column elementor-element elementor-element-16bd8f6\" data-id=\"16bd8f6\" data-element_type=\"column\">\n\t\t\t<div class=\"elementor-widget-wrap elementor-element-populated\">\n\t\t\t\t\t\t\t\t<div class=\"elementor-element elementor-element-8266072 elementor-widget elementor-widget-spacer\" data-id=\"8266072\" data-element_type=\"widget\" data-widget_type=\"spacer.default\">\n\t\t\t\t<div class=\"elementor-widget-container\">\n\t\t\t\t\t<div class=\"elementor-spacer\">\n\t\t\t<div class=\"elementor-spacer-inner\"><\/div>\n\t\t<\/div>\n\t\t\t\t<\/div>\n\t\t\t\t<\/div>\n\t\t\t\t<div class=\"elementor-element elementor-element-be48ad3 elementor-widget elementor-widget-heading\" data-id=\"be48ad3\" data-element_type=\"widget\" data-widget_type=\"heading.default\">\n\t\t\t\t<div class=\"elementor-widget-container\">\n\t\t\t<h5 class=\"elementor-heading-title elementor-size-default\">Naviguez dans le Promenade Fluviale ...<\/h5>\t\t<\/div>\n\t\t\t\t<\/div>\n\t\t\t\t<div class=\"elementor-element elementor-element-c3c6ae7 elementor-widget elementor-widget-text-editor\" data-id=\"c3c6ae7\" data-element_type=\"widget\" data-widget_type=\"text-editor.default\">\n\t\t\t\t<div class=\"elementor-widget-container\">\n\t\t\t\t\t\t\t\t<p>D\u00e9placez la souris sur l\u2019image et vous pouvez vous d\u00e9placer \u00e0 360\u00ba pour appr\u00e9cier diff\u00e9rents points de vue.<\/p>\t\t\t\t\t\t<\/div>\n\t\t\t\t<\/div>\n\t\t\t\t<div class=\"elementor-element elementor-element-0b80710 elementor-widget elementor-widget-html\" data-id=\"0b80710\" data-element_type=\"widget\" data-widget_type=\"html.default\">\n\t\t\t\t<div class=\"elementor-widget-container\">\n\t\t\t<iframe src=\"https:\/\/tourmkr.com\/G1isqMIHI3\/12460029p,2934196m,383.71h,101.51t\" height=\"700\"><\/iframe>\t\t<\/div>\n\t\t\t\t<\/div>\n\t\t\t\t<div class=\"elementor-element elementor-element-9316dfd elementor-widget elementor-widget-spacer\" data-id=\"9316dfd\" data-element_type=\"widget\" data-widget_type=\"spacer.default\">\n\t\t\t\t<div class=\"elementor-widget-container\">\n\t\t\t\t\t<div class=\"elementor-spacer\">\n\t\t\t<div class=\"elementor-spacer-inner\"><\/div>\n\t\t<\/div>\n\t\t\t\t<\/div>\n\t\t\t\t<\/div>\n\t\t\t\t\t<\/div>\n\t\t<\/div>\n\t\t\t\t\t\t\t<\/div>\n\t\t<\/section>\n\t\t\t\t\t\t<\/div>\n\t\t\t\t\t<\/div>\n\t\t","protected":false},"excerpt":{"rendered":"<p>Promenade Fluviale \u00c0 Cuzcurrita nous adorons profiter de nos espaces naturels et nous voulons vous les faire partager. Depuis le haut du Pont de pierre qui<span class=\"excerpt-hellip\"> [\u2026]<\/span><\/p>\n","protected":false},"author":1,"featured_media":0,"parent":0,"menu_order":0,"comment_status":"closed","ping_status":"closed","template":"","meta":{"footnotes":""},"class_list":["post-3005","page","type-page","status-publish","hentry"],"yoast_head":"<!-- This site is optimized with the Yoast SEO plugin v24.9 - https:\/\/yoast.com\/wordpress\/plugins\/seo\/ -->\n<title>PROMENADE FLUVIALE - Turismo Cuzcurrita<\/title>\n<meta name=\"description\" content=\"\u00c0 Cuzcurrita nous adorons profiter de nos espaces naturels et nous voulons vous les faire partager.\" \/>\n<meta name=\"robots\" content=\"index, follow, max-snippet:-1, max-image-preview:large, max-video-preview:-1\" \/>\n<link rel=\"canonical\" href=\"https:\/\/turismocuzcurrita.com\/fr\/promenade-fluviale\/\" \/>\n<meta property=\"og:locale\" content=\"fr_FR\" \/>\n<meta property=\"og:type\" content=\"article\" \/>\n<meta property=\"og:title\" content=\"PROMENADE FLUVIALE - Turismo Cuzcurrita\" \/>\n<meta property=\"og:description\" content=\"\u00c0 Cuzcurrita nous adorons profiter de nos espaces naturels et nous voulons vous les faire partager.\" \/>\n<meta property=\"og:url\" content=\"https:\/\/turismocuzcurrita.com\/fr\/promenade-fluviale\/\" \/>\n<meta property=\"og:site_name\" content=\"Turismo Cuzcurrita\" \/>\n<meta property=\"article:modified_time\" content=\"2021-08-24T19:36:34+00:00\" \/>\n<meta property=\"og:image\" content=\"https:\/\/turismocuzcurrita.com\/wp-content\/uploads\/2021\/05\/DSC00517-puente-rio-iglesia-1.jpg\" \/>\n<meta name=\"twitter:card\" content=\"summary_large_image\" \/>\n<meta name=\"twitter:label1\" content=\"Dur\u00e9e de lecture estim\u00e9e\" \/>\n\t<meta name=\"twitter:data1\" content=\"3 minutes\" \/>\n<script type=\"application\/ld+json\" class=\"yoast-schema-graph\">{\"@context\":\"https:\/\/schema.org\",\"@graph\":[{\"@type\":\"WebPage\",\"@id\":\"https:\/\/turismocuzcurrita.com\/fr\/promenade-fluviale\/\",\"url\":\"https:\/\/turismocuzcurrita.com\/fr\/promenade-fluviale\/\",\"name\":\"PROMENADE FLUVIALE - Turismo Cuzcurrita\",\"isPartOf\":{\"@id\":\"https:\/\/turismocuzcurrita.com\/#website\"},\"primaryImageOfPage\":{\"@id\":\"https:\/\/turismocuzcurrita.com\/fr\/promenade-fluviale\/#primaryimage\"},\"image\":{\"@id\":\"https:\/\/turismocuzcurrita.com\/fr\/promenade-fluviale\/#primaryimage\"},\"thumbnailUrl\":\"https:\/\/turismocuzcurrita.com\/wp-content\/uploads\/2021\/05\/DSC00517-puente-rio-iglesia-1.jpg\",\"datePublished\":\"2021-07-21T14:16:09+00:00\",\"dateModified\":\"2021-08-24T19:36:34+00:00\",\"description\":\"\u00c0 Cuzcurrita nous adorons profiter de nos espaces naturels et nous voulons vous les faire partager.\",\"breadcrumb\":{\"@id\":\"https:\/\/turismocuzcurrita.com\/fr\/promenade-fluviale\/#breadcrumb\"},\"inLanguage\":\"fr-FR\",\"potentialAction\":[{\"@type\":\"ReadAction\",\"target\":[\"https:\/\/turismocuzcurrita.com\/fr\/promenade-fluviale\/\"]}]},{\"@type\":\"ImageObject\",\"inLanguage\":\"fr-FR\",\"@id\":\"https:\/\/turismocuzcurrita.com\/fr\/promenade-fluviale\/#primaryimage\",\"url\":\"https:\/\/turismocuzcurrita.com\/wp-content\/uploads\/2021\/05\/DSC00517-puente-rio-iglesia-1.jpg\",\"contentUrl\":\"https:\/\/turismocuzcurrita.com\/wp-content\/uploads\/2021\/05\/DSC00517-puente-rio-iglesia-1.jpg\"},{\"@type\":\"BreadcrumbList\",\"@id\":\"https:\/\/turismocuzcurrita.com\/fr\/promenade-fluviale\/#breadcrumb\",\"itemListElement\":[{\"@type\":\"ListItem\",\"position\":1,\"name\":\"Portada\",\"item\":\"https:\/\/turismocuzcurrita.com\/\"},{\"@type\":\"ListItem\",\"position\":2,\"name\":\"PROMENADE FLUVIALE\"}]},{\"@type\":\"WebSite\",\"@id\":\"https:\/\/turismocuzcurrita.com\/#website\",\"url\":\"https:\/\/turismocuzcurrita.com\/\",\"name\":\"Turismo Cuzcurrita\",\"description\":\"Patrimonio, enoturismo, naturaleza, gastronom\u00eda, tranquilidad.\",\"publisher\":{\"@id\":\"https:\/\/turismocuzcurrita.com\/#organization\"},\"potentialAction\":[{\"@type\":\"SearchAction\",\"target\":{\"@type\":\"EntryPoint\",\"urlTemplate\":\"https:\/\/turismocuzcurrita.com\/?s={search_term_string}\"},\"query-input\":{\"@type\":\"PropertyValueSpecification\",\"valueRequired\":true,\"valueName\":\"search_term_string\"}}],\"inLanguage\":\"fr-FR\"},{\"@type\":\"Organization\",\"@id\":\"https:\/\/turismocuzcurrita.com\/#organization\",\"name\":\"Turismo Cuzcurrita\",\"url\":\"https:\/\/turismocuzcurrita.com\/\",\"logo\":{\"@type\":\"ImageObject\",\"inLanguage\":\"fr-FR\",\"@id\":\"https:\/\/turismocuzcurrita.com\/#\/schema\/logo\/image\/\",\"url\":\"http:\/\/turismocuzcurrita.com\/wp-content\/uploads\/2021\/05\/Untitled.png\",\"contentUrl\":\"http:\/\/turismocuzcurrita.com\/wp-content\/uploads\/2021\/05\/Untitled.png\",\"width\":59,\"height\":69,\"caption\":\"Turismo Cuzcurrita\"},\"image\":{\"@id\":\"https:\/\/turismocuzcurrita.com\/#\/schema\/logo\/image\/\"}}]}<\/script>\n<!-- \/ Yoast SEO plugin. -->","yoast_head_json":{"title":"PROMENADE FLUVIALE - Turismo Cuzcurrita","description":"\u00c0 Cuzcurrita nous adorons profiter de nos espaces naturels et nous voulons vous les faire partager.","robots":{"index":"index","follow":"follow","max-snippet":"max-snippet:-1","max-image-preview":"max-image-preview:large","max-video-preview":"max-video-preview:-1"},"canonical":"https:\/\/turismocuzcurrita.com\/fr\/promenade-fluviale\/","og_locale":"fr_FR","og_type":"article","og_title":"PROMENADE FLUVIALE - Turismo Cuzcurrita","og_description":"\u00c0 Cuzcurrita nous adorons profiter de nos espaces naturels et nous voulons vous les faire partager.","og_url":"https:\/\/turismocuzcurrita.com\/fr\/promenade-fluviale\/","og_site_name":"Turismo Cuzcurrita","article_modified_time":"2021-08-24T19:36:34+00:00","og_image":[{"url":"https:\/\/turismocuzcurrita.com\/wp-content\/uploads\/2021\/05\/DSC00517-puente-rio-iglesia-1.jpg","type":"","width":"","height":""}],"twitter_card":"summary_large_image","twitter_misc":{"Dur\u00e9e de lecture estim\u00e9e":"3 minutes"},"schema":{"@context":"https:\/\/schema.org","@graph":[{"@type":"WebPage","@id":"https:\/\/turismocuzcurrita.com\/fr\/promenade-fluviale\/","url":"https:\/\/turismocuzcurrita.com\/fr\/promenade-fluviale\/","name":"PROMENADE FLUVIALE - Turismo Cuzcurrita","isPartOf":{"@id":"https:\/\/turismocuzcurrita.com\/#website"},"primaryImageOfPage":{"@id":"https:\/\/turismocuzcurrita.com\/fr\/promenade-fluviale\/#primaryimage"},"image":{"@id":"https:\/\/turismocuzcurrita.com\/fr\/promenade-fluviale\/#primaryimage"},"thumbnailUrl":"https:\/\/turismocuzcurrita.com\/wp-content\/uploads\/2021\/05\/DSC00517-puente-rio-iglesia-1.jpg","datePublished":"2021-07-21T14:16:09+00:00","dateModified":"2021-08-24T19:36:34+00:00","description":"\u00c0 Cuzcurrita nous adorons profiter de nos espaces naturels et nous voulons vous les faire partager.","breadcrumb":{"@id":"https:\/\/turismocuzcurrita.com\/fr\/promenade-fluviale\/#breadcrumb"},"inLanguage":"fr-FR","potentialAction":[{"@type":"ReadAction","target":["https:\/\/turismocuzcurrita.com\/fr\/promenade-fluviale\/"]}]},{"@type":"ImageObject","inLanguage":"fr-FR","@id":"https:\/\/turismocuzcurrita.com\/fr\/promenade-fluviale\/#primaryimage","url":"https:\/\/turismocuzcurrita.com\/wp-content\/uploads\/2021\/05\/DSC00517-puente-rio-iglesia-1.jpg","contentUrl":"https:\/\/turismocuzcurrita.com\/wp-content\/uploads\/2021\/05\/DSC00517-puente-rio-iglesia-1.jpg"},{"@type":"BreadcrumbList","@id":"https:\/\/turismocuzcurrita.com\/fr\/promenade-fluviale\/#breadcrumb","itemListElement":[{"@type":"ListItem","position":1,"name":"Portada","item":"https:\/\/turismocuzcurrita.com\/"},{"@type":"ListItem","position":2,"name":"PROMENADE FLUVIALE"}]},{"@type":"WebSite","@id":"https:\/\/turismocuzcurrita.com\/#website","url":"https:\/\/turismocuzcurrita.com\/","name":"Turismo Cuzcurrita","description":"Patrimonio, enoturismo, naturaleza, gastronom\u00eda, tranquilidad.","publisher":{"@id":"https:\/\/turismocuzcurrita.com\/#organization"},"potentialAction":[{"@type":"SearchAction","target":{"@type":"EntryPoint","urlTemplate":"https:\/\/turismocuzcurrita.com\/?s={search_term_string}"},"query-input":{"@type":"PropertyValueSpecification","valueRequired":true,"valueName":"search_term_string"}}],"inLanguage":"fr-FR"},{"@type":"Organization","@id":"https:\/\/turismocuzcurrita.com\/#organization","name":"Turismo Cuzcurrita","url":"https:\/\/turismocuzcurrita.com\/","logo":{"@type":"ImageObject","inLanguage":"fr-FR","@id":"https:\/\/turismocuzcurrita.com\/#\/schema\/logo\/image\/","url":"http:\/\/turismocuzcurrita.com\/wp-content\/uploads\/2021\/05\/Untitled.png","contentUrl":"http:\/\/turismocuzcurrita.com\/wp-content\/uploads\/2021\/05\/Untitled.png","width":59,"height":69,"caption":"Turismo Cuzcurrita"},"image":{"@id":"https:\/\/turismocuzcurrita.com\/#\/schema\/logo\/image\/"}}]}},"_links":{"self":[{"href":"https:\/\/turismocuzcurrita.com\/fr\/wp-json\/wp\/v2\/pages\/3005","targetHints":{"allow":["GET"]}}],"collection":[{"href":"https:\/\/turismocuzcurrita.com\/fr\/wp-json\/wp\/v2\/pages"}],"about":[{"href":"https:\/\/turismocuzcurrita.com\/fr\/wp-json\/wp\/v2\/types\/page"}],"author":[{"embeddable":true,"href":"https:\/\/turismocuzcurrita.com\/fr\/wp-json\/wp\/v2\/users\/1"}],"replies":[{"embeddable":true,"href":"https:\/\/turismocuzcurrita.com\/fr\/wp-json\/wp\/v2\/comments?post=3005"}],"version-history":[{"count":14,"href":"https:\/\/turismocuzcurrita.com\/fr\/wp-json\/wp\/v2\/pages\/3005\/revisions"}],"predecessor-version":[{"id":3551,"href":"https:\/\/turismocuzcurrita.com\/fr\/wp-json\/wp\/v2\/pages\/3005\/revisions\/3551"}],"wp:attachment":[{"href":"https:\/\/turismocuzcurrita.com\/fr\/wp-json\/wp\/v2\/media?parent=3005"}],"curies":[{"name":"wp","href":"https:\/\/api.w.org\/{rel}","templated":true}]}}