{"id":2964,"date":"2021-07-21T13:40:22","date_gmt":"2021-07-21T13:40:22","guid":{"rendered":"https:\/\/turismocuzcurrita.com\/?page_id=2964"},"modified":"2021-08-24T19:34:42","modified_gmt":"2021-08-24T19:34:42","slug":"le-chateau-et-le-lavoir","status":"publish","type":"page","link":"https:\/\/turismocuzcurrita.com\/fr\/le-chateau-et-le-lavoir\/","title":{"rendered":"Le ch\u00e2teau et le lavoir"},"content":{"rendered":"\t\t<div data-elementor-type=\"wp-page\" data-elementor-id=\"2964\" class=\"elementor elementor-2964\" data-elementor-settings=\"[]\">\n\t\t\t\t\t\t\t<div class=\"elementor-section-wrap\">\n\t\t\t\t\t\t\t<section class=\"elementor-section elementor-top-section elementor-element elementor-element-7675cc2 elementor-section-boxed elementor-section-height-default elementor-section-height-default\" data-id=\"7675cc2\" data-element_type=\"section\">\n\t\t\t\t\t\t<div class=\"elementor-container elementor-column-gap-default\">\n\t\t\t\t\t<div class=\"elementor-column elementor-col-100 elementor-top-column elementor-element elementor-element-3c28f71\" data-id=\"3c28f71\" data-element_type=\"column\">\n\t\t\t<div class=\"elementor-widget-wrap elementor-element-populated\">\n\t\t\t\t\t\t\t\t<div class=\"elementor-element elementor-element-0e9c787 elementor-widget elementor-widget-html\" data-id=\"0e9c787\" data-element_type=\"widget\" data-widget_type=\"html.default\">\n\t\t\t\t<div class=\"elementor-widget-container\">\n\t\t\t<div>\n    <audio src='\/wp-content\/uploads\/2021\/07\/LE-CHATEAU-ET-LE-LAVOIR-_4_.mp3' id='audio'><\/audio>\n    <div class='audio-container'>\n    <button id='player-button' class='player-button play'><\/button>\n    <span id='count'>00:00<\/span> \n    <span class='slash'>\/<\/span>\n    <span id='final_count'>03:21<\/span>\n    <\/div>\n    <\/div>\t\t<\/div>\n\t\t\t\t<\/div>\n\t\t\t\t<div class=\"elementor-element elementor-element-5dbf802 elementor-widget elementor-widget-heading\" data-id=\"5dbf802\" data-element_type=\"widget\" data-widget_type=\"heading.default\">\n\t\t\t\t<div class=\"elementor-widget-container\">\n\t\t\t<h2 class=\"elementor-heading-title elementor-size-default\">Le ch\u00e2teau et le lavoir<\/h2>\t\t<\/div>\n\t\t\t\t<\/div>\n\t\t\t\t<div class=\"elementor-element elementor-element-c218271 elementor-widget elementor-widget-text-editor\" data-id=\"c218271\" data-element_type=\"widget\" data-widget_type=\"text-editor.default\">\n\t\t\t\t<div class=\"elementor-widget-container\">\n\t\t\t\t\t\t\t\t<p>Depuis la rue Primer Cant\u00f3n, on acc\u00e8de directement \u00e0 l\u2019enceinte du ch\u00e2teau du village. Cuzcurrita fut utilis\u00e9e comme place forte au Moyen ge. Elle faisait partie de ce qu\u2019on appelait \u00e0 cette \u00e9poque-l\u00e0 \u201cune deuxi\u00e8me ligne de fortifications\u201d qui prot\u00e9geait la fronti\u00e8re du royaume de Castille durant les multiples batailles livr\u00e9es contre le royaume de Navarre.<\/p>\t\t\t\t\t\t<\/div>\n\t\t\t\t<\/div>\n\t\t\t\t\t<\/div>\n\t\t<\/div>\n\t\t\t\t\t\t\t<\/div>\n\t\t<\/section>\n\t\t\t\t<section class=\"elementor-section elementor-top-section elementor-element elementor-element-6ea4c43 elementor-section-full_width elementor-section-height-min-height elementor-section-stretched elementor-section-height-default elementor-section-items-middle\" data-id=\"6ea4c43\" data-element_type=\"section\" data-settings=\"{&quot;stretch_section&quot;:&quot;section-stretched&quot;,&quot;background_background&quot;:&quot;classic&quot;}\">\n\t\t\t\t\t\t<div class=\"elementor-container elementor-column-gap-default\">\n\t\t\t\t\t<div class=\"elementor-column elementor-col-100 elementor-top-column elementor-element elementor-element-a6cdde6\" data-id=\"a6cdde6\" data-element_type=\"column\">\n\t\t\t<div class=\"elementor-widget-wrap\">\n\t\t\t\t\t\t\t\t\t<\/div>\n\t\t<\/div>\n\t\t\t\t\t\t\t<\/div>\n\t\t<\/section>\n\t\t\t\t<section class=\"elementor-section elementor-top-section elementor-element elementor-element-955c04c elementor-section-boxed elementor-section-height-default elementor-section-height-default\" data-id=\"955c04c\" data-element_type=\"section\">\n\t\t\t\t\t\t<div class=\"elementor-container elementor-column-gap-default\">\n\t\t\t\t\t<div class=\"elementor-column elementor-col-100 elementor-top-column elementor-element elementor-element-8eb93c3\" data-id=\"8eb93c3\" data-element_type=\"column\">\n\t\t\t<div class=\"elementor-widget-wrap elementor-element-populated\">\n\t\t\t\t\t\t\t\t<div class=\"elementor-element elementor-element-c2fec6f elementor-widget elementor-widget-spacer\" data-id=\"c2fec6f\" data-element_type=\"widget\" data-widget_type=\"spacer.default\">\n\t\t\t\t<div class=\"elementor-widget-container\">\n\t\t\t\t\t<div class=\"elementor-spacer\">\n\t\t\t<div class=\"elementor-spacer-inner\"><\/div>\n\t\t<\/div>\n\t\t\t\t<\/div>\n\t\t\t\t<\/div>\n\t\t\t\t<div class=\"elementor-element elementor-element-9c21c95 elementor-widget elementor-widget-heading\" data-id=\"9c21c95\" data-element_type=\"widget\" data-widget_type=\"heading.default\">\n\t\t\t\t<div class=\"elementor-widget-container\">\n\t\t\t<h5 class=\"elementor-heading-title elementor-size-default\">Cette ligne commen\u00e7ait au Ch\u00e2teau de Cellorigo, continuait avec les places fortes de Foncea et de Sajazarra, la tour de Anguciana, Cuzcurrita, la tour de Ba\u00f1os et le ch\u00e2teau de Leiva, pour terminer dans la citadelle de Santo Domingo de la Calzada.\n<\/h5>\t\t<\/div>\n\t\t\t\t<\/div>\n\t\t\t\t<div class=\"elementor-element elementor-element-4fb834c elementor-widget elementor-widget-text-editor\" data-id=\"4fb834c\" data-element_type=\"widget\" data-widget_type=\"text-editor.default\">\n\t\t\t\t<div class=\"elementor-widget-container\">\n\t\t\t\t\t\t\t\t<p class=\"font_8\">La ville de Cuzcurrita aussi \u00e9tait fortifi\u00e9e. Le trac\u00e9 primitif englobait la vieille ville. Derri\u00e8re la rue Mayor, les actuels \u201cCuatro Cantones\u201d cl\u00f4turaient l\u2019acc\u00e8s. Tout au long de la rivi\u00e8re, un des tron\u00e7ons ou pans de la muraille, verrouillait l\u2019espace, laissant le pont actuel hors de l\u2019anceinte fortifi\u00e9e. C\u2019est l\u00e0 que se situait \u201cla porte de La Ville\u201d, lieu d\u2019entr\u00e9e principal dont il ne subsiste aucun vestige. L\u2019autre porte \u00e9tait appel\u00e9e la porte \u201cdu Cierzo\u201d et se trouvait dans la partie nord de la ville.<\/p><p class=\"font_8\"><span style=\"font-weight: 400;\">Cuzcurrita disposait aussi d\u2019un ch\u00e2teau \u00e0 l\u2019ext\u00e9rieur des fortifications qui fut construit par la famille Su\u00e1rez de Figueroa entre la fin du XIV\u00e8me et le d\u00e9but du XV\u00e8me si\u00e8cle. Au XVI\u00e8me si\u00e8cle, sous le r\u00e8gne de Felipe II, le IX\u00e8me seigneur de Cuzcurrita, D. Pedro Velasco, de par son mariage\u00a0 forma un majorat. Le blason de sa famille est toujours visible sculpt\u00e9 sur la porte d\u2019entr\u00e9e du ch\u00e2teau.\u00a0 D. Pedro, fondateur du majorat, avait accompagn\u00e9 le roi Felipe II dans son voyage en Angleterre en 1554, dans le cadre de son mariage avec la reine d\u2019Angleterre Mar\u00eda Tudor.<\/span><\/p><p><span style=\"font-weight: 400;\">\u00a0Pendant de nombreux si\u00e8cles, le ch\u00e2teau a appartenu \u00e0 la famille Velasco-Rojas. Au XVIII\u00e8me si\u00e8cle il passa aux mains de la famille Rebolledo de Palafox, Marquis de Laz\u00e1n. Au XIX\u00e8me si\u00e8cle, apr\u00e8s la promulgation des lois abolissant les seigneuries et les majorats, il changea de mains \u00e0 diff\u00e9rentes reprises, jusqu\u2019\u00e0 sa restauration et\u00a0 reconversion actuelle en ch\u00e2teau viticole, dont les vieilles vignes du domaine ont \u00e9t\u00e9 conserv\u00e9es.\u00a0<\/span><\/p>\t\t\t\t\t\t<\/div>\n\t\t\t\t<\/div>\n\t\t\t\t<div class=\"elementor-element elementor-element-b5d932b elementor-blockquote--skin-border elementor-blockquote--button-color-official elementor-widget elementor-widget-blockquote\" data-id=\"b5d932b\" data-element_type=\"widget\" data-widget_type=\"blockquote.default\">\n\t\t\t\t<div class=\"elementor-widget-container\">\n\t\t\t\t\t<blockquote class=\"elementor-blockquote\">\n\t\t\t<p class=\"elementor-blockquote__content\">\n\t\t\t\tCette forteresse a un trac\u00e9 carr\u00e9 irr\u00e9gulier et des murailles qui abritent en son for la Tour du Donjon, et c\u2019est l\u2019une des plus caract\u00e9ristiques de la Rioja pour l\u2019harmonie de ses dimensions et la raret\u00e9 de ses ouvertures. Au centre se situe la tour, \u00e9galement de forme carr\u00e9e avec de tr\u00e8s petites baies, d\u2019une taille \u00e0 peine plus grande que les meurtri\u00e8res. \n\t\t\t<\/p>\n\t\t\t\t\t<\/blockquote>\n\t\t\t\t<\/div>\n\t\t\t\t<\/div>\n\t\t\t\t<div class=\"elementor-element elementor-element-a9b768f elementor-widget elementor-widget-spacer\" data-id=\"a9b768f\" data-element_type=\"widget\" data-widget_type=\"spacer.default\">\n\t\t\t\t<div class=\"elementor-widget-container\">\n\t\t\t\t\t<div class=\"elementor-spacer\">\n\t\t\t<div class=\"elementor-spacer-inner\"><\/div>\n\t\t<\/div>\n\t\t\t\t<\/div>\n\t\t\t\t<\/div>\n\t\t\t\t<div class=\"elementor-element elementor-element-6e7d8f0 elementor-widget elementor-widget-text-editor\" data-id=\"6e7d8f0\" data-element_type=\"widget\" data-widget_type=\"text-editor.default\">\n\t\t\t\t<div class=\"elementor-widget-container\">\n\t\t\t\t\t\t\t\t<p><span style=\"font-weight: 400;\">Couronnant la tour centrale on trouve un m\u00e2chicoulis continu et des cr\u00e9neaux r\u00e9guliers,\u00a0 perc\u00e9s de<\/span> <span style=\"font-weight: 400;\">meurtri\u00e8res unissant les diff\u00e9rentes gu\u00e9rites rondes \u00e0 encorbellement situ\u00e9es dans les coins.<\/span><\/p><p class=\"font_8\"><span style=\"font-weight: 400;\">Aux pieds du ch\u00e2teau, et en descendant la pente\u00a0 on arrive au lavoir qui fut construit au XIX\u00e8me si\u00e8cle, profitant de la proximit\u00e9 des froides eaux de la rivi\u00e8re. Sa restauration en 1997, a permis de r\u00e9cup\u00e9rer cet\u00a0 \u00e9l\u00e9ment architectural de la tradition populaire des villages. De plus, \u00e9tant le lieu de travail des lavandi\u00e8res, il remplissait aussi la fonction de lieu de rencontres sociales pour les habitants de la ville.<\/span><\/p>\t\t\t\t\t\t<\/div>\n\t\t\t\t<\/div>\n\t\t\t\t\t<\/div>\n\t\t<\/div>\n\t\t\t\t\t\t\t<\/div>\n\t\t<\/section>\n\t\t\t\t<section class=\"elementor-section elementor-top-section elementor-element elementor-element-f9e9f60 elementor-section-boxed elementor-section-height-default elementor-section-height-default\" data-id=\"f9e9f60\" data-element_type=\"section\">\n\t\t\t\t\t\t<div class=\"elementor-container elementor-column-gap-default\">\n\t\t\t\t\t<div class=\"elementor-column elementor-col-100 elementor-top-column elementor-element elementor-element-54a83bd\" data-id=\"54a83bd\" data-element_type=\"column\">\n\t\t\t<div class=\"elementor-widget-wrap elementor-element-populated\">\n\t\t\t\t\t\t\t\t<div class=\"elementor-element elementor-element-9a6e306 elementor-widget elementor-widget-image\" data-id=\"9a6e306\" data-element_type=\"widget\" data-widget_type=\"image.default\">\n\t\t\t\t<div class=\"elementor-widget-container\">\n\t\t\t\t\t\t\t\t\t\t\t\t\t\t\t<img decoding=\"async\" width=\"830\" height=\"657\" src=\"https:\/\/turismocuzcurrita.com\/wp-content\/uploads\/2021\/05\/torre-castillo-DSC00352.jpg\" class=\"attachment-large size-large\" alt=\"\" srcset=\"https:\/\/turismocuzcurrita.com\/wp-content\/uploads\/2021\/05\/torre-castillo-DSC00352.jpg 830w, https:\/\/turismocuzcurrita.com\/wp-content\/uploads\/2021\/05\/torre-castillo-DSC00352-300x237.jpg 300w, https:\/\/turismocuzcurrita.com\/wp-content\/uploads\/2021\/05\/torre-castillo-DSC00352-768x608.jpg 768w, https:\/\/turismocuzcurrita.com\/wp-content\/uploads\/2021\/05\/torre-castillo-DSC00352-184x146.jpg 184w, https:\/\/turismocuzcurrita.com\/wp-content\/uploads\/2021\/05\/torre-castillo-DSC00352-50x40.jpg 50w, https:\/\/turismocuzcurrita.com\/wp-content\/uploads\/2021\/05\/torre-castillo-DSC00352-95x75.jpg 95w\" sizes=\"(max-width: 830px) 100vw, 830px\" \/>\t\t\t\t\t\t\t\t\t\t\t\t\t\t\t<\/div>\n\t\t\t\t<\/div>\n\t\t\t\t<div class=\"elementor-element elementor-element-ac85480 elementor-widget elementor-widget-spacer\" data-id=\"ac85480\" data-element_type=\"widget\" data-widget_type=\"spacer.default\">\n\t\t\t\t<div class=\"elementor-widget-container\">\n\t\t\t\t\t<div class=\"elementor-spacer\">\n\t\t\t<div class=\"elementor-spacer-inner\"><\/div>\n\t\t<\/div>\n\t\t\t\t<\/div>\n\t\t\t\t<\/div>\n\t\t\t\t\t<\/div>\n\t\t<\/div>\n\t\t\t\t\t\t\t<\/div>\n\t\t<\/section>\n\t\t\t\t<section class=\"elementor-section elementor-top-section elementor-element elementor-element-39b198d elementor-section-boxed elementor-section-height-default elementor-section-height-default\" data-id=\"39b198d\" data-element_type=\"section\">\n\t\t\t\t\t\t<div class=\"elementor-container elementor-column-gap-default\">\n\t\t\t\t\t<div class=\"elementor-column elementor-col-100 elementor-top-column elementor-element elementor-element-aa742c7\" data-id=\"aa742c7\" data-element_type=\"column\">\n\t\t\t<div class=\"elementor-widget-wrap elementor-element-populated\">\n\t\t\t\t\t\t\t\t<div class=\"elementor-element elementor-element-a19317a elementor-widget elementor-widget-heading\" data-id=\"a19317a\" data-element_type=\"widget\" data-widget_type=\"heading.default\">\n\t\t\t\t<div class=\"elementor-widget-container\">\n\t\t\t<h5 class=\"elementor-heading-title elementor-size-default\">Naviguez dans le Le ch\u00e2teau et le lavoir ...<\/h5>\t\t<\/div>\n\t\t\t\t<\/div>\n\t\t\t\t<div class=\"elementor-element elementor-element-e1eb9af elementor-widget elementor-widget-text-editor\" data-id=\"e1eb9af\" data-element_type=\"widget\" data-widget_type=\"text-editor.default\">\n\t\t\t\t<div class=\"elementor-widget-container\">\n\t\t\t\t\t\t\t\t<p>D\u00e9placez la souris sur l\u2019image et vous pouvez vous d\u00e9placer \u00e0 360\u00ba pour appr\u00e9cier diff\u00e9rents points de vue.<\/p>\t\t\t\t\t\t<\/div>\n\t\t\t\t<\/div>\n\t\t\t\t<div class=\"elementor-element elementor-element-5b65792 elementor-widget elementor-widget-html\" data-id=\"5b65792\" data-element_type=\"widget\" data-widget_type=\"html.default\">\n\t\t\t\t<div class=\"elementor-widget-container\">\n\t\t\t<iframe src=\"https:\/\/tourmkr.com\/G1isqMIHI3\/12460032p,2934196m,275.47h,89.21t\" height=\"700\"><\/iframe>\t\t<\/div>\n\t\t\t\t<\/div>\n\t\t\t\t<div class=\"elementor-element elementor-element-424503b elementor-widget elementor-widget-spacer\" data-id=\"424503b\" data-element_type=\"widget\" data-widget_type=\"spacer.default\">\n\t\t\t\t<div class=\"elementor-widget-container\">\n\t\t\t\t\t<div class=\"elementor-spacer\">\n\t\t\t<div class=\"elementor-spacer-inner\"><\/div>\n\t\t<\/div>\n\t\t\t\t<\/div>\n\t\t\t\t<\/div>\n\t\t\t\t\t<\/div>\n\t\t<\/div>\n\t\t\t\t\t\t\t<\/div>\n\t\t<\/section>\n\t\t\t\t\t\t<\/div>\n\t\t\t\t\t<\/div>\n\t\t","protected":false},"excerpt":{"rendered":"<p>Le ch\u00e2teau et le lavoir Depuis la rue Primer Cant\u00f3n, on acc\u00e8de directement \u00e0 l\u2019enceinte du ch\u00e2teau du village. Cuzcurrita fut utilis\u00e9e comme place forte au<span class=\"excerpt-hellip\"> [\u2026]<\/span><\/p>\n","protected":false},"author":1,"featured_media":0,"parent":0,"menu_order":0,"comment_status":"closed","ping_status":"closed","template":"","meta":{"footnotes":""},"class_list":["post-2964","page","type-page","status-publish","hentry"],"yoast_head":"<!-- This site is optimized with the Yoast SEO plugin v24.9 - https:\/\/yoast.com\/wordpress\/plugins\/seo\/ -->\n<title>Le ch\u00e2teau et le lavoir - Turismo Cuzcurrita<\/title>\n<meta name=\"description\" content=\"Depuis la rue Primer Cant\u00f3n, on acc\u00e8de directement \u00e0 l\u2019enceinte du ch\u00e2teau du village. Cuzcurrita fut utilis\u00e9e comme place forte au Moyen ge.\" \/>\n<meta name=\"robots\" content=\"index, follow, max-snippet:-1, max-image-preview:large, max-video-preview:-1\" \/>\n<link rel=\"canonical\" href=\"https:\/\/turismocuzcurrita.com\/fr\/le-chateau-et-le-lavoir\/\" \/>\n<meta property=\"og:locale\" content=\"fr_FR\" \/>\n<meta property=\"og:type\" content=\"article\" \/>\n<meta property=\"og:title\" content=\"Le ch\u00e2teau et le lavoir - Turismo Cuzcurrita\" \/>\n<meta property=\"og:description\" content=\"Depuis la rue Primer Cant\u00f3n, on acc\u00e8de directement \u00e0 l\u2019enceinte du ch\u00e2teau du village. Cuzcurrita fut utilis\u00e9e comme place forte au Moyen ge.\" \/>\n<meta property=\"og:url\" content=\"https:\/\/turismocuzcurrita.com\/fr\/le-chateau-et-le-lavoir\/\" \/>\n<meta property=\"og:site_name\" content=\"Turismo Cuzcurrita\" \/>\n<meta property=\"article:modified_time\" content=\"2021-08-24T19:34:42+00:00\" \/>\n<meta property=\"og:image\" content=\"https:\/\/turismocuzcurrita.com\/wp-content\/uploads\/2021\/05\/torre-castillo-DSC00352.jpg\" \/>\n<meta name=\"twitter:card\" content=\"summary_large_image\" \/>\n<meta name=\"twitter:label1\" content=\"Dur\u00e9e de lecture estim\u00e9e\" \/>\n\t<meta name=\"twitter:data1\" content=\"3 minutes\" \/>\n<script type=\"application\/ld+json\" class=\"yoast-schema-graph\">{\"@context\":\"https:\/\/schema.org\",\"@graph\":[{\"@type\":\"WebPage\",\"@id\":\"https:\/\/turismocuzcurrita.com\/fr\/le-chateau-et-le-lavoir\/\",\"url\":\"https:\/\/turismocuzcurrita.com\/fr\/le-chateau-et-le-lavoir\/\",\"name\":\"Le ch\u00e2teau et le lavoir - Turismo Cuzcurrita\",\"isPartOf\":{\"@id\":\"https:\/\/turismocuzcurrita.com\/#website\"},\"primaryImageOfPage\":{\"@id\":\"https:\/\/turismocuzcurrita.com\/fr\/le-chateau-et-le-lavoir\/#primaryimage\"},\"image\":{\"@id\":\"https:\/\/turismocuzcurrita.com\/fr\/le-chateau-et-le-lavoir\/#primaryimage\"},\"thumbnailUrl\":\"https:\/\/turismocuzcurrita.com\/wp-content\/uploads\/2021\/05\/torre-castillo-DSC00352.jpg\",\"datePublished\":\"2021-07-21T13:40:22+00:00\",\"dateModified\":\"2021-08-24T19:34:42+00:00\",\"description\":\"Depuis la rue Primer Cant\u00f3n, on acc\u00e8de directement \u00e0 l\u2019enceinte du ch\u00e2teau du village. Cuzcurrita fut utilis\u00e9e comme place forte au Moyen ge.\",\"breadcrumb\":{\"@id\":\"https:\/\/turismocuzcurrita.com\/fr\/le-chateau-et-le-lavoir\/#breadcrumb\"},\"inLanguage\":\"fr-FR\",\"potentialAction\":[{\"@type\":\"ReadAction\",\"target\":[\"https:\/\/turismocuzcurrita.com\/fr\/le-chateau-et-le-lavoir\/\"]}]},{\"@type\":\"ImageObject\",\"inLanguage\":\"fr-FR\",\"@id\":\"https:\/\/turismocuzcurrita.com\/fr\/le-chateau-et-le-lavoir\/#primaryimage\",\"url\":\"https:\/\/turismocuzcurrita.com\/wp-content\/uploads\/2021\/05\/torre-castillo-DSC00352.jpg\",\"contentUrl\":\"https:\/\/turismocuzcurrita.com\/wp-content\/uploads\/2021\/05\/torre-castillo-DSC00352.jpg\"},{\"@type\":\"BreadcrumbList\",\"@id\":\"https:\/\/turismocuzcurrita.com\/fr\/le-chateau-et-le-lavoir\/#breadcrumb\",\"itemListElement\":[{\"@type\":\"ListItem\",\"position\":1,\"name\":\"Portada\",\"item\":\"https:\/\/turismocuzcurrita.com\/\"},{\"@type\":\"ListItem\",\"position\":2,\"name\":\"Le ch\u00e2teau et le lavoir\"}]},{\"@type\":\"WebSite\",\"@id\":\"https:\/\/turismocuzcurrita.com\/#website\",\"url\":\"https:\/\/turismocuzcurrita.com\/\",\"name\":\"Turismo Cuzcurrita\",\"description\":\"Patrimonio, enoturismo, naturaleza, gastronom\u00eda, tranquilidad.\",\"publisher\":{\"@id\":\"https:\/\/turismocuzcurrita.com\/#organization\"},\"potentialAction\":[{\"@type\":\"SearchAction\",\"target\":{\"@type\":\"EntryPoint\",\"urlTemplate\":\"https:\/\/turismocuzcurrita.com\/?s={search_term_string}\"},\"query-input\":{\"@type\":\"PropertyValueSpecification\",\"valueRequired\":true,\"valueName\":\"search_term_string\"}}],\"inLanguage\":\"fr-FR\"},{\"@type\":\"Organization\",\"@id\":\"https:\/\/turismocuzcurrita.com\/#organization\",\"name\":\"Turismo Cuzcurrita\",\"url\":\"https:\/\/turismocuzcurrita.com\/\",\"logo\":{\"@type\":\"ImageObject\",\"inLanguage\":\"fr-FR\",\"@id\":\"https:\/\/turismocuzcurrita.com\/#\/schema\/logo\/image\/\",\"url\":\"http:\/\/turismocuzcurrita.com\/wp-content\/uploads\/2021\/05\/Untitled.png\",\"contentUrl\":\"http:\/\/turismocuzcurrita.com\/wp-content\/uploads\/2021\/05\/Untitled.png\",\"width\":59,\"height\":69,\"caption\":\"Turismo Cuzcurrita\"},\"image\":{\"@id\":\"https:\/\/turismocuzcurrita.com\/#\/schema\/logo\/image\/\"}}]}<\/script>\n<!-- \/ Yoast SEO plugin. -->","yoast_head_json":{"title":"Le ch\u00e2teau et le lavoir - Turismo Cuzcurrita","description":"Depuis la rue Primer Cant\u00f3n, on acc\u00e8de directement \u00e0 l\u2019enceinte du ch\u00e2teau du village. Cuzcurrita fut utilis\u00e9e comme place forte au Moyen ge.","robots":{"index":"index","follow":"follow","max-snippet":"max-snippet:-1","max-image-preview":"max-image-preview:large","max-video-preview":"max-video-preview:-1"},"canonical":"https:\/\/turismocuzcurrita.com\/fr\/le-chateau-et-le-lavoir\/","og_locale":"fr_FR","og_type":"article","og_title":"Le ch\u00e2teau et le lavoir - Turismo Cuzcurrita","og_description":"Depuis la rue Primer Cant\u00f3n, on acc\u00e8de directement \u00e0 l\u2019enceinte du ch\u00e2teau du village. Cuzcurrita fut utilis\u00e9e comme place forte au Moyen ge.","og_url":"https:\/\/turismocuzcurrita.com\/fr\/le-chateau-et-le-lavoir\/","og_site_name":"Turismo Cuzcurrita","article_modified_time":"2021-08-24T19:34:42+00:00","og_image":[{"url":"https:\/\/turismocuzcurrita.com\/wp-content\/uploads\/2021\/05\/torre-castillo-DSC00352.jpg","type":"","width":"","height":""}],"twitter_card":"summary_large_image","twitter_misc":{"Dur\u00e9e de lecture estim\u00e9e":"3 minutes"},"schema":{"@context":"https:\/\/schema.org","@graph":[{"@type":"WebPage","@id":"https:\/\/turismocuzcurrita.com\/fr\/le-chateau-et-le-lavoir\/","url":"https:\/\/turismocuzcurrita.com\/fr\/le-chateau-et-le-lavoir\/","name":"Le ch\u00e2teau et le lavoir - Turismo Cuzcurrita","isPartOf":{"@id":"https:\/\/turismocuzcurrita.com\/#website"},"primaryImageOfPage":{"@id":"https:\/\/turismocuzcurrita.com\/fr\/le-chateau-et-le-lavoir\/#primaryimage"},"image":{"@id":"https:\/\/turismocuzcurrita.com\/fr\/le-chateau-et-le-lavoir\/#primaryimage"},"thumbnailUrl":"https:\/\/turismocuzcurrita.com\/wp-content\/uploads\/2021\/05\/torre-castillo-DSC00352.jpg","datePublished":"2021-07-21T13:40:22+00:00","dateModified":"2021-08-24T19:34:42+00:00","description":"Depuis la rue Primer Cant\u00f3n, on acc\u00e8de directement \u00e0 l\u2019enceinte du ch\u00e2teau du village. Cuzcurrita fut utilis\u00e9e comme place forte au Moyen ge.","breadcrumb":{"@id":"https:\/\/turismocuzcurrita.com\/fr\/le-chateau-et-le-lavoir\/#breadcrumb"},"inLanguage":"fr-FR","potentialAction":[{"@type":"ReadAction","target":["https:\/\/turismocuzcurrita.com\/fr\/le-chateau-et-le-lavoir\/"]}]},{"@type":"ImageObject","inLanguage":"fr-FR","@id":"https:\/\/turismocuzcurrita.com\/fr\/le-chateau-et-le-lavoir\/#primaryimage","url":"https:\/\/turismocuzcurrita.com\/wp-content\/uploads\/2021\/05\/torre-castillo-DSC00352.jpg","contentUrl":"https:\/\/turismocuzcurrita.com\/wp-content\/uploads\/2021\/05\/torre-castillo-DSC00352.jpg"},{"@type":"BreadcrumbList","@id":"https:\/\/turismocuzcurrita.com\/fr\/le-chateau-et-le-lavoir\/#breadcrumb","itemListElement":[{"@type":"ListItem","position":1,"name":"Portada","item":"https:\/\/turismocuzcurrita.com\/"},{"@type":"ListItem","position":2,"name":"Le ch\u00e2teau et le lavoir"}]},{"@type":"WebSite","@id":"https:\/\/turismocuzcurrita.com\/#website","url":"https:\/\/turismocuzcurrita.com\/","name":"Turismo Cuzcurrita","description":"Patrimonio, enoturismo, naturaleza, gastronom\u00eda, tranquilidad.","publisher":{"@id":"https:\/\/turismocuzcurrita.com\/#organization"},"potentialAction":[{"@type":"SearchAction","target":{"@type":"EntryPoint","urlTemplate":"https:\/\/turismocuzcurrita.com\/?s={search_term_string}"},"query-input":{"@type":"PropertyValueSpecification","valueRequired":true,"valueName":"search_term_string"}}],"inLanguage":"fr-FR"},{"@type":"Organization","@id":"https:\/\/turismocuzcurrita.com\/#organization","name":"Turismo Cuzcurrita","url":"https:\/\/turismocuzcurrita.com\/","logo":{"@type":"ImageObject","inLanguage":"fr-FR","@id":"https:\/\/turismocuzcurrita.com\/#\/schema\/logo\/image\/","url":"http:\/\/turismocuzcurrita.com\/wp-content\/uploads\/2021\/05\/Untitled.png","contentUrl":"http:\/\/turismocuzcurrita.com\/wp-content\/uploads\/2021\/05\/Untitled.png","width":59,"height":69,"caption":"Turismo Cuzcurrita"},"image":{"@id":"https:\/\/turismocuzcurrita.com\/#\/schema\/logo\/image\/"}}]}},"_links":{"self":[{"href":"https:\/\/turismocuzcurrita.com\/fr\/wp-json\/wp\/v2\/pages\/2964","targetHints":{"allow":["GET"]}}],"collection":[{"href":"https:\/\/turismocuzcurrita.com\/fr\/wp-json\/wp\/v2\/pages"}],"about":[{"href":"https:\/\/turismocuzcurrita.com\/fr\/wp-json\/wp\/v2\/types\/page"}],"author":[{"embeddable":true,"href":"https:\/\/turismocuzcurrita.com\/fr\/wp-json\/wp\/v2\/users\/1"}],"replies":[{"embeddable":true,"href":"https:\/\/turismocuzcurrita.com\/fr\/wp-json\/wp\/v2\/comments?post=2964"}],"version-history":[{"count":8,"href":"https:\/\/turismocuzcurrita.com\/fr\/wp-json\/wp\/v2\/pages\/2964\/revisions"}],"predecessor-version":[{"id":3549,"href":"https:\/\/turismocuzcurrita.com\/fr\/wp-json\/wp\/v2\/pages\/2964\/revisions\/3549"}],"wp:attachment":[{"href":"https:\/\/turismocuzcurrita.com\/fr\/wp-json\/wp\/v2\/media?parent=2964"}],"curies":[{"name":"wp","href":"https:\/\/api.w.org\/{rel}","templated":true}]}}