{"id":2947,"date":"2021-07-20T18:11:07","date_gmt":"2021-07-20T18:11:07","guid":{"rendered":"https:\/\/turismocuzcurrita.com\/?page_id=2947"},"modified":"2021-08-24T19:33:14","modified_gmt":"2021-08-24T19:33:14","slug":"leglise-de-saint-michel","status":"publish","type":"page","link":"https:\/\/turismocuzcurrita.com\/fr\/leglise-de-saint-michel\/","title":{"rendered":"L&#8217;\u00c9GLISE DE SAINT MICHEL"},"content":{"rendered":"\t\t<div data-elementor-type=\"wp-page\" data-elementor-id=\"2947\" class=\"elementor elementor-2947\" data-elementor-settings=\"[]\">\n\t\t\t\t\t\t\t<div class=\"elementor-section-wrap\">\n\t\t\t\t\t\t\t<section class=\"elementor-section elementor-top-section elementor-element elementor-element-faab266 elementor-section-boxed elementor-section-height-default elementor-section-height-default\" data-id=\"faab266\" data-element_type=\"section\">\n\t\t\t\t\t\t<div class=\"elementor-container elementor-column-gap-default\">\n\t\t\t\t\t<div class=\"elementor-column elementor-col-100 elementor-top-column elementor-element elementor-element-e4f5d1f\" data-id=\"e4f5d1f\" data-element_type=\"column\">\n\t\t\t<div class=\"elementor-widget-wrap elementor-element-populated\">\n\t\t\t\t\t\t\t\t<div class=\"elementor-element elementor-element-78d8e40 elementor-widget elementor-widget-html\" data-id=\"78d8e40\" data-element_type=\"widget\" data-widget_type=\"html.default\">\n\t\t\t\t<div class=\"elementor-widget-container\">\n\t\t\t<div>\n    <audio src='\/wp-content\/uploads\/2021\/07\/EGLISE-SAINT-MICHEL-_3_.mp3' id='audio'><\/audio>\n    <div class='audio-container'>\n    <button id='player-button' class='player-button play'><\/button>\n    <span id='count'>00:00<\/span> \n    <span class='slash'>\/<\/span>\n    <span id='final_count'>03:15<\/span>\n    <\/div>\n    <\/div>\t\t<\/div>\n\t\t\t\t<\/div>\n\t\t\t\t<div class=\"elementor-element elementor-element-a61ef7e elementor-widget elementor-widget-heading\" data-id=\"a61ef7e\" data-element_type=\"widget\" data-widget_type=\"heading.default\">\n\t\t\t\t<div class=\"elementor-widget-container\">\n\t\t\t<h2 class=\"elementor-heading-title elementor-size-default\">L'\u00e9glise de Saint Michel<\/h2>\t\t<\/div>\n\t\t\t\t<\/div>\n\t\t\t\t<div class=\"elementor-element elementor-element-655917b elementor-widget elementor-widget-text-editor\" data-id=\"655917b\" data-element_type=\"widget\" data-widget_type=\"text-editor.default\">\n\t\t\t\t<div class=\"elementor-widget-container\">\n\t\t\t\t\t\t\t\t<p><span style=\"font-weight: 400;\">Au coeur m\u00eame de la Ville de Cuzcurrita, et faisant partie de l\u2019ensemble architectural de la Plaza Mayor, se trouve l\u2019\u00e9glise de l\u2019Archange Saint Michel, d\u00e9clar\u00e9e Monument National depuis 1978. Oeuvre baroque du XVIII\u00e8me si\u00e8cle, elle fut construite entre 1753 et 1766 avec des pierres de taille en gr\u00e8s extraites des carri\u00e8res avoisinantes.<\/span><\/p>\t\t\t\t\t\t<\/div>\n\t\t\t\t<\/div>\n\t\t\t\t\t<\/div>\n\t\t<\/div>\n\t\t\t\t\t\t\t<\/div>\n\t\t<\/section>\n\t\t\t\t<section class=\"elementor-section elementor-top-section elementor-element elementor-element-49e6183 elementor-section-full_width elementor-section-height-min-height elementor-section-stretched elementor-section-height-default elementor-section-items-middle\" data-id=\"49e6183\" data-element_type=\"section\" data-settings=\"{&quot;stretch_section&quot;:&quot;section-stretched&quot;,&quot;background_background&quot;:&quot;classic&quot;}\">\n\t\t\t\t\t\t<div class=\"elementor-container elementor-column-gap-default\">\n\t\t\t\t\t<div class=\"elementor-column elementor-col-100 elementor-top-column elementor-element elementor-element-aee919c\" data-id=\"aee919c\" data-element_type=\"column\">\n\t\t\t<div class=\"elementor-widget-wrap\">\n\t\t\t\t\t\t\t\t\t<\/div>\n\t\t<\/div>\n\t\t\t\t\t\t\t<\/div>\n\t\t<\/section>\n\t\t\t\t<section class=\"elementor-section elementor-top-section elementor-element elementor-element-5b79d5a elementor-section-boxed elementor-section-height-default elementor-section-height-default\" data-id=\"5b79d5a\" data-element_type=\"section\">\n\t\t\t\t\t\t<div class=\"elementor-container elementor-column-gap-default\">\n\t\t\t\t\t<div class=\"elementor-column elementor-col-100 elementor-top-column elementor-element elementor-element-d8fcf18\" data-id=\"d8fcf18\" data-element_type=\"column\">\n\t\t\t<div class=\"elementor-widget-wrap elementor-element-populated\">\n\t\t\t\t\t\t\t\t<div class=\"elementor-element elementor-element-7d4fdff elementor-widget elementor-widget-spacer\" data-id=\"7d4fdff\" data-element_type=\"widget\" data-widget_type=\"spacer.default\">\n\t\t\t\t<div class=\"elementor-widget-container\">\n\t\t\t\t\t<div class=\"elementor-spacer\">\n\t\t\t<div class=\"elementor-spacer-inner\"><\/div>\n\t\t<\/div>\n\t\t\t\t<\/div>\n\t\t\t\t<\/div>\n\t\t\t\t<div class=\"elementor-element elementor-element-8b1bf3d elementor-widget elementor-widget-text-editor\" data-id=\"8b1bf3d\" data-element_type=\"widget\" data-widget_type=\"text-editor.default\">\n\t\t\t\t<div class=\"elementor-widget-container\">\n\t\t\t\t\t\t\t\t<p>Nous sommes, sans aucun doute, face au monument du XVIII\u00e8me si\u00e8cle le plus singulier et le plus spectaculaire de l\u2019ensemble artistique du patrimoine de La Rioja. Il \u00e9tait compl\u00e8tement avant gardiste \u00e0 cette \u00e9poque-l\u00e0 de concevoir une fa\u00e7ade courbe, preuve que sa r\u00e9alisation tira son inspiration de l\u2019architecte le plus brillant du XVII\u00e8me si\u00e8cle, Francesco Borromini et de la fa\u00e7ade de l\u2019\u00e9glise de &#8220;San Carlo alle Quattro Fontane&#8221; \u00e0 Rome.<\/p>\t\t\t\t\t\t<\/div>\n\t\t\t\t<\/div>\n\t\t\t\t<div class=\"elementor-element elementor-element-06bf1e0 elementor-widget elementor-widget-text-editor\" data-id=\"06bf1e0\" data-element_type=\"widget\" data-widget_type=\"text-editor.default\">\n\t\t\t\t<div class=\"elementor-widget-container\">\n\t\t\t\t\t\t\t\t<p class=\"font_8\">Le mouvement et la courbure de la pierre sont tr\u00e8s difficiles \u00e0 obtenir, mais gr\u00e2ce au savoir faire des ma\u00eetres tailleurs de pierre dirig\u00e9s par Jos\u00e9 de Itu\u00f1o, nous pouvons encore aujourd\u2019hui admirer un jeu de trois plans courbes, concaves sur les c\u00f4t\u00e9s et convexe au centre, encadr\u00e9s par quatre colonnes soutenant un fronton curviligne form\u00e9 par des moulures de volutes. De cette mani\u00e8re, les superficies concaves et convexes parviennent \u00e0 transmettre la sensation de mouvement et de dynamisme typiques de l&#8217;esth\u00e9tique baroque qui se prolongea en Espagne tout au long du XVIII si\u00e8cle.<\/p><p><span style=\"font-weight: 400;\">La Tour \u00e0 trois corps qui couronne l&#8217;\u00e9glise est, cependant, d\u2019un style baroque propre de la r\u00e9gion. En fait, les similitudes sont flagrantes entre les tours de la Concath\u00e9drale de Santa Mar\u00eda La Redonda de Logro\u00f1o,\u00a0 de l&#8217;\u00e9glise de Santa Mar\u00eda de Briones, de l\u2019\u00e9glise de Santo Tom\u00e1s de Haro ou de la Cath\u00e9drale de Santo Domingo de la Calzada.<\/span><\/p>\t\t\t\t\t\t<\/div>\n\t\t\t\t<\/div>\n\t\t\t\t\t<\/div>\n\t\t<\/div>\n\t\t\t\t\t\t\t<\/div>\n\t\t<\/section>\n\t\t\t\t<section class=\"elementor-section elementor-top-section elementor-element elementor-element-b55cd38 elementor-section-boxed elementor-section-height-default elementor-section-height-default\" data-id=\"b55cd38\" data-element_type=\"section\">\n\t\t\t\t\t\t<div class=\"elementor-container elementor-column-gap-default\">\n\t\t\t\t\t<div class=\"elementor-column elementor-col-100 elementor-top-column elementor-element elementor-element-f6c803c\" data-id=\"f6c803c\" data-element_type=\"column\">\n\t\t\t<div class=\"elementor-widget-wrap elementor-element-populated\">\n\t\t\t\t\t\t\t\t<div class=\"elementor-element elementor-element-f0cd896 elementor-widget elementor-widget-image\" data-id=\"f0cd896\" data-element_type=\"widget\" data-widget_type=\"image.default\">\n\t\t\t\t<div class=\"elementor-widget-container\">\n\t\t\t\t\t\t\t\t\t\t\t\t\t\t\t<img decoding=\"async\" width=\"828\" height=\"646\" src=\"https:\/\/turismocuzcurrita.com\/wp-content\/uploads\/2021\/05\/Cuzcurrita-POI-2.jpg\" class=\"attachment-large size-large\" alt=\"\" srcset=\"https:\/\/turismocuzcurrita.com\/wp-content\/uploads\/2021\/05\/Cuzcurrita-POI-2.jpg 828w, https:\/\/turismocuzcurrita.com\/wp-content\/uploads\/2021\/05\/Cuzcurrita-POI-2-300x234.jpg 300w, https:\/\/turismocuzcurrita.com\/wp-content\/uploads\/2021\/05\/Cuzcurrita-POI-2-768x599.jpg 768w, https:\/\/turismocuzcurrita.com\/wp-content\/uploads\/2021\/05\/Cuzcurrita-POI-2-187x146.jpg 187w, https:\/\/turismocuzcurrita.com\/wp-content\/uploads\/2021\/05\/Cuzcurrita-POI-2-50x39.jpg 50w, https:\/\/turismocuzcurrita.com\/wp-content\/uploads\/2021\/05\/Cuzcurrita-POI-2-96x75.jpg 96w\" sizes=\"(max-width: 828px) 100vw, 828px\" \/>\t\t\t\t\t\t\t\t\t\t\t\t\t\t\t<\/div>\n\t\t\t\t<\/div>\n\t\t\t\t\t<\/div>\n\t\t<\/div>\n\t\t\t\t\t\t\t<\/div>\n\t\t<\/section>\n\t\t\t\t<section class=\"elementor-section elementor-top-section elementor-element elementor-element-1df52a1 elementor-section-boxed elementor-section-height-default elementor-section-height-default\" data-id=\"1df52a1\" data-element_type=\"section\">\n\t\t\t\t\t\t<div class=\"elementor-container elementor-column-gap-default\">\n\t\t\t\t\t<div class=\"elementor-column elementor-col-100 elementor-top-column elementor-element elementor-element-7f54c78\" data-id=\"7f54c78\" data-element_type=\"column\">\n\t\t\t<div class=\"elementor-widget-wrap elementor-element-populated\">\n\t\t\t\t\t\t\t\t<div class=\"elementor-element elementor-element-7d860bc elementor-widget elementor-widget-spacer\" data-id=\"7d860bc\" data-element_type=\"widget\" data-widget_type=\"spacer.default\">\n\t\t\t\t<div class=\"elementor-widget-container\">\n\t\t\t\t\t<div class=\"elementor-spacer\">\n\t\t\t<div class=\"elementor-spacer-inner\"><\/div>\n\t\t<\/div>\n\t\t\t\t<\/div>\n\t\t\t\t<\/div>\n\t\t\t\t<div class=\"elementor-element elementor-element-e37a850 elementor-widget elementor-widget-text-editor\" data-id=\"e37a850\" data-element_type=\"widget\" data-widget_type=\"text-editor.default\">\n\t\t\t\t<div class=\"elementor-widget-container\">\n\t\t\t\t\t\t\t\t<p><span style=\"font-weight: 400;\">\u00c0 l\u2019int\u00e9rieur de l\u2019\u00e9glise,<\/span> <span style=\"font-weight: 400;\">le plan<\/span> <span style=\"font-weight: 400;\">est longitudinal, avec un chevet, un transept, trois nefs et un jub\u00e9. Entre les contreforts se trouvent les chapelles communicantes entre elles. Deux sacristies\u00a0 adoss\u00e9es au chevet finissent de composer l\u2019int\u00e9rieur\u00a0 de\u00a0 Saint Michel. L\u2019ancienne, du XVII\u00e8me si\u00e8cle, ob\u00e9it aux canons du baroque primitif\u00a0 dans La Rioja, alors que la nouvelle sacristie fut construite en 1800 et est de style n\u00e9o classique avec plan circulaire.<\/span><\/p><p><span style=\"font-weight: 400;\">Les retables de l\u2019int\u00e9rieur furent \u00e9labor\u00e9s par Miguel Antonio de J\u00e1uregui \u00e0 la fin du XVIII\u00e8me si\u00e8cle. Il est int\u00e9ressant de remarquer la pr\u00e9sence d\u2019une lanterne situ\u00e9e derri\u00e8re le retable principal, qui permettait \u00e0 la lumi\u00e8re ext\u00e9rieure de p\u00e9n\u00e9trer, rappelant ainsi \u00e0 contre jour la silhouette de Saint Michel, tr\u00f4nant en haut du retable. De cette mani\u00e8re sont cr\u00e9\u00e9s un effet d\u2019optique et un jeu de lumi\u00e8res, propres au caract\u00e8re th\u00e9\u00e2trale de la liturgie baroque. Malheureusement en 1974 un grand incendie fit rage dans l\u2019\u00e9glise et d\u00e9truisit le jub\u00e9, les stalles du choeur, l\u2019orgue, le presbyt\u00e8re, le retable principal, une partie de la chaire et l\u2019image gothique\u00a0 de Notre Dame De Tironcillo datant du XIV\u00e8me si\u00e8cle.<\/span><\/p>\t\t\t\t\t\t<\/div>\n\t\t\t\t<\/div>\n\t\t\t\t<div class=\"elementor-element elementor-element-25f76fe elementor-blockquote--skin-border elementor-blockquote--button-color-official elementor-widget elementor-widget-blockquote\" data-id=\"25f76fe\" data-element_type=\"widget\" data-widget_type=\"blockquote.default\">\n\t\t\t\t<div class=\"elementor-widget-container\">\n\t\t\t\t\t<blockquote class=\"elementor-blockquote\">\n\t\t\t<p class=\"elementor-blockquote__content\">\n\t\t\t\tHeureusement, on a pu sauver, gr\u00e2ce \u00e0 l\u2019aide des habitants de la commune, le relief de la Derni\u00e8re C\u00e8ne, une oeuvre hispano-flamande de la fin du XV\u00e8me si\u00e8cle. Un v\u00e9ritable  joyau qui pr\u00e9side le ma\u00eetre-autel.\t\t\t<\/p>\n\t\t\t\t\t<\/blockquote>\n\t\t\t\t<\/div>\n\t\t\t\t<\/div>\n\t\t\t\t\t<\/div>\n\t\t<\/div>\n\t\t\t\t\t\t\t<\/div>\n\t\t<\/section>\n\t\t\t\t<section class=\"elementor-section elementor-top-section elementor-element elementor-element-c4af50c elementor-section-boxed elementor-section-height-default elementor-section-height-default\" data-id=\"c4af50c\" data-element_type=\"section\">\n\t\t\t\t\t\t<div class=\"elementor-container elementor-column-gap-default\">\n\t\t\t\t\t<div class=\"elementor-column elementor-col-100 elementor-top-column elementor-element elementor-element-f9dffe7\" data-id=\"f9dffe7\" data-element_type=\"column\">\n\t\t\t<div class=\"elementor-widget-wrap elementor-element-populated\">\n\t\t\t\t\t\t\t\t<div class=\"elementor-element elementor-element-82d2337 elementor-widget elementor-widget-image\" data-id=\"82d2337\" data-element_type=\"widget\" data-widget_type=\"image.default\">\n\t\t\t\t<div class=\"elementor-widget-container\">\n\t\t\t\t\t\t\t\t\t\t\t\t\t\t\t<img decoding=\"async\" width=\"830\" height=\"657\" src=\"https:\/\/turismocuzcurrita.com\/wp-content\/uploads\/2021\/05\/retablo_MG_2322.jpg\" class=\"attachment-large size-large\" alt=\"\" srcset=\"https:\/\/turismocuzcurrita.com\/wp-content\/uploads\/2021\/05\/retablo_MG_2322.jpg 830w, https:\/\/turismocuzcurrita.com\/wp-content\/uploads\/2021\/05\/retablo_MG_2322-300x237.jpg 300w, https:\/\/turismocuzcurrita.com\/wp-content\/uploads\/2021\/05\/retablo_MG_2322-768x608.jpg 768w, https:\/\/turismocuzcurrita.com\/wp-content\/uploads\/2021\/05\/retablo_MG_2322-184x146.jpg 184w, https:\/\/turismocuzcurrita.com\/wp-content\/uploads\/2021\/05\/retablo_MG_2322-50x40.jpg 50w, https:\/\/turismocuzcurrita.com\/wp-content\/uploads\/2021\/05\/retablo_MG_2322-95x75.jpg 95w\" sizes=\"(max-width: 830px) 100vw, 830px\" \/>\t\t\t\t\t\t\t\t\t\t\t\t\t\t\t<\/div>\n\t\t\t\t<\/div>\n\t\t\t\t\t<\/div>\n\t\t<\/div>\n\t\t\t\t\t\t\t<\/div>\n\t\t<\/section>\n\t\t\t\t<section class=\"elementor-section elementor-top-section elementor-element elementor-element-1bd3b01 elementor-section-boxed elementor-section-height-default elementor-section-height-default\" data-id=\"1bd3b01\" data-element_type=\"section\">\n\t\t\t\t\t\t<div class=\"elementor-container elementor-column-gap-default\">\n\t\t\t\t\t<div class=\"elementor-column elementor-col-100 elementor-top-column elementor-element elementor-element-945f343\" data-id=\"945f343\" data-element_type=\"column\">\n\t\t\t<div class=\"elementor-widget-wrap elementor-element-populated\">\n\t\t\t\t\t\t\t\t<div class=\"elementor-element elementor-element-c3cd2cc elementor-widget elementor-widget-heading\" data-id=\"c3cd2cc\" data-element_type=\"widget\" data-widget_type=\"heading.default\">\n\t\t\t\t<div class=\"elementor-widget-container\">\n\t\t\t<h5 class=\"elementor-heading-title elementor-size-default\">Naviguez dans L'\u00e9glise de Saint Michel ...<\/h5>\t\t<\/div>\n\t\t\t\t<\/div>\n\t\t\t\t<div class=\"elementor-element elementor-element-06098db elementor-widget elementor-widget-text-editor\" data-id=\"06098db\" data-element_type=\"widget\" data-widget_type=\"text-editor.default\">\n\t\t\t\t<div class=\"elementor-widget-container\">\n\t\t\t\t\t\t\t\t<p>D\u00e9placez la souris sur l\u2019image et vous pouvez vous d\u00e9placer \u00e0 360\u00ba pour appr\u00e9cier diff\u00e9rents points de vue.<\/p>\t\t\t\t\t\t<\/div>\n\t\t\t\t<\/div>\n\t\t\t\t<div class=\"elementor-element elementor-element-594c396 elementor-widget elementor-widget-html\" data-id=\"594c396\" data-element_type=\"widget\" data-widget_type=\"html.default\">\n\t\t\t\t<div class=\"elementor-widget-container\">\n\t\t\t<iframe src=\"https:\/\/tourmkr.com\/G1isqMIHI3\/12442674p,2933835m,65.28h,92.92t\r\n\" height=\"700\"><\/iframe>\t\t<\/div>\n\t\t\t\t<\/div>\n\t\t\t\t<div class=\"elementor-element elementor-element-cf1fe7d elementor-widget elementor-widget-spacer\" data-id=\"cf1fe7d\" data-element_type=\"widget\" data-widget_type=\"spacer.default\">\n\t\t\t\t<div class=\"elementor-widget-container\">\n\t\t\t\t\t<div class=\"elementor-spacer\">\n\t\t\t<div class=\"elementor-spacer-inner\"><\/div>\n\t\t<\/div>\n\t\t\t\t<\/div>\n\t\t\t\t<\/div>\n\t\t\t\t\t<\/div>\n\t\t<\/div>\n\t\t\t\t\t\t\t<\/div>\n\t\t<\/section>\n\t\t\t\t\t\t<\/div>\n\t\t\t\t\t<\/div>\n\t\t","protected":false},"excerpt":{"rendered":"<p>L&#8217;\u00e9glise de Saint Michel Au coeur m\u00eame de la Ville de Cuzcurrita, et faisant partie de l\u2019ensemble architectural de la Plaza Mayor, se trouve l\u2019\u00e9glise de<span class=\"excerpt-hellip\"> [\u2026]<\/span><\/p>\n","protected":false},"author":1,"featured_media":0,"parent":0,"menu_order":0,"comment_status":"closed","ping_status":"closed","template":"","meta":{"footnotes":""},"class_list":["post-2947","page","type-page","status-publish","hentry"],"yoast_head":"<!-- This site is optimized with the Yoast SEO plugin v24.9 - https:\/\/yoast.com\/wordpress\/plugins\/seo\/ -->\n<title>L&#039;\u00c9GLISE DE SAINT MICHEL - Turismo Cuzcurrita<\/title>\n<meta name=\"description\" content=\"Au coeur m\u00eame de la Ville de Cuzcurrita, et faisant partie de l\u2019ensemble architectural de la Plaza Mayor, se trouve l\u2019\u00e9glise de l\u2019Archange Saint Michel, d\u00e9clar\u00e9e Monument National depuis 1978.\" \/>\n<meta name=\"robots\" content=\"index, follow, max-snippet:-1, max-image-preview:large, max-video-preview:-1\" \/>\n<link rel=\"canonical\" href=\"https:\/\/turismocuzcurrita.com\/fr\/leglise-de-saint-michel\/\" \/>\n<meta property=\"og:locale\" content=\"fr_FR\" \/>\n<meta property=\"og:type\" content=\"article\" \/>\n<meta property=\"og:title\" content=\"L&#039;\u00c9GLISE DE SAINT MICHEL - Turismo Cuzcurrita\" \/>\n<meta property=\"og:description\" content=\"Au coeur m\u00eame de la Ville de Cuzcurrita, et faisant partie de l\u2019ensemble architectural de la Plaza Mayor, se trouve l\u2019\u00e9glise de l\u2019Archange Saint Michel, d\u00e9clar\u00e9e Monument National depuis 1978.\" \/>\n<meta property=\"og:url\" content=\"https:\/\/turismocuzcurrita.com\/fr\/leglise-de-saint-michel\/\" \/>\n<meta property=\"og:site_name\" content=\"Turismo Cuzcurrita\" \/>\n<meta property=\"article:modified_time\" content=\"2021-08-24T19:33:14+00:00\" \/>\n<meta property=\"og:image\" content=\"https:\/\/turismocuzcurrita.com\/wp-content\/uploads\/2021\/05\/Cuzcurrita-POI-2.jpg\" \/>\n<meta name=\"twitter:card\" content=\"summary_large_image\" \/>\n<meta name=\"twitter:label1\" content=\"Dur\u00e9e de lecture estim\u00e9e\" \/>\n\t<meta name=\"twitter:data1\" content=\"3 minutes\" \/>\n<script type=\"application\/ld+json\" class=\"yoast-schema-graph\">{\"@context\":\"https:\/\/schema.org\",\"@graph\":[{\"@type\":\"WebPage\",\"@id\":\"https:\/\/turismocuzcurrita.com\/fr\/leglise-de-saint-michel\/\",\"url\":\"https:\/\/turismocuzcurrita.com\/fr\/leglise-de-saint-michel\/\",\"name\":\"L'\u00c9GLISE DE SAINT MICHEL - Turismo Cuzcurrita\",\"isPartOf\":{\"@id\":\"https:\/\/turismocuzcurrita.com\/#website\"},\"primaryImageOfPage\":{\"@id\":\"https:\/\/turismocuzcurrita.com\/fr\/leglise-de-saint-michel\/#primaryimage\"},\"image\":{\"@id\":\"https:\/\/turismocuzcurrita.com\/fr\/leglise-de-saint-michel\/#primaryimage\"},\"thumbnailUrl\":\"https:\/\/turismocuzcurrita.com\/wp-content\/uploads\/2021\/05\/Cuzcurrita-POI-2.jpg\",\"datePublished\":\"2021-07-20T18:11:07+00:00\",\"dateModified\":\"2021-08-24T19:33:14+00:00\",\"description\":\"Au coeur m\u00eame de la Ville de Cuzcurrita, et faisant partie de l\u2019ensemble architectural de la Plaza Mayor, se trouve l\u2019\u00e9glise de l\u2019Archange Saint Michel, d\u00e9clar\u00e9e Monument National depuis 1978.\",\"breadcrumb\":{\"@id\":\"https:\/\/turismocuzcurrita.com\/fr\/leglise-de-saint-michel\/#breadcrumb\"},\"inLanguage\":\"fr-FR\",\"potentialAction\":[{\"@type\":\"ReadAction\",\"target\":[\"https:\/\/turismocuzcurrita.com\/fr\/leglise-de-saint-michel\/\"]}]},{\"@type\":\"ImageObject\",\"inLanguage\":\"fr-FR\",\"@id\":\"https:\/\/turismocuzcurrita.com\/fr\/leglise-de-saint-michel\/#primaryimage\",\"url\":\"https:\/\/turismocuzcurrita.com\/wp-content\/uploads\/2021\/05\/Cuzcurrita-POI-2.jpg\",\"contentUrl\":\"https:\/\/turismocuzcurrita.com\/wp-content\/uploads\/2021\/05\/Cuzcurrita-POI-2.jpg\"},{\"@type\":\"BreadcrumbList\",\"@id\":\"https:\/\/turismocuzcurrita.com\/fr\/leglise-de-saint-michel\/#breadcrumb\",\"itemListElement\":[{\"@type\":\"ListItem\",\"position\":1,\"name\":\"Portada\",\"item\":\"https:\/\/turismocuzcurrita.com\/\"},{\"@type\":\"ListItem\",\"position\":2,\"name\":\"L&#8217;\u00c9GLISE DE SAINT MICHEL\"}]},{\"@type\":\"WebSite\",\"@id\":\"https:\/\/turismocuzcurrita.com\/#website\",\"url\":\"https:\/\/turismocuzcurrita.com\/\",\"name\":\"Turismo Cuzcurrita\",\"description\":\"Patrimonio, enoturismo, naturaleza, gastronom\u00eda, tranquilidad.\",\"publisher\":{\"@id\":\"https:\/\/turismocuzcurrita.com\/#organization\"},\"potentialAction\":[{\"@type\":\"SearchAction\",\"target\":{\"@type\":\"EntryPoint\",\"urlTemplate\":\"https:\/\/turismocuzcurrita.com\/?s={search_term_string}\"},\"query-input\":{\"@type\":\"PropertyValueSpecification\",\"valueRequired\":true,\"valueName\":\"search_term_string\"}}],\"inLanguage\":\"fr-FR\"},{\"@type\":\"Organization\",\"@id\":\"https:\/\/turismocuzcurrita.com\/#organization\",\"name\":\"Turismo Cuzcurrita\",\"url\":\"https:\/\/turismocuzcurrita.com\/\",\"logo\":{\"@type\":\"ImageObject\",\"inLanguage\":\"fr-FR\",\"@id\":\"https:\/\/turismocuzcurrita.com\/#\/schema\/logo\/image\/\",\"url\":\"http:\/\/turismocuzcurrita.com\/wp-content\/uploads\/2021\/05\/Untitled.png\",\"contentUrl\":\"http:\/\/turismocuzcurrita.com\/wp-content\/uploads\/2021\/05\/Untitled.png\",\"width\":59,\"height\":69,\"caption\":\"Turismo Cuzcurrita\"},\"image\":{\"@id\":\"https:\/\/turismocuzcurrita.com\/#\/schema\/logo\/image\/\"}}]}<\/script>\n<!-- \/ Yoast SEO plugin. -->","yoast_head_json":{"title":"L'\u00c9GLISE DE SAINT MICHEL - Turismo Cuzcurrita","description":"Au coeur m\u00eame de la Ville de Cuzcurrita, et faisant partie de l\u2019ensemble architectural de la Plaza Mayor, se trouve l\u2019\u00e9glise de l\u2019Archange Saint Michel, d\u00e9clar\u00e9e Monument National depuis 1978.","robots":{"index":"index","follow":"follow","max-snippet":"max-snippet:-1","max-image-preview":"max-image-preview:large","max-video-preview":"max-video-preview:-1"},"canonical":"https:\/\/turismocuzcurrita.com\/fr\/leglise-de-saint-michel\/","og_locale":"fr_FR","og_type":"article","og_title":"L'\u00c9GLISE DE SAINT MICHEL - Turismo Cuzcurrita","og_description":"Au coeur m\u00eame de la Ville de Cuzcurrita, et faisant partie de l\u2019ensemble architectural de la Plaza Mayor, se trouve l\u2019\u00e9glise de l\u2019Archange Saint Michel, d\u00e9clar\u00e9e Monument National depuis 1978.","og_url":"https:\/\/turismocuzcurrita.com\/fr\/leglise-de-saint-michel\/","og_site_name":"Turismo Cuzcurrita","article_modified_time":"2021-08-24T19:33:14+00:00","og_image":[{"url":"https:\/\/turismocuzcurrita.com\/wp-content\/uploads\/2021\/05\/Cuzcurrita-POI-2.jpg","type":"","width":"","height":""}],"twitter_card":"summary_large_image","twitter_misc":{"Dur\u00e9e de lecture estim\u00e9e":"3 minutes"},"schema":{"@context":"https:\/\/schema.org","@graph":[{"@type":"WebPage","@id":"https:\/\/turismocuzcurrita.com\/fr\/leglise-de-saint-michel\/","url":"https:\/\/turismocuzcurrita.com\/fr\/leglise-de-saint-michel\/","name":"L'\u00c9GLISE DE SAINT MICHEL - Turismo Cuzcurrita","isPartOf":{"@id":"https:\/\/turismocuzcurrita.com\/#website"},"primaryImageOfPage":{"@id":"https:\/\/turismocuzcurrita.com\/fr\/leglise-de-saint-michel\/#primaryimage"},"image":{"@id":"https:\/\/turismocuzcurrita.com\/fr\/leglise-de-saint-michel\/#primaryimage"},"thumbnailUrl":"https:\/\/turismocuzcurrita.com\/wp-content\/uploads\/2021\/05\/Cuzcurrita-POI-2.jpg","datePublished":"2021-07-20T18:11:07+00:00","dateModified":"2021-08-24T19:33:14+00:00","description":"Au coeur m\u00eame de la Ville de Cuzcurrita, et faisant partie de l\u2019ensemble architectural de la Plaza Mayor, se trouve l\u2019\u00e9glise de l\u2019Archange Saint Michel, d\u00e9clar\u00e9e Monument National depuis 1978.","breadcrumb":{"@id":"https:\/\/turismocuzcurrita.com\/fr\/leglise-de-saint-michel\/#breadcrumb"},"inLanguage":"fr-FR","potentialAction":[{"@type":"ReadAction","target":["https:\/\/turismocuzcurrita.com\/fr\/leglise-de-saint-michel\/"]}]},{"@type":"ImageObject","inLanguage":"fr-FR","@id":"https:\/\/turismocuzcurrita.com\/fr\/leglise-de-saint-michel\/#primaryimage","url":"https:\/\/turismocuzcurrita.com\/wp-content\/uploads\/2021\/05\/Cuzcurrita-POI-2.jpg","contentUrl":"https:\/\/turismocuzcurrita.com\/wp-content\/uploads\/2021\/05\/Cuzcurrita-POI-2.jpg"},{"@type":"BreadcrumbList","@id":"https:\/\/turismocuzcurrita.com\/fr\/leglise-de-saint-michel\/#breadcrumb","itemListElement":[{"@type":"ListItem","position":1,"name":"Portada","item":"https:\/\/turismocuzcurrita.com\/"},{"@type":"ListItem","position":2,"name":"L&#8217;\u00c9GLISE DE SAINT MICHEL"}]},{"@type":"WebSite","@id":"https:\/\/turismocuzcurrita.com\/#website","url":"https:\/\/turismocuzcurrita.com\/","name":"Turismo Cuzcurrita","description":"Patrimonio, enoturismo, naturaleza, gastronom\u00eda, tranquilidad.","publisher":{"@id":"https:\/\/turismocuzcurrita.com\/#organization"},"potentialAction":[{"@type":"SearchAction","target":{"@type":"EntryPoint","urlTemplate":"https:\/\/turismocuzcurrita.com\/?s={search_term_string}"},"query-input":{"@type":"PropertyValueSpecification","valueRequired":true,"valueName":"search_term_string"}}],"inLanguage":"fr-FR"},{"@type":"Organization","@id":"https:\/\/turismocuzcurrita.com\/#organization","name":"Turismo Cuzcurrita","url":"https:\/\/turismocuzcurrita.com\/","logo":{"@type":"ImageObject","inLanguage":"fr-FR","@id":"https:\/\/turismocuzcurrita.com\/#\/schema\/logo\/image\/","url":"http:\/\/turismocuzcurrita.com\/wp-content\/uploads\/2021\/05\/Untitled.png","contentUrl":"http:\/\/turismocuzcurrita.com\/wp-content\/uploads\/2021\/05\/Untitled.png","width":59,"height":69,"caption":"Turismo Cuzcurrita"},"image":{"@id":"https:\/\/turismocuzcurrita.com\/#\/schema\/logo\/image\/"}}]}},"_links":{"self":[{"href":"https:\/\/turismocuzcurrita.com\/fr\/wp-json\/wp\/v2\/pages\/2947","targetHints":{"allow":["GET"]}}],"collection":[{"href":"https:\/\/turismocuzcurrita.com\/fr\/wp-json\/wp\/v2\/pages"}],"about":[{"href":"https:\/\/turismocuzcurrita.com\/fr\/wp-json\/wp\/v2\/types\/page"}],"author":[{"embeddable":true,"href":"https:\/\/turismocuzcurrita.com\/fr\/wp-json\/wp\/v2\/users\/1"}],"replies":[{"embeddable":true,"href":"https:\/\/turismocuzcurrita.com\/fr\/wp-json\/wp\/v2\/comments?post=2947"}],"version-history":[{"count":8,"href":"https:\/\/turismocuzcurrita.com\/fr\/wp-json\/wp\/v2\/pages\/2947\/revisions"}],"predecessor-version":[{"id":3547,"href":"https:\/\/turismocuzcurrita.com\/fr\/wp-json\/wp\/v2\/pages\/2947\/revisions\/3547"}],"wp:attachment":[{"href":"https:\/\/turismocuzcurrita.com\/fr\/wp-json\/wp\/v2\/media?parent=2947"}],"curies":[{"name":"wp","href":"https:\/\/api.w.org\/{rel}","templated":true}]}}