{"id":2927,"date":"2021-07-20T17:46:49","date_gmt":"2021-07-20T17:46:49","guid":{"rendered":"https:\/\/turismocuzcurrita.com\/?page_id=2927"},"modified":"2021-08-24T19:41:11","modified_gmt":"2021-08-24T19:41:11","slug":"vieille-ville","status":"publish","type":"page","link":"https:\/\/turismocuzcurrita.com\/fr\/vieille-ville\/","title":{"rendered":"VIEILLE VILLE"},"content":{"rendered":"\t\t<div data-elementor-type=\"wp-page\" data-elementor-id=\"2927\" class=\"elementor elementor-2927\" data-elementor-settings=\"[]\">\n\t\t\t\t\t\t\t<div class=\"elementor-section-wrap\">\n\t\t\t\t\t\t\t<section class=\"elementor-section elementor-top-section elementor-element elementor-element-6f2b6b9 elementor-section-boxed elementor-section-height-default elementor-section-height-default\" data-id=\"6f2b6b9\" data-element_type=\"section\">\n\t\t\t\t\t\t<div class=\"elementor-container elementor-column-gap-default\">\n\t\t\t\t\t<div class=\"elementor-column elementor-col-100 elementor-top-column elementor-element elementor-element-2ea512c\" data-id=\"2ea512c\" data-element_type=\"column\">\n\t\t\t<div class=\"elementor-widget-wrap elementor-element-populated\">\n\t\t\t\t\t\t\t\t<div class=\"elementor-element elementor-element-947f440 elementor-widget elementor-widget-html\" data-id=\"947f440\" data-element_type=\"widget\" data-widget_type=\"html.default\">\n\t\t\t\t<div class=\"elementor-widget-container\">\n\t\t\t<div>\n    <audio src='\/wp-content\/uploads\/2021\/07\/VIELLE-VILLE-_2_.mp3' id='audio'><\/audio>\n    <div class='audio-container'>\n    <button id='player-button' class='player-button play'><\/button>\n    <span id='count'>00:00<\/span> \n    <span class='slash'>\/<\/span>\n    <span id='final_count'>5:06<\/span>\n    <\/div>\n    <\/div>\t\t<\/div>\n\t\t\t\t<\/div>\n\t\t\t\t<div class=\"elementor-element elementor-element-190604b elementor-widget elementor-widget-heading\" data-id=\"190604b\" data-element_type=\"widget\" data-widget_type=\"heading.default\">\n\t\t\t\t<div class=\"elementor-widget-container\">\n\t\t\t<h2 class=\"elementor-heading-title elementor-size-default\">Vieille Ville<\/h2>\t\t<\/div>\n\t\t\t\t<\/div>\n\t\t\t\t<div class=\"elementor-element elementor-element-baac5e7 elementor-widget elementor-widget-text-editor\" data-id=\"baac5e7\" data-element_type=\"widget\" data-widget_type=\"text-editor.default\">\n\t\t\t\t<div class=\"elementor-widget-container\">\n\t\t\t\t\t\t\t\t<p>Depuis le c\u0153ur de Cuzcurrita, sa Plaza Mayor, nous allons initier un trajet dans cette vieille ville pleine d\u2019histoires, de recoins et de secrets en suivant le trac\u00e9 issu du Moyen- ge.<\/p>\t\t\t\t\t\t<\/div>\n\t\t\t\t<\/div>\n\t\t\t\t\t<\/div>\n\t\t<\/div>\n\t\t\t\t\t\t\t<\/div>\n\t\t<\/section>\n\t\t\t\t<section class=\"elementor-section elementor-top-section elementor-element elementor-element-5179365 elementor-section-full_width elementor-section-height-min-height elementor-section-stretched elementor-section-height-default elementor-section-items-middle\" data-id=\"5179365\" data-element_type=\"section\" data-settings=\"{&quot;stretch_section&quot;:&quot;section-stretched&quot;,&quot;background_background&quot;:&quot;classic&quot;}\">\n\t\t\t\t\t\t<div class=\"elementor-container elementor-column-gap-default\">\n\t\t\t\t\t<div class=\"elementor-column elementor-col-100 elementor-top-column elementor-element elementor-element-516a254\" data-id=\"516a254\" data-element_type=\"column\">\n\t\t\t<div class=\"elementor-widget-wrap\">\n\t\t\t\t\t\t\t\t\t<\/div>\n\t\t<\/div>\n\t\t\t\t\t\t\t<\/div>\n\t\t<\/section>\n\t\t\t\t<section class=\"elementor-section elementor-top-section elementor-element elementor-element-2cc7e5e elementor-section-boxed elementor-section-height-default elementor-section-height-default\" data-id=\"2cc7e5e\" data-element_type=\"section\">\n\t\t\t\t\t\t<div class=\"elementor-container elementor-column-gap-default\">\n\t\t\t\t\t<div class=\"elementor-column elementor-col-100 elementor-top-column elementor-element elementor-element-6f0c279\" data-id=\"6f0c279\" data-element_type=\"column\">\n\t\t\t<div class=\"elementor-widget-wrap elementor-element-populated\">\n\t\t\t\t\t\t\t\t<div class=\"elementor-element elementor-element-fe7adee elementor-widget elementor-widget-spacer\" data-id=\"fe7adee\" data-element_type=\"widget\" data-widget_type=\"spacer.default\">\n\t\t\t\t<div class=\"elementor-widget-container\">\n\t\t\t\t\t<div class=\"elementor-spacer\">\n\t\t\t<div class=\"elementor-spacer-inner\"><\/div>\n\t\t<\/div>\n\t\t\t\t<\/div>\n\t\t\t\t<\/div>\n\t\t\t\t<div class=\"elementor-element elementor-element-b82f5c5 elementor-widget elementor-widget-text-editor\" data-id=\"b82f5c5\" data-element_type=\"widget\" data-widget_type=\"text-editor.default\">\n\t\t\t\t<div class=\"elementor-widget-container\">\n\t\t\t\t\t\t\t\t<p class=\"font_7\">La ville \u00e9tait fortifi\u00e9e constituant une place forte avec un ch\u00e2teau externe depuis le XIV\u00e8me si\u00e8cle. Depuis le centre de la ville, nous d\u00e9butons notre itin\u00e9raire en contemplant la Place sur laquelle se trouve l\u2019imposante \u00e9glise Saint Michel, sinueuse et baroque, \u00e9rig\u00e9e au-dessus du niveau de la rivi\u00e8re Tir\u00f3n situ\u00e9e sur sa droite.<\/p>\t\t\t\t\t\t<\/div>\n\t\t\t\t<\/div>\n\t\t\t\t<div class=\"elementor-element elementor-element-ae330c7 elementor-widget elementor-widget-text-editor\" data-id=\"ae330c7\" data-element_type=\"widget\" data-widget_type=\"text-editor.default\">\n\t\t\t\t<div class=\"elementor-widget-container\">\n\t\t\t\t\t\t\t\t<p class=\"font_8\">Sur sa gauche il y a la Mairie, un monument de la moiti\u00e9 du XIX\u00e8me si\u00e8cle et fermant la place, plusieurs maisons seigneuriales portant des blasons. Au num\u00e9ro 5 de la Place, se situe l\u2019ancienne maison noble des Campuzano, une magnifique r\u00e9alisation en pierre de taille qui conserve intacte sa fa\u00e7ade originale. Juste \u00e0 c\u00f4t\u00e9, au num\u00e9ro 6, se trouve un b\u00e2timent connu sous le nom de Maison du Prieur\u00e9. Dans le registre cadastral du Marquis de la Ensenada, vers les ann\u00e9es 1750-1752, cette maison figure comme appartenant au Prieur\u00e9 de Cihuri (d\u2019o\u00f9 le nom attribu\u00e9 \u00e0 ce b\u00e2timent), d\u00e9pendant quant \u00e0 lui du Monast\u00e8re de San Mill\u00e1n de La Cogolla. Le blason sur la maison est aussi reproduit sur le Prieur\u00e9 de Cihuri et m\u00eame sur le dit Monast\u00e8re, class\u00e9 au patrimoine de l\u2019humanit\u00e9.<\/p><p class=\"font_8\">Mise \u00e0 part la maison de la rue \u201cTercer Cant\u00f3n\u201d situ\u00e9e au n\u00ba16 qui fut construite au XVII\u00e8me si\u00e8cle, ce qui en fait la plus ancienne de la ville, toutes les maisons nobles sont de style baroque, et datent des XVII\u00e8me ou XVIII\u00e8me si\u00e8cles. Elles sont toutes b\u00e2ties en pierre de taille, b\u00e9n\u00e9ficiant de l\u2019existence de pas moins de 8 carri\u00e8res dans la localit\u00e9, ce qui facilita la construction dans ce mat\u00e9riau noble. Les pierres \u00e9taient toujours taill\u00e9es de mani\u00e8re tr\u00e8s r\u00e9guli\u00e8re, ce qui conf\u00e8re \u00e0 la ville une harmonie et une coh\u00e9rence dans son \u00e9dification..<\/p><p class=\"font_8\">Normalement les embrasures que l\u2019on retrouve dans ce type de maison-palais sont d\u00e9prim\u00e9es, les arcs sont rares et s\u2019utilisent, curieusement sur les portes secondaires ou portes de service. Rares aussi sont les d\u00e9corations, exception faite des blasons qui apparaissent sur les portes et de quelques motifs d\u00e9coratifs dans les coins. Dans tous les cas, les blasons de Cuzcurrita repr\u00e9sentent des familles civiles.<\/p>\t\t\t\t\t\t<\/div>\n\t\t\t\t<\/div>\n\t\t\t\t<div class=\"elementor-element elementor-element-1822c53 elementor-blockquote--skin-border elementor-blockquote--button-color-official elementor-widget elementor-widget-blockquote\" data-id=\"1822c53\" data-element_type=\"widget\" data-widget_type=\"blockquote.default\">\n\t\t\t\t<div class=\"elementor-widget-container\">\n\t\t\t\t\t<blockquote class=\"elementor-blockquote\">\n\t\t\t<p class=\"elementor-blockquote__content\">\n\t\t\t\tDe nombreuses rue de Cuzcurrita conservent leur nom original, comme les rues Primer Cant\u00f3n, Segundo Cant\u00f3n, Tercer Cant\u00f3n, Cuarto Cant\u00f3n,  la rue Cierzo, la rue Rinc\u00f3n, la rue Carnicer\u00edas et la rue Nueva ( appel\u00e9 Ensanche apr\u00e8s la d\u00e9molition des murailles). \n\t\t\t<\/p>\n\t\t\t\t\t<\/blockquote>\n\t\t\t\t<\/div>\n\t\t\t\t<\/div>\n\t\t\t\t<div class=\"elementor-element elementor-element-4c21880 elementor-widget elementor-widget-text-editor\" data-id=\"4c21880\" data-element_type=\"widget\" data-widget_type=\"text-editor.default\">\n\t\t\t\t<div class=\"elementor-widget-container\">\n\t\t\t\t\t\t\t\t<p class=\"font_8\"><span style=\"font-weight: 400;\">Nous poursuivons notre parcours depuis la place en passant devant la Maison-Palais de la Famille Salazar, surnomm\u00e9e \u201cLa Casa Grande\u201d datant du XVII\u00e8me si\u00e8cle et qui occupe le num\u00e9ro 15 de la Rue Segundo Cant\u00f3n, aujourd\u2019hui reconvertie en h\u00f4tel. Il s\u2019agit d\u2019un palais avec des fa\u00e7ades orient\u00e9es vers les 4 points cardinaux et d\u2019une lanterne caract\u00e9ristique qui apporte naturellement de la lumi\u00e8re \u00e0 l\u2019int\u00e9rieur de l\u2019\u00e9difice. Habit\u00e9e \u00e0 une \u00e9poque par des personnages illustres de la noblesse, dans les ann\u00e9es 20 elle servit\u00a0 tour \u00e0 tour de th\u00e9\u00e2tre, de cin\u00e9ma, de salon de danse et m\u00eame de grenier.<\/span><\/p><p class=\"font_8\"><span style=\"font-weight: 400;\">Nous tournons \u00e0 gauche dans la rue Primer Cant\u00f3n pour y contempler le bel aspect des maisons situ\u00e9es aux num\u00e9ros 12 et 3. Les fen\u00eatres rondes, taill\u00e9es dans la pierre sont tr\u00e8s caract\u00e9ristiques de toute la ville. Comme s\u2019il s\u2019agissait d\u2019yeux, contemplant le passage du temps. Au num\u00e9ro 3, le b\u00e2timent a trois \u00e9tages ainsi qu\u2019une remarquable v\u00e9randa au quatri\u00e8me \u00e9tage, dont on peut appr\u00e9cier depuis la rue le plafond \u00e0 caissons de bois.<\/span><\/p><p class=\"font_8\"><span style=\"font-weight: 400;\">En arrivant au bout de la rue Primer Cant\u00f3n, nous tournerons \u00e0 droite pour parcourir la Calle Mayor et faire une halte aux num\u00e9ros 2 et 23. Au bout de la calle Mayor, on peut voir une vieille enseigne us\u00e9e sur laquelle on peut lire \u201cCin\u00e9ma Arzagon\u201d. Car \u00e9tant donn\u00e9e l\u2019influence \u00e9conomique et sociale des propri\u00e9taires de beaucoup de ces maison-palais, Cuzcurrita\u00a0 fut \u00e0 une \u00e9poque connue comme une ville de musiciens et de com\u00e9diens. Beaucoup de ces seigneurs rivalisaient entre eux pour \u00eatre celui qui aurait le meilleur cin\u00e9ma ou le meilleur th\u00e9\u00e2tre de la commune.<\/span><\/p>\t\t\t\t\t\t<\/div>\n\t\t\t\t<\/div>\n\t\t\t\t\t<\/div>\n\t\t<\/div>\n\t\t\t\t\t\t\t<\/div>\n\t\t<\/section>\n\t\t\t\t<section class=\"elementor-section elementor-top-section elementor-element elementor-element-77407e0 elementor-section-boxed elementor-section-height-default elementor-section-height-default\" data-id=\"77407e0\" data-element_type=\"section\">\n\t\t\t\t\t\t<div class=\"elementor-container elementor-column-gap-default\">\n\t\t\t\t\t<div class=\"elementor-column elementor-col-100 elementor-top-column elementor-element elementor-element-5815f96\" data-id=\"5815f96\" data-element_type=\"column\">\n\t\t\t<div class=\"elementor-widget-wrap elementor-element-populated\">\n\t\t\t\t\t\t\t\t<div class=\"elementor-element elementor-element-8419202 elementor-widget elementor-widget-image\" data-id=\"8419202\" data-element_type=\"widget\" data-widget_type=\"image.default\">\n\t\t\t\t<div class=\"elementor-widget-container\">\n\t\t\t\t\t\t\t\t\t\t\t\t\t\t\t<img decoding=\"async\" width=\"830\" height=\"657\" src=\"https:\/\/turismocuzcurrita.com\/wp-content\/uploads\/2021\/05\/Cuzcurrita-POI-9-copia.jpg\" class=\"attachment-large size-large\" alt=\"\" srcset=\"https:\/\/turismocuzcurrita.com\/wp-content\/uploads\/2021\/05\/Cuzcurrita-POI-9-copia.jpg 830w, https:\/\/turismocuzcurrita.com\/wp-content\/uploads\/2021\/05\/Cuzcurrita-POI-9-copia-300x237.jpg 300w, https:\/\/turismocuzcurrita.com\/wp-content\/uploads\/2021\/05\/Cuzcurrita-POI-9-copia-768x608.jpg 768w, https:\/\/turismocuzcurrita.com\/wp-content\/uploads\/2021\/05\/Cuzcurrita-POI-9-copia-184x146.jpg 184w, https:\/\/turismocuzcurrita.com\/wp-content\/uploads\/2021\/05\/Cuzcurrita-POI-9-copia-50x40.jpg 50w, https:\/\/turismocuzcurrita.com\/wp-content\/uploads\/2021\/05\/Cuzcurrita-POI-9-copia-95x75.jpg 95w\" sizes=\"(max-width: 830px) 100vw, 830px\" \/>\t\t\t\t\t\t\t\t\t\t\t\t\t\t\t<\/div>\n\t\t\t\t<\/div>\n\t\t\t\t\t<\/div>\n\t\t<\/div>\n\t\t\t\t\t\t\t<\/div>\n\t\t<\/section>\n\t\t\t\t<section class=\"elementor-section elementor-top-section elementor-element elementor-element-c1d671e elementor-section-boxed elementor-section-height-default elementor-section-height-default\" data-id=\"c1d671e\" data-element_type=\"section\">\n\t\t\t\t\t\t<div class=\"elementor-container elementor-column-gap-default\">\n\t\t\t\t\t<div class=\"elementor-column elementor-col-100 elementor-top-column elementor-element elementor-element-37ac049\" data-id=\"37ac049\" data-element_type=\"column\">\n\t\t\t<div class=\"elementor-widget-wrap elementor-element-populated\">\n\t\t\t\t\t\t\t\t<div class=\"elementor-element elementor-element-1d005fd elementor-widget elementor-widget-text-editor\" data-id=\"1d005fd\" data-element_type=\"widget\" data-widget_type=\"text-editor.default\">\n\t\t\t\t<div class=\"elementor-widget-container\">\n\t\t\t\t\t\t\t\t<p class=\"font_8\"><span style=\"font-weight: 400;\">En tournant \u00e0 droite, nous emprunterons la rue Carnicer\u00edas pour arriver \u00e0 un autre \u00e9difice, au num\u00e9ro 7, qui lui aussi abrita un cin\u00e9ma et qui fait aujourd\u2019hui fonction de boulangerie du village. <\/span><\/p><p class=\"font_8\"><span style=\"font-weight: 400;\">Au croisement avec la rue Cierzo, nous prendrons \u00e0 droite, et continuerons notre itin\u00e9raire par la calle Nueva o\u00f9 nous pourrons admirer au num\u00e9ro 7, un immense palais. Appartenant aux Marquis de Fuerte H\u00edjar, descendants du Marquis de la Ensenada, il fut plus tard utilis\u00e9 comme caserne de la Guardia Civil jusque dans les ann\u00e9es 70.<\/span><\/p><p class=\"font_8\"><span style=\"font-weight: 400;\">Revenant dans la rue Cierzo, et situ\u00e9e sur la droite au croisement, se trouve la rue Tercer Cant\u00f3n et au num\u00e9ro 16 se dresse une maison-palais de deux \u00e9tages surplomb\u00e9e d\u2019un grand auvent avec des modillons sculpt\u00e9s.<\/span><\/p><p><span style=\"font-weight: 400;\">Nous ach\u00e8verons notre parcours dans la vieille ville de Cuzcurrita par la Calle Cierzo, retournant ainsi \u00e0 la Plaza Mayor du village.<\/span><\/p>\t\t\t\t\t\t<\/div>\n\t\t\t\t<\/div>\n\t\t\t\t<div class=\"elementor-element elementor-element-7d6522f elementor-widget elementor-widget-spacer\" data-id=\"7d6522f\" data-element_type=\"widget\" data-widget_type=\"spacer.default\">\n\t\t\t\t<div class=\"elementor-widget-container\">\n\t\t\t\t\t<div class=\"elementor-spacer\">\n\t\t\t<div class=\"elementor-spacer-inner\"><\/div>\n\t\t<\/div>\n\t\t\t\t<\/div>\n\t\t\t\t<\/div>\n\t\t\t\t<div class=\"elementor-element elementor-element-7202fe4 elementor-widget elementor-widget-heading\" data-id=\"7202fe4\" data-element_type=\"widget\" data-widget_type=\"heading.default\">\n\t\t\t\t<div class=\"elementor-widget-container\">\n\t\t\t<h4 class=\"elementor-heading-title elementor-size-default\">Naviguez dans le Vieille Ville de Cuzcurrita ...<\/h4>\t\t<\/div>\n\t\t\t\t<\/div>\n\t\t\t\t<div class=\"elementor-element elementor-element-7b9d9ee elementor-widget elementor-widget-text-editor\" data-id=\"7b9d9ee\" data-element_type=\"widget\" data-widget_type=\"text-editor.default\">\n\t\t\t\t<div class=\"elementor-widget-container\">\n\t\t\t\t\t\t\t\t<p>D\u00e9placez la souris sur l&#8217;image et vous pouvez vous d\u00e9placer \u00e0 360\u00ba pour appr\u00e9cier diff\u00e9rents points de vue.<\/p>\t\t\t\t\t\t<\/div>\n\t\t\t\t<\/div>\n\t\t\t\t<div class=\"elementor-element elementor-element-64324ea elementor-widget elementor-widget-html\" data-id=\"64324ea\" data-element_type=\"widget\" data-widget_type=\"html.default\">\n\t\t\t\t<div class=\"elementor-widget-container\">\n\t\t\t<iframe src=\"https:\/\/tourmkr.com\/G1isqMIHI3\/12457053p,2934196m,353.88h,99.67t\" height=\"700\"><\/iframe>\t\t<\/div>\n\t\t\t\t<\/div>\n\t\t\t\t<div class=\"elementor-element elementor-element-a468720 elementor-widget elementor-widget-spacer\" data-id=\"a468720\" data-element_type=\"widget\" data-widget_type=\"spacer.default\">\n\t\t\t\t<div class=\"elementor-widget-container\">\n\t\t\t\t\t<div class=\"elementor-spacer\">\n\t\t\t<div class=\"elementor-spacer-inner\"><\/div>\n\t\t<\/div>\n\t\t\t\t<\/div>\n\t\t\t\t<\/div>\n\t\t\t\t\t<\/div>\n\t\t<\/div>\n\t\t\t\t\t\t\t<\/div>\n\t\t<\/section>\n\t\t\t\t\t\t<\/div>\n\t\t\t\t\t<\/div>\n\t\t","protected":false},"excerpt":{"rendered":"<p>Vieille Ville Depuis le c\u0153ur de Cuzcurrita, sa Plaza Mayor, nous allons initier un trajet dans cette vieille ville pleine d\u2019histoires, de recoins et de secrets<span class=\"excerpt-hellip\"> [\u2026]<\/span><\/p>\n","protected":false},"author":1,"featured_media":0,"parent":0,"menu_order":0,"comment_status":"closed","ping_status":"closed","template":"","meta":{"footnotes":""},"class_list":["post-2927","page","type-page","status-publish","hentry"],"yoast_head":"<!-- This site is optimized with the Yoast SEO plugin v24.9 - https:\/\/yoast.com\/wordpress\/plugins\/seo\/ -->\n<title>VIEILLE VILLE - Turismo Cuzcurrita<\/title>\n<meta name=\"description\" content=\"Depuis le c\u0153ur de Cuzcurrita, sa Plaza Mayor, nous allons initier un trajet dans cette vieille ville pleine d\u2019histoires, de recoins et de secrets en suivant le trac\u00e9 issu du Moyen- ge.\" \/>\n<meta name=\"robots\" content=\"index, follow, max-snippet:-1, max-image-preview:large, max-video-preview:-1\" \/>\n<link rel=\"canonical\" href=\"https:\/\/turismocuzcurrita.com\/fr\/vieille-ville\/\" \/>\n<meta property=\"og:locale\" content=\"fr_FR\" \/>\n<meta property=\"og:type\" content=\"article\" \/>\n<meta property=\"og:title\" content=\"VIEILLE VILLE - Turismo Cuzcurrita\" \/>\n<meta property=\"og:description\" content=\"Depuis le c\u0153ur de Cuzcurrita, sa Plaza Mayor, nous allons initier un trajet dans cette vieille ville pleine d\u2019histoires, de recoins et de secrets en suivant le trac\u00e9 issu du Moyen- ge.\" \/>\n<meta property=\"og:url\" content=\"https:\/\/turismocuzcurrita.com\/fr\/vieille-ville\/\" \/>\n<meta property=\"og:site_name\" content=\"Turismo Cuzcurrita\" \/>\n<meta property=\"article:modified_time\" content=\"2021-08-24T19:41:11+00:00\" \/>\n<meta property=\"og:image\" content=\"https:\/\/turismocuzcurrita.com\/wp-content\/uploads\/2021\/05\/Cuzcurrita-POI-9-copia.jpg\" \/>\n<meta name=\"twitter:card\" content=\"summary_large_image\" \/>\n<meta name=\"twitter:label1\" content=\"Dur\u00e9e de lecture estim\u00e9e\" \/>\n\t<meta name=\"twitter:data1\" content=\"4 minutes\" \/>\n<script type=\"application\/ld+json\" class=\"yoast-schema-graph\">{\"@context\":\"https:\/\/schema.org\",\"@graph\":[{\"@type\":\"WebPage\",\"@id\":\"https:\/\/turismocuzcurrita.com\/fr\/vieille-ville\/\",\"url\":\"https:\/\/turismocuzcurrita.com\/fr\/vieille-ville\/\",\"name\":\"VIEILLE VILLE - Turismo Cuzcurrita\",\"isPartOf\":{\"@id\":\"https:\/\/turismocuzcurrita.com\/#website\"},\"primaryImageOfPage\":{\"@id\":\"https:\/\/turismocuzcurrita.com\/fr\/vieille-ville\/#primaryimage\"},\"image\":{\"@id\":\"https:\/\/turismocuzcurrita.com\/fr\/vieille-ville\/#primaryimage\"},\"thumbnailUrl\":\"https:\/\/turismocuzcurrita.com\/wp-content\/uploads\/2021\/05\/Cuzcurrita-POI-9-copia.jpg\",\"datePublished\":\"2021-07-20T17:46:49+00:00\",\"dateModified\":\"2021-08-24T19:41:11+00:00\",\"description\":\"Depuis le c\u0153ur de Cuzcurrita, sa Plaza Mayor, nous allons initier un trajet dans cette vieille ville pleine d\u2019histoires, de recoins et de secrets en suivant le trac\u00e9 issu du Moyen- ge.\",\"breadcrumb\":{\"@id\":\"https:\/\/turismocuzcurrita.com\/fr\/vieille-ville\/#breadcrumb\"},\"inLanguage\":\"fr-FR\",\"potentialAction\":[{\"@type\":\"ReadAction\",\"target\":[\"https:\/\/turismocuzcurrita.com\/fr\/vieille-ville\/\"]}]},{\"@type\":\"ImageObject\",\"inLanguage\":\"fr-FR\",\"@id\":\"https:\/\/turismocuzcurrita.com\/fr\/vieille-ville\/#primaryimage\",\"url\":\"https:\/\/turismocuzcurrita.com\/wp-content\/uploads\/2021\/05\/Cuzcurrita-POI-9-copia.jpg\",\"contentUrl\":\"https:\/\/turismocuzcurrita.com\/wp-content\/uploads\/2021\/05\/Cuzcurrita-POI-9-copia.jpg\"},{\"@type\":\"BreadcrumbList\",\"@id\":\"https:\/\/turismocuzcurrita.com\/fr\/vieille-ville\/#breadcrumb\",\"itemListElement\":[{\"@type\":\"ListItem\",\"position\":1,\"name\":\"Portada\",\"item\":\"https:\/\/turismocuzcurrita.com\/\"},{\"@type\":\"ListItem\",\"position\":2,\"name\":\"VIEILLE VILLE\"}]},{\"@type\":\"WebSite\",\"@id\":\"https:\/\/turismocuzcurrita.com\/#website\",\"url\":\"https:\/\/turismocuzcurrita.com\/\",\"name\":\"Turismo Cuzcurrita\",\"description\":\"Patrimonio, enoturismo, naturaleza, gastronom\u00eda, tranquilidad.\",\"publisher\":{\"@id\":\"https:\/\/turismocuzcurrita.com\/#organization\"},\"potentialAction\":[{\"@type\":\"SearchAction\",\"target\":{\"@type\":\"EntryPoint\",\"urlTemplate\":\"https:\/\/turismocuzcurrita.com\/?s={search_term_string}\"},\"query-input\":{\"@type\":\"PropertyValueSpecification\",\"valueRequired\":true,\"valueName\":\"search_term_string\"}}],\"inLanguage\":\"fr-FR\"},{\"@type\":\"Organization\",\"@id\":\"https:\/\/turismocuzcurrita.com\/#organization\",\"name\":\"Turismo Cuzcurrita\",\"url\":\"https:\/\/turismocuzcurrita.com\/\",\"logo\":{\"@type\":\"ImageObject\",\"inLanguage\":\"fr-FR\",\"@id\":\"https:\/\/turismocuzcurrita.com\/#\/schema\/logo\/image\/\",\"url\":\"http:\/\/turismocuzcurrita.com\/wp-content\/uploads\/2021\/05\/Untitled.png\",\"contentUrl\":\"http:\/\/turismocuzcurrita.com\/wp-content\/uploads\/2021\/05\/Untitled.png\",\"width\":59,\"height\":69,\"caption\":\"Turismo Cuzcurrita\"},\"image\":{\"@id\":\"https:\/\/turismocuzcurrita.com\/#\/schema\/logo\/image\/\"}}]}<\/script>\n<!-- \/ Yoast SEO plugin. -->","yoast_head_json":{"title":"VIEILLE VILLE - Turismo Cuzcurrita","description":"Depuis le c\u0153ur de Cuzcurrita, sa Plaza Mayor, nous allons initier un trajet dans cette vieille ville pleine d\u2019histoires, de recoins et de secrets en suivant le trac\u00e9 issu du Moyen- ge.","robots":{"index":"index","follow":"follow","max-snippet":"max-snippet:-1","max-image-preview":"max-image-preview:large","max-video-preview":"max-video-preview:-1"},"canonical":"https:\/\/turismocuzcurrita.com\/fr\/vieille-ville\/","og_locale":"fr_FR","og_type":"article","og_title":"VIEILLE VILLE - Turismo Cuzcurrita","og_description":"Depuis le c\u0153ur de Cuzcurrita, sa Plaza Mayor, nous allons initier un trajet dans cette vieille ville pleine d\u2019histoires, de recoins et de secrets en suivant le trac\u00e9 issu du Moyen- ge.","og_url":"https:\/\/turismocuzcurrita.com\/fr\/vieille-ville\/","og_site_name":"Turismo Cuzcurrita","article_modified_time":"2021-08-24T19:41:11+00:00","og_image":[{"url":"https:\/\/turismocuzcurrita.com\/wp-content\/uploads\/2021\/05\/Cuzcurrita-POI-9-copia.jpg","type":"","width":"","height":""}],"twitter_card":"summary_large_image","twitter_misc":{"Dur\u00e9e de lecture estim\u00e9e":"4 minutes"},"schema":{"@context":"https:\/\/schema.org","@graph":[{"@type":"WebPage","@id":"https:\/\/turismocuzcurrita.com\/fr\/vieille-ville\/","url":"https:\/\/turismocuzcurrita.com\/fr\/vieille-ville\/","name":"VIEILLE VILLE - Turismo Cuzcurrita","isPartOf":{"@id":"https:\/\/turismocuzcurrita.com\/#website"},"primaryImageOfPage":{"@id":"https:\/\/turismocuzcurrita.com\/fr\/vieille-ville\/#primaryimage"},"image":{"@id":"https:\/\/turismocuzcurrita.com\/fr\/vieille-ville\/#primaryimage"},"thumbnailUrl":"https:\/\/turismocuzcurrita.com\/wp-content\/uploads\/2021\/05\/Cuzcurrita-POI-9-copia.jpg","datePublished":"2021-07-20T17:46:49+00:00","dateModified":"2021-08-24T19:41:11+00:00","description":"Depuis le c\u0153ur de Cuzcurrita, sa Plaza Mayor, nous allons initier un trajet dans cette vieille ville pleine d\u2019histoires, de recoins et de secrets en suivant le trac\u00e9 issu du Moyen- ge.","breadcrumb":{"@id":"https:\/\/turismocuzcurrita.com\/fr\/vieille-ville\/#breadcrumb"},"inLanguage":"fr-FR","potentialAction":[{"@type":"ReadAction","target":["https:\/\/turismocuzcurrita.com\/fr\/vieille-ville\/"]}]},{"@type":"ImageObject","inLanguage":"fr-FR","@id":"https:\/\/turismocuzcurrita.com\/fr\/vieille-ville\/#primaryimage","url":"https:\/\/turismocuzcurrita.com\/wp-content\/uploads\/2021\/05\/Cuzcurrita-POI-9-copia.jpg","contentUrl":"https:\/\/turismocuzcurrita.com\/wp-content\/uploads\/2021\/05\/Cuzcurrita-POI-9-copia.jpg"},{"@type":"BreadcrumbList","@id":"https:\/\/turismocuzcurrita.com\/fr\/vieille-ville\/#breadcrumb","itemListElement":[{"@type":"ListItem","position":1,"name":"Portada","item":"https:\/\/turismocuzcurrita.com\/"},{"@type":"ListItem","position":2,"name":"VIEILLE VILLE"}]},{"@type":"WebSite","@id":"https:\/\/turismocuzcurrita.com\/#website","url":"https:\/\/turismocuzcurrita.com\/","name":"Turismo Cuzcurrita","description":"Patrimonio, enoturismo, naturaleza, gastronom\u00eda, tranquilidad.","publisher":{"@id":"https:\/\/turismocuzcurrita.com\/#organization"},"potentialAction":[{"@type":"SearchAction","target":{"@type":"EntryPoint","urlTemplate":"https:\/\/turismocuzcurrita.com\/?s={search_term_string}"},"query-input":{"@type":"PropertyValueSpecification","valueRequired":true,"valueName":"search_term_string"}}],"inLanguage":"fr-FR"},{"@type":"Organization","@id":"https:\/\/turismocuzcurrita.com\/#organization","name":"Turismo Cuzcurrita","url":"https:\/\/turismocuzcurrita.com\/","logo":{"@type":"ImageObject","inLanguage":"fr-FR","@id":"https:\/\/turismocuzcurrita.com\/#\/schema\/logo\/image\/","url":"http:\/\/turismocuzcurrita.com\/wp-content\/uploads\/2021\/05\/Untitled.png","contentUrl":"http:\/\/turismocuzcurrita.com\/wp-content\/uploads\/2021\/05\/Untitled.png","width":59,"height":69,"caption":"Turismo Cuzcurrita"},"image":{"@id":"https:\/\/turismocuzcurrita.com\/#\/schema\/logo\/image\/"}}]}},"_links":{"self":[{"href":"https:\/\/turismocuzcurrita.com\/fr\/wp-json\/wp\/v2\/pages\/2927","targetHints":{"allow":["GET"]}}],"collection":[{"href":"https:\/\/turismocuzcurrita.com\/fr\/wp-json\/wp\/v2\/pages"}],"about":[{"href":"https:\/\/turismocuzcurrita.com\/fr\/wp-json\/wp\/v2\/types\/page"}],"author":[{"embeddable":true,"href":"https:\/\/turismocuzcurrita.com\/fr\/wp-json\/wp\/v2\/users\/1"}],"replies":[{"embeddable":true,"href":"https:\/\/turismocuzcurrita.com\/fr\/wp-json\/wp\/v2\/comments?post=2927"}],"version-history":[{"count":8,"href":"https:\/\/turismocuzcurrita.com\/fr\/wp-json\/wp\/v2\/pages\/2927\/revisions"}],"predecessor-version":[{"id":3557,"href":"https:\/\/turismocuzcurrita.com\/fr\/wp-json\/wp\/v2\/pages\/2927\/revisions\/3557"}],"wp:attachment":[{"href":"https:\/\/turismocuzcurrita.com\/fr\/wp-json\/wp\/v2\/media?parent=2927"}],"curies":[{"name":"wp","href":"https:\/\/api.w.org\/{rel}","templated":true}]}}