{"id":1527,"date":"2021-05-21T15:15:19","date_gmt":"2021-05-21T15:15:19","guid":{"rendered":"http:\/\/turismocuzcurrita.com\/?page_id=1527"},"modified":"2021-08-24T19:32:51","modified_gmt":"2021-08-24T19:32:51","slug":"the-bolo","status":"publish","type":"page","link":"https:\/\/turismocuzcurrita.com\/en\/the-bolo\/","title":{"rendered":"THE BOLO"},"content":{"rendered":"\t\t<div data-elementor-type=\"wp-page\" data-elementor-id=\"1527\" class=\"elementor elementor-1527\" data-elementor-settings=\"[]\">\n\t\t\t\t\t\t\t<div class=\"elementor-section-wrap\">\n\t\t\t\t\t\t\t<section class=\"elementor-section elementor-top-section elementor-element elementor-element-c61b6e5 elementor-section-boxed elementor-section-height-default elementor-section-height-default\" data-id=\"c61b6e5\" data-element_type=\"section\">\n\t\t\t\t\t\t<div class=\"elementor-container elementor-column-gap-default\">\n\t\t\t\t\t<div class=\"elementor-column elementor-col-100 elementor-top-column elementor-element elementor-element-1174aa6\" data-id=\"1174aa6\" data-element_type=\"column\">\n\t\t\t<div class=\"elementor-widget-wrap elementor-element-populated\">\n\t\t\t\t\t\t\t\t<div class=\"elementor-element elementor-element-472c9b6 elementor-widget elementor-widget-html\" data-id=\"472c9b6\" data-element_type=\"widget\" data-widget_type=\"html.default\">\n\t\t\t\t<div class=\"elementor-widget-container\">\n\t\t\t<div>\n    <audio src='\/wp-content\/uploads\/2021\/05\/8ElBoloEN.mp3' id='audio'><\/audio>\n    <div class='audio-container'>\n    <button id='player-button' class='player-button play'><\/button>\n    <span id='count'>00:00<\/span> \n    <span class='slash'>\/<\/span>\n    <span id='final_count'>04:04<\/span>\n    <\/div>\n    <\/div>\t\t<\/div>\n\t\t\t\t<\/div>\n\t\t\t\t<div class=\"elementor-element elementor-element-2e8f125 elementor-widget elementor-widget-heading\" data-id=\"2e8f125\" data-element_type=\"widget\" data-widget_type=\"heading.default\">\n\t\t\t\t<div class=\"elementor-widget-container\">\n\t\t\t<h2 class=\"elementor-heading-title elementor-size-default\">The Bolo<\/h2>\t\t<\/div>\n\t\t\t\t<\/div>\n\t\t\t\t<div class=\"elementor-element elementor-element-9047d80 elementor-widget elementor-widget-heading\" data-id=\"9047d80\" data-element_type=\"widget\" data-widget_type=\"heading.default\">\n\t\t\t\t<div class=\"elementor-widget-container\">\n\t\t\t<p class=\"elementor-heading-title elementor-size-default\">The Bolo is probably one of the most identifying signs of Cuzcurrita, along with the church of San Miguel. It names a hill that surrounds the village, also formerly known as the Cuesta del Rollo.  This name also corresponds to the monument located on its crest. <\/p>\t\t<\/div>\n\t\t\t\t<\/div>\n\t\t\t\t\t<\/div>\n\t\t<\/div>\n\t\t\t\t\t\t\t<\/div>\n\t\t<\/section>\n\t\t\t\t<section class=\"elementor-section elementor-top-section elementor-element elementor-element-8ffe8f4 elementor-section-full_width elementor-section-height-min-height elementor-section-stretched elementor-section-height-default elementor-section-items-middle\" data-id=\"8ffe8f4\" data-element_type=\"section\" data-settings=\"{&quot;stretch_section&quot;:&quot;section-stretched&quot;,&quot;background_background&quot;:&quot;classic&quot;}\">\n\t\t\t\t\t\t<div class=\"elementor-container elementor-column-gap-default\">\n\t\t\t\t\t<div class=\"elementor-column elementor-col-100 elementor-top-column elementor-element elementor-element-39a3244\" data-id=\"39a3244\" data-element_type=\"column\">\n\t\t\t<div class=\"elementor-widget-wrap\">\n\t\t\t\t\t\t\t\t\t<\/div>\n\t\t<\/div>\n\t\t\t\t\t\t\t<\/div>\n\t\t<\/section>\n\t\t\t\t<section class=\"elementor-section elementor-top-section elementor-element elementor-element-635f3fe elementor-section-boxed elementor-section-height-default elementor-section-height-default\" data-id=\"635f3fe\" data-element_type=\"section\">\n\t\t\t\t\t\t<div class=\"elementor-container elementor-column-gap-default\">\n\t\t\t\t\t<div class=\"elementor-column elementor-col-100 elementor-top-column elementor-element elementor-element-1de260f\" data-id=\"1de260f\" data-element_type=\"column\">\n\t\t\t<div class=\"elementor-widget-wrap elementor-element-populated\">\n\t\t\t\t\t\t\t\t<div class=\"elementor-element elementor-element-d7a3015 elementor-widget elementor-widget-spacer\" data-id=\"d7a3015\" data-element_type=\"widget\" data-widget_type=\"spacer.default\">\n\t\t\t\t<div class=\"elementor-widget-container\">\n\t\t\t\t\t<div class=\"elementor-spacer\">\n\t\t\t<div class=\"elementor-spacer-inner\"><\/div>\n\t\t<\/div>\n\t\t\t\t<\/div>\n\t\t\t\t<\/div>\n\t\t\t\t<div class=\"elementor-element elementor-element-3c7887e elementor-widget elementor-widget-text-editor\" data-id=\"3c7887e\" data-element_type=\"widget\" data-widget_type=\"text-editor.default\">\n\t\t\t\t<div class=\"elementor-widget-container\">\n\t\t\t\t\t\t\t\t<p>The Rollo or Bolo was an element that formerly was a symbol of the manor which governed over the village, both for civil and criminal jurisdiction and appointment of the ordinary justice by the Lord of the village. For this reason, they were called Lord of Gallows and Knife and High Stick.<\/p>\t\t\t\t\t\t<\/div>\n\t\t\t\t<\/div>\n\t\t\t\t<div class=\"elementor-element elementor-element-8a95d6c elementor-widget elementor-widget-text-editor\" data-id=\"8a95d6c\" data-element_type=\"widget\" data-widget_type=\"text-editor.default\">\n\t\t\t\t<div class=\"elementor-widget-container\">\n\t\t\t\t\t\t\t\t<p class=\"font_8\">To access it, you must stand in Campillo square and, following the signs, reach the base of the mountain, where a steep but not very long climb awaits you, to reach the most beautiful view of the entire region. From the top you will be able to see the lands of Castilla on one side and closing the horizon, the Obarenes Mountains, the Sierra de Cantabria and Tolo\u00f1o mountain (the highest in the mountain range). Always surrounded by vineyards, from the viewpoint; you can see the medieval layout of Cuzcurrita with the Tir\u00f3n river crossing like a spine.<\/p><p>San Miguel church and the Velasco\u2019s Castle in the background with all the large mansions, tell us about the flourishing past of the village through history and time.<\/p><p class=\"font_8\">The primitive Rollo was a royal gift from Enrique II of Castilla and Do\u00f1a Juana, his wife, to Juan Mart\u00ednez de Rojas and Mar\u00eda Fern\u00e1ndez in November 1367, for which \u201cthey are granted the place of Cuzcurrita with all its terms, valleys and mountains, meadows and pastures, rivers and waters, terms and vassals with the Justice and the Lordship of said place and the power to put roll, gallows, pillory or knife and other jurisdiction signs regarding the King himself\u201d.<\/p>\t\t\t\t\t\t<\/div>\n\t\t\t\t<\/div>\n\t\t\t\t<div class=\"elementor-element elementor-element-c82ad73 elementor-blockquote--skin-border elementor-blockquote--button-color-official elementor-widget elementor-widget-blockquote\" data-id=\"c82ad73\" data-element_type=\"widget\" data-widget_type=\"blockquote.default\">\n\t\t\t\t<div class=\"elementor-widget-container\">\n\t\t\t\t\t<blockquote class=\"elementor-blockquote\">\n\t\t\t<p class=\"elementor-blockquote__content\">\n\t\t\t\tThe primitive Rollo was destroyed in 1865 by a lightning strike (depending on the version), whose reconstruction cost 166 reais of the time. The current one is formed by a plinth and the column has four 1.80 meter drums, topped by a crowning cone as an ornament. Its current total height is 3.20 meters and on the third drum, the following inscription appears \"Destroyed by a lightning strike and rebuilt by the town in 1865\".\t\t\t<\/p>\n\t\t\t\t\t<\/blockquote>\n\t\t\t\t<\/div>\n\t\t\t\t<\/div>\n\t\t\t\t<div class=\"elementor-element elementor-element-4d4aa99 elementor-widget elementor-widget-spacer\" data-id=\"4d4aa99\" data-element_type=\"widget\" data-widget_type=\"spacer.default\">\n\t\t\t\t<div class=\"elementor-widget-container\">\n\t\t\t\t\t<div class=\"elementor-spacer\">\n\t\t\t<div class=\"elementor-spacer-inner\"><\/div>\n\t\t<\/div>\n\t\t\t\t<\/div>\n\t\t\t\t<\/div>\n\t\t\t\t<div class=\"elementor-element elementor-element-912271a elementor-widget elementor-widget-text-editor\" data-id=\"912271a\" data-element_type=\"widget\" data-widget_type=\"text-editor.default\">\n\t\t\t\t<div class=\"elementor-widget-container\">\n\t\t\t\t\t\t\t\t<div id=\"comp-kf6ospd6\" class=\"_2bafp\" data-testid=\"richTextElement\"><p class=\"font_8\">Therefore we already understand, what was the use of this pillory: the place of execution during the medieval period. But as of the 16th century, in Spain, the rollos already exclusively fulfill the function of symbolizing the power to do justice that the authorities have in whose jurisdiction the rollos are erected.<\/p><p class=\"font_8\">The primitive Rollo was destroyed in 1865 by a lightning strike (depending on the version), whose reconstruction cost 166 reais of the time. The current one is formed by a plinth and the column has four 1.80 meter drums, topped by a crowning cone as an ornament. Its current total height is 3.20 meters and on the third drum, the following inscription appears &#8220;Destroyed by a lightning strike and rebuilt by the town in 1865&#8221;.<\/p><\/div>\t\t\t\t\t\t<\/div>\n\t\t\t\t<\/div>\n\t\t\t\t\t<\/div>\n\t\t<\/div>\n\t\t\t\t\t\t\t<\/div>\n\t\t<\/section>\n\t\t\t\t<section class=\"elementor-section elementor-top-section elementor-element elementor-element-19b0110 elementor-section-boxed elementor-section-height-default elementor-section-height-default\" data-id=\"19b0110\" data-element_type=\"section\">\n\t\t\t\t\t\t<div class=\"elementor-container elementor-column-gap-default\">\n\t\t\t\t\t<div class=\"elementor-column elementor-col-100 elementor-top-column elementor-element elementor-element-7c5549e\" data-id=\"7c5549e\" data-element_type=\"column\">\n\t\t\t<div class=\"elementor-widget-wrap elementor-element-populated\">\n\t\t\t\t\t\t\t\t<div class=\"elementor-element elementor-element-8284647 elementor-widget elementor-widget-image\" data-id=\"8284647\" data-element_type=\"widget\" data-widget_type=\"image.default\">\n\t\t\t\t<div class=\"elementor-widget-container\">\n\t\t\t\t\t\t\t\t\t\t\t\t\t\t\t<img decoding=\"async\" width=\"830\" height=\"657\" src=\"https:\/\/turismocuzcurrita.com\/wp-content\/uploads\/2021\/05\/Cuzcurrita-POI-16-1.jpg\" class=\"attachment-large size-large\" alt=\"\" srcset=\"https:\/\/turismocuzcurrita.com\/wp-content\/uploads\/2021\/05\/Cuzcurrita-POI-16-1.jpg 830w, https:\/\/turismocuzcurrita.com\/wp-content\/uploads\/2021\/05\/Cuzcurrita-POI-16-1-300x237.jpg 300w, https:\/\/turismocuzcurrita.com\/wp-content\/uploads\/2021\/05\/Cuzcurrita-POI-16-1-768x608.jpg 768w, https:\/\/turismocuzcurrita.com\/wp-content\/uploads\/2021\/05\/Cuzcurrita-POI-16-1-184x146.jpg 184w, https:\/\/turismocuzcurrita.com\/wp-content\/uploads\/2021\/05\/Cuzcurrita-POI-16-1-50x40.jpg 50w, https:\/\/turismocuzcurrita.com\/wp-content\/uploads\/2021\/05\/Cuzcurrita-POI-16-1-95x75.jpg 95w\" sizes=\"(max-width: 830px) 100vw, 830px\" \/>\t\t\t\t\t\t\t\t\t\t\t\t\t\t\t<\/div>\n\t\t\t\t<\/div>\n\t\t\t\t\t<\/div>\n\t\t<\/div>\n\t\t\t\t\t\t\t<\/div>\n\t\t<\/section>\n\t\t\t\t<section class=\"elementor-section elementor-top-section elementor-element elementor-element-6259620 elementor-section-boxed elementor-section-height-default elementor-section-height-default\" data-id=\"6259620\" data-element_type=\"section\">\n\t\t\t\t\t\t<div class=\"elementor-container elementor-column-gap-default\">\n\t\t\t\t\t<div class=\"elementor-column elementor-col-100 elementor-top-column elementor-element elementor-element-fa00a84\" data-id=\"fa00a84\" data-element_type=\"column\">\n\t\t\t<div class=\"elementor-widget-wrap elementor-element-populated\">\n\t\t\t\t\t\t\t\t<div class=\"elementor-element elementor-element-ecb1b5e elementor-widget elementor-widget-spacer\" data-id=\"ecb1b5e\" data-element_type=\"widget\" data-widget_type=\"spacer.default\">\n\t\t\t\t<div class=\"elementor-widget-container\">\n\t\t\t\t\t<div class=\"elementor-spacer\">\n\t\t\t<div class=\"elementor-spacer-inner\"><\/div>\n\t\t<\/div>\n\t\t\t\t<\/div>\n\t\t\t\t<\/div>\n\t\t\t\t<div class=\"elementor-element elementor-element-23fdfe6 elementor-widget elementor-widget-heading\" data-id=\"23fdfe6\" data-element_type=\"widget\" data-widget_type=\"heading.default\">\n\t\t\t\t<div class=\"elementor-widget-container\">\n\t\t\t<h5 class=\"elementor-heading-title elementor-size-default\">Navigate through the Bolo ...\n<\/h5>\t\t<\/div>\n\t\t\t\t<\/div>\n\t\t\t\t<div class=\"elementor-element elementor-element-85fbf82 elementor-widget elementor-widget-text-editor\" data-id=\"85fbf82\" data-element_type=\"widget\" data-widget_type=\"text-editor.default\">\n\t\t\t\t<div class=\"elementor-widget-container\">\n\t\t\t\t\t\t\t\t<p>Move the mouse over the image and you can move 360\u00ba to appreciate different points of view.<\/p>\t\t\t\t\t\t<\/div>\n\t\t\t\t<\/div>\n\t\t\t\t<div class=\"elementor-element elementor-element-3468ecc elementor-widget elementor-widget-html\" data-id=\"3468ecc\" data-element_type=\"widget\" data-widget_type=\"html.default\">\n\t\t\t\t<div class=\"elementor-widget-container\">\n\t\t\t<iframe src=\"https:\/\/tourmkr.com\/G1isqMIHI3\/12457048p,2934192m,303.09h,103.59t\" height=\"700\"><\/iframe>\t\t<\/div>\n\t\t\t\t<\/div>\n\t\t\t\t<div class=\"elementor-element elementor-element-ae93700 elementor-widget elementor-widget-spacer\" data-id=\"ae93700\" data-element_type=\"widget\" data-widget_type=\"spacer.default\">\n\t\t\t\t<div class=\"elementor-widget-container\">\n\t\t\t\t\t<div class=\"elementor-spacer\">\n\t\t\t<div class=\"elementor-spacer-inner\"><\/div>\n\t\t<\/div>\n\t\t\t\t<\/div>\n\t\t\t\t<\/div>\n\t\t\t\t\t<\/div>\n\t\t<\/div>\n\t\t\t\t\t\t\t<\/div>\n\t\t<\/section>\n\t\t\t\t\t\t<\/div>\n\t\t\t\t\t<\/div>\n\t\t","protected":false},"excerpt":{"rendered":"<p>The Bolo The Bolo is probably one of the most identifying signs of Cuzcurrita, along with the church of San Miguel. It names a hill that<span class=\"excerpt-hellip\"> [\u2026]<\/span><\/p>\n","protected":false},"author":1,"featured_media":0,"parent":0,"menu_order":0,"comment_status":"closed","ping_status":"closed","template":"","meta":{"footnotes":""},"class_list":["post-1527","page","type-page","status-publish","hentry"],"yoast_head":"<!-- This site is optimized with the Yoast SEO plugin v24.9 - https:\/\/yoast.com\/wordpress\/plugins\/seo\/ -->\n<title>THE BOLO - Turismo Cuzcurrita<\/title>\n<meta name=\"description\" content=\"The Bolo is probably one of the most identifying signs of Cuzcurrita, along with the church of San Miguel.\" \/>\n<meta name=\"robots\" content=\"index, follow, max-snippet:-1, max-image-preview:large, max-video-preview:-1\" \/>\n<link rel=\"canonical\" href=\"https:\/\/turismocuzcurrita.com\/en\/the-bolo\/\" \/>\n<meta property=\"og:locale\" content=\"en_US\" \/>\n<meta property=\"og:type\" content=\"article\" \/>\n<meta property=\"og:title\" content=\"THE BOLO - Turismo Cuzcurrita\" \/>\n<meta property=\"og:description\" content=\"The Bolo is probably one of the most identifying signs of Cuzcurrita, along with the church of San Miguel.\" \/>\n<meta property=\"og:url\" content=\"https:\/\/turismocuzcurrita.com\/en\/the-bolo\/\" \/>\n<meta property=\"og:site_name\" content=\"Turismo Cuzcurrita\" \/>\n<meta property=\"article:modified_time\" content=\"2021-08-24T19:32:51+00:00\" \/>\n<meta property=\"og:image\" content=\"http:\/\/turismocuzcurrita.com\/wp-content\/uploads\/2021\/05\/Cuzcurrita-POI-16-1.jpg\" \/>\n<meta name=\"twitter:card\" content=\"summary_large_image\" \/>\n<meta name=\"twitter:label1\" content=\"Est. reading time\" \/>\n\t<meta name=\"twitter:data1\" content=\"3 minutes\" \/>\n<script type=\"application\/ld+json\" class=\"yoast-schema-graph\">{\"@context\":\"https:\/\/schema.org\",\"@graph\":[{\"@type\":\"WebPage\",\"@id\":\"https:\/\/turismocuzcurrita.com\/en\/the-bolo\/\",\"url\":\"https:\/\/turismocuzcurrita.com\/en\/the-bolo\/\",\"name\":\"THE BOLO - Turismo Cuzcurrita\",\"isPartOf\":{\"@id\":\"https:\/\/turismocuzcurrita.com\/#website\"},\"primaryImageOfPage\":{\"@id\":\"https:\/\/turismocuzcurrita.com\/en\/the-bolo\/#primaryimage\"},\"image\":{\"@id\":\"https:\/\/turismocuzcurrita.com\/en\/the-bolo\/#primaryimage\"},\"thumbnailUrl\":\"http:\/\/turismocuzcurrita.com\/wp-content\/uploads\/2021\/05\/Cuzcurrita-POI-16-1.jpg\",\"datePublished\":\"2021-05-21T15:15:19+00:00\",\"dateModified\":\"2021-08-24T19:32:51+00:00\",\"description\":\"The Bolo is probably one of the most identifying signs of Cuzcurrita, along with the church of San Miguel.\",\"breadcrumb\":{\"@id\":\"https:\/\/turismocuzcurrita.com\/en\/the-bolo\/#breadcrumb\"},\"inLanguage\":\"en-US\",\"potentialAction\":[{\"@type\":\"ReadAction\",\"target\":[\"https:\/\/turismocuzcurrita.com\/en\/the-bolo\/\"]}]},{\"@type\":\"ImageObject\",\"inLanguage\":\"en-US\",\"@id\":\"https:\/\/turismocuzcurrita.com\/en\/the-bolo\/#primaryimage\",\"url\":\"http:\/\/turismocuzcurrita.com\/wp-content\/uploads\/2021\/05\/Cuzcurrita-POI-16-1.jpg\",\"contentUrl\":\"http:\/\/turismocuzcurrita.com\/wp-content\/uploads\/2021\/05\/Cuzcurrita-POI-16-1.jpg\"},{\"@type\":\"BreadcrumbList\",\"@id\":\"https:\/\/turismocuzcurrita.com\/en\/the-bolo\/#breadcrumb\",\"itemListElement\":[{\"@type\":\"ListItem\",\"position\":1,\"name\":\"Portada\",\"item\":\"https:\/\/turismocuzcurrita.com\/en\/\"},{\"@type\":\"ListItem\",\"position\":2,\"name\":\"THE BOLO\"}]},{\"@type\":\"WebSite\",\"@id\":\"https:\/\/turismocuzcurrita.com\/#website\",\"url\":\"https:\/\/turismocuzcurrita.com\/\",\"name\":\"Turismo Cuzcurrita\",\"description\":\"Patrimonio, enoturismo, naturaleza, gastronom\u00eda, tranquilidad.\",\"publisher\":{\"@id\":\"https:\/\/turismocuzcurrita.com\/#organization\"},\"potentialAction\":[{\"@type\":\"SearchAction\",\"target\":{\"@type\":\"EntryPoint\",\"urlTemplate\":\"https:\/\/turismocuzcurrita.com\/?s={search_term_string}\"},\"query-input\":{\"@type\":\"PropertyValueSpecification\",\"valueRequired\":true,\"valueName\":\"search_term_string\"}}],\"inLanguage\":\"en-US\"},{\"@type\":\"Organization\",\"@id\":\"https:\/\/turismocuzcurrita.com\/#organization\",\"name\":\"Turismo Cuzcurrita\",\"url\":\"https:\/\/turismocuzcurrita.com\/\",\"logo\":{\"@type\":\"ImageObject\",\"inLanguage\":\"en-US\",\"@id\":\"https:\/\/turismocuzcurrita.com\/#\/schema\/logo\/image\/\",\"url\":\"http:\/\/turismocuzcurrita.com\/wp-content\/uploads\/2021\/05\/Untitled.png\",\"contentUrl\":\"http:\/\/turismocuzcurrita.com\/wp-content\/uploads\/2021\/05\/Untitled.png\",\"width\":59,\"height\":69,\"caption\":\"Turismo Cuzcurrita\"},\"image\":{\"@id\":\"https:\/\/turismocuzcurrita.com\/#\/schema\/logo\/image\/\"}}]}<\/script>\n<!-- \/ Yoast SEO plugin. -->","yoast_head_json":{"title":"THE BOLO - Turismo Cuzcurrita","description":"The Bolo is probably one of the most identifying signs of Cuzcurrita, along with the church of San Miguel.","robots":{"index":"index","follow":"follow","max-snippet":"max-snippet:-1","max-image-preview":"max-image-preview:large","max-video-preview":"max-video-preview:-1"},"canonical":"https:\/\/turismocuzcurrita.com\/en\/the-bolo\/","og_locale":"en_US","og_type":"article","og_title":"THE BOLO - Turismo Cuzcurrita","og_description":"The Bolo is probably one of the most identifying signs of Cuzcurrita, along with the church of San Miguel.","og_url":"https:\/\/turismocuzcurrita.com\/en\/the-bolo\/","og_site_name":"Turismo Cuzcurrita","article_modified_time":"2021-08-24T19:32:51+00:00","og_image":[{"url":"http:\/\/turismocuzcurrita.com\/wp-content\/uploads\/2021\/05\/Cuzcurrita-POI-16-1.jpg","type":"","width":"","height":""}],"twitter_card":"summary_large_image","twitter_misc":{"Est. reading time":"3 minutes"},"schema":{"@context":"https:\/\/schema.org","@graph":[{"@type":"WebPage","@id":"https:\/\/turismocuzcurrita.com\/en\/the-bolo\/","url":"https:\/\/turismocuzcurrita.com\/en\/the-bolo\/","name":"THE BOLO - Turismo Cuzcurrita","isPartOf":{"@id":"https:\/\/turismocuzcurrita.com\/#website"},"primaryImageOfPage":{"@id":"https:\/\/turismocuzcurrita.com\/en\/the-bolo\/#primaryimage"},"image":{"@id":"https:\/\/turismocuzcurrita.com\/en\/the-bolo\/#primaryimage"},"thumbnailUrl":"http:\/\/turismocuzcurrita.com\/wp-content\/uploads\/2021\/05\/Cuzcurrita-POI-16-1.jpg","datePublished":"2021-05-21T15:15:19+00:00","dateModified":"2021-08-24T19:32:51+00:00","description":"The Bolo is probably one of the most identifying signs of Cuzcurrita, along with the church of San Miguel.","breadcrumb":{"@id":"https:\/\/turismocuzcurrita.com\/en\/the-bolo\/#breadcrumb"},"inLanguage":"en-US","potentialAction":[{"@type":"ReadAction","target":["https:\/\/turismocuzcurrita.com\/en\/the-bolo\/"]}]},{"@type":"ImageObject","inLanguage":"en-US","@id":"https:\/\/turismocuzcurrita.com\/en\/the-bolo\/#primaryimage","url":"http:\/\/turismocuzcurrita.com\/wp-content\/uploads\/2021\/05\/Cuzcurrita-POI-16-1.jpg","contentUrl":"http:\/\/turismocuzcurrita.com\/wp-content\/uploads\/2021\/05\/Cuzcurrita-POI-16-1.jpg"},{"@type":"BreadcrumbList","@id":"https:\/\/turismocuzcurrita.com\/en\/the-bolo\/#breadcrumb","itemListElement":[{"@type":"ListItem","position":1,"name":"Portada","item":"https:\/\/turismocuzcurrita.com\/en\/"},{"@type":"ListItem","position":2,"name":"THE BOLO"}]},{"@type":"WebSite","@id":"https:\/\/turismocuzcurrita.com\/#website","url":"https:\/\/turismocuzcurrita.com\/","name":"Turismo Cuzcurrita","description":"Patrimonio, enoturismo, naturaleza, gastronom\u00eda, tranquilidad.","publisher":{"@id":"https:\/\/turismocuzcurrita.com\/#organization"},"potentialAction":[{"@type":"SearchAction","target":{"@type":"EntryPoint","urlTemplate":"https:\/\/turismocuzcurrita.com\/?s={search_term_string}"},"query-input":{"@type":"PropertyValueSpecification","valueRequired":true,"valueName":"search_term_string"}}],"inLanguage":"en-US"},{"@type":"Organization","@id":"https:\/\/turismocuzcurrita.com\/#organization","name":"Turismo Cuzcurrita","url":"https:\/\/turismocuzcurrita.com\/","logo":{"@type":"ImageObject","inLanguage":"en-US","@id":"https:\/\/turismocuzcurrita.com\/#\/schema\/logo\/image\/","url":"http:\/\/turismocuzcurrita.com\/wp-content\/uploads\/2021\/05\/Untitled.png","contentUrl":"http:\/\/turismocuzcurrita.com\/wp-content\/uploads\/2021\/05\/Untitled.png","width":59,"height":69,"caption":"Turismo Cuzcurrita"},"image":{"@id":"https:\/\/turismocuzcurrita.com\/#\/schema\/logo\/image\/"}}]}},"_links":{"self":[{"href":"https:\/\/turismocuzcurrita.com\/en\/wp-json\/wp\/v2\/pages\/1527","targetHints":{"allow":["GET"]}}],"collection":[{"href":"https:\/\/turismocuzcurrita.com\/en\/wp-json\/wp\/v2\/pages"}],"about":[{"href":"https:\/\/turismocuzcurrita.com\/en\/wp-json\/wp\/v2\/types\/page"}],"author":[{"embeddable":true,"href":"https:\/\/turismocuzcurrita.com\/en\/wp-json\/wp\/v2\/users\/1"}],"replies":[{"embeddable":true,"href":"https:\/\/turismocuzcurrita.com\/en\/wp-json\/wp\/v2\/comments?post=1527"}],"version-history":[{"count":8,"href":"https:\/\/turismocuzcurrita.com\/en\/wp-json\/wp\/v2\/pages\/1527\/revisions"}],"predecessor-version":[{"id":3546,"href":"https:\/\/turismocuzcurrita.com\/en\/wp-json\/wp\/v2\/pages\/1527\/revisions\/3546"}],"wp:attachment":[{"href":"https:\/\/turismocuzcurrita.com\/en\/wp-json\/wp\/v2\/media?parent=1527"}],"curies":[{"name":"wp","href":"https:\/\/api.w.org\/{rel}","templated":true}]}}