{"id":1432,"date":"2021-05-20T19:39:08","date_gmt":"2021-05-20T19:39:08","guid":{"rendered":"http:\/\/turismocuzcurrita.com\/?page_id=1432"},"modified":"2021-08-24T19:42:11","modified_gmt":"2021-08-24T19:42:11","slug":"the-church-of-san-miguel","status":"publish","type":"page","link":"https:\/\/turismocuzcurrita.com\/en\/the-church-of-san-miguel\/","title":{"rendered":"THE CHURCH OF SAN MIGUEL"},"content":{"rendered":"\t\t<div data-elementor-type=\"wp-page\" data-elementor-id=\"1432\" class=\"elementor elementor-1432\" data-elementor-settings=\"[]\">\n\t\t\t\t\t\t\t<div class=\"elementor-section-wrap\">\n\t\t\t\t\t\t\t<section class=\"elementor-section elementor-top-section elementor-element elementor-element-faab266 elementor-section-boxed elementor-section-height-default elementor-section-height-default\" data-id=\"faab266\" data-element_type=\"section\">\n\t\t\t\t\t\t<div class=\"elementor-container elementor-column-gap-default\">\n\t\t\t\t\t<div class=\"elementor-column elementor-col-100 elementor-top-column elementor-element elementor-element-e4f5d1f\" data-id=\"e4f5d1f\" data-element_type=\"column\">\n\t\t\t<div class=\"elementor-widget-wrap elementor-element-populated\">\n\t\t\t\t\t\t\t\t<div class=\"elementor-element elementor-element-78d8e40 elementor-widget elementor-widget-html\" data-id=\"78d8e40\" data-element_type=\"widget\" data-widget_type=\"html.default\">\n\t\t\t\t<div class=\"elementor-widget-container\">\n\t\t\t<div>\n    <audio src='\/wp-content\/uploads\/2021\/05\/3IglesiaSanMiguelEN.mp3' id='audio'><\/audio>\n    <div class='audio-container'>\n    <button id='player-button' class='player-button play'><\/button>\n    <span id='count'>00:00<\/span> \n    <span class='slash'>\/<\/span>\n    <span id='final_count'>04:35<\/span>\n    <\/div>\n    <\/div>\t\t<\/div>\n\t\t\t\t<\/div>\n\t\t\t\t<div class=\"elementor-element elementor-element-a61ef7e elementor-widget elementor-widget-heading\" data-id=\"a61ef7e\" data-element_type=\"widget\" data-widget_type=\"heading.default\">\n\t\t\t\t<div class=\"elementor-widget-container\">\n\t\t\t<h2 class=\"elementor-heading-title elementor-size-default\">The Church of San Miguel<\/h2>\t\t<\/div>\n\t\t\t\t<\/div>\n\t\t\t\t<div class=\"elementor-element elementor-element-655917b elementor-widget elementor-widget-text-editor\" data-id=\"655917b\" data-element_type=\"widget\" data-widget_type=\"text-editor.default\">\n\t\t\t\t<div class=\"elementor-widget-container\">\n\t\t\t\t\t\t\t\t<p>At the very heart of the village of Cuzcurrita and forming part of the Plaza Mayor, is the Church of San Miguel Arc\u00e1ngel, declared a National Monument in 1978. It is a Baroque work from the 18th century that was built between 1753 and 1766 with sandstone ashlars extracted from the nearby quarries.<\/p>\t\t\t\t\t\t<\/div>\n\t\t\t\t<\/div>\n\t\t\t\t\t<\/div>\n\t\t<\/div>\n\t\t\t\t\t\t\t<\/div>\n\t\t<\/section>\n\t\t\t\t<section class=\"elementor-section elementor-top-section elementor-element elementor-element-49e6183 elementor-section-full_width elementor-section-height-min-height elementor-section-stretched elementor-section-height-default elementor-section-items-middle\" data-id=\"49e6183\" data-element_type=\"section\" data-settings=\"{&quot;stretch_section&quot;:&quot;section-stretched&quot;,&quot;background_background&quot;:&quot;classic&quot;}\">\n\t\t\t\t\t\t<div class=\"elementor-container elementor-column-gap-default\">\n\t\t\t\t\t<div class=\"elementor-column elementor-col-100 elementor-top-column elementor-element elementor-element-aee919c\" data-id=\"aee919c\" data-element_type=\"column\">\n\t\t\t<div class=\"elementor-widget-wrap\">\n\t\t\t\t\t\t\t\t\t<\/div>\n\t\t<\/div>\n\t\t\t\t\t\t\t<\/div>\n\t\t<\/section>\n\t\t\t\t<section class=\"elementor-section elementor-top-section elementor-element elementor-element-5b79d5a elementor-section-boxed elementor-section-height-default elementor-section-height-default\" data-id=\"5b79d5a\" data-element_type=\"section\">\n\t\t\t\t\t\t<div class=\"elementor-container elementor-column-gap-default\">\n\t\t\t\t\t<div class=\"elementor-column elementor-col-100 elementor-top-column elementor-element elementor-element-d8fcf18\" data-id=\"d8fcf18\" data-element_type=\"column\">\n\t\t\t<div class=\"elementor-widget-wrap elementor-element-populated\">\n\t\t\t\t\t\t\t\t<div class=\"elementor-element elementor-element-7d4fdff elementor-widget elementor-widget-spacer\" data-id=\"7d4fdff\" data-element_type=\"widget\" data-widget_type=\"spacer.default\">\n\t\t\t\t<div class=\"elementor-widget-container\">\n\t\t\t\t\t<div class=\"elementor-spacer\">\n\t\t\t<div class=\"elementor-spacer-inner\"><\/div>\n\t\t<\/div>\n\t\t\t\t<\/div>\n\t\t\t\t<\/div>\n\t\t\t\t<div class=\"elementor-element elementor-element-8b1bf3d elementor-widget elementor-widget-text-editor\" data-id=\"8b1bf3d\" data-element_type=\"widget\" data-widget_type=\"text-editor.default\">\n\t\t\t\t<div class=\"elementor-widget-container\">\n\t\t\t\t\t\t\t\t<p>We are, without a doubt, facing the most unique and spectacular 18th-century building of Rioja architectural heritage. To find a curved facade is completely innovative in this century, which undoubtedly has its inspiration in from the most brilliant architect of the 17th century, Francesco Borromini and his doorway of the church of &#8220;San Carlo alle Quattro Fontane&#8221; in Rome.<\/p>\t\t\t\t\t\t<\/div>\n\t\t\t\t<\/div>\n\t\t\t\t<div class=\"elementor-element elementor-element-06bf1e0 elementor-widget elementor-widget-text-editor\" data-id=\"06bf1e0\" data-element_type=\"widget\" data-widget_type=\"text-editor.default\">\n\t\t\t\t<div class=\"elementor-widget-container\">\n\t\t\t\t\t\t\t\t<p class=\"font_8\">The movement and sinuosity of the stone is very difficult to achieve, but thanks to the mastery of the stonemasons led by Jos\u00e9 de Itu\u00f1o, today we can continue to admire a set of three curved planes, the concave sides and the convex central, framed by four columns supporting a curvilinear gable made up of scrolled mouldings. These concave and convex surfaces manage to convey the sensation of movement typical of Baroque aesthetics that lasted in Spain throughout the 18th century.<\/p><p class=\"font_8\">The three-section tower that crowns the church is, however, in a Baroque style more typical of the region. In fact, the similarities with the towers of the Co-Cathedral of Santa Mar\u00eda La Redonda in Logro\u00f1o, with the church of Santa Mar\u00eda de Briones, the church of Santo Tom\u00e1s de Haro or with the cathedral of Santo Domingo de la Calzada are clear.<\/p>\t\t\t\t\t\t<\/div>\n\t\t\t\t<\/div>\n\t\t\t\t\t<\/div>\n\t\t<\/div>\n\t\t\t\t\t\t\t<\/div>\n\t\t<\/section>\n\t\t\t\t<section class=\"elementor-section elementor-top-section elementor-element elementor-element-b55cd38 elementor-section-boxed elementor-section-height-default elementor-section-height-default\" data-id=\"b55cd38\" data-element_type=\"section\">\n\t\t\t\t\t\t<div class=\"elementor-container elementor-column-gap-default\">\n\t\t\t\t\t<div class=\"elementor-column elementor-col-100 elementor-top-column elementor-element elementor-element-f6c803c\" data-id=\"f6c803c\" data-element_type=\"column\">\n\t\t\t<div class=\"elementor-widget-wrap elementor-element-populated\">\n\t\t\t\t\t\t\t\t<div class=\"elementor-element elementor-element-f0cd896 elementor-widget elementor-widget-image\" data-id=\"f0cd896\" data-element_type=\"widget\" data-widget_type=\"image.default\">\n\t\t\t\t<div class=\"elementor-widget-container\">\n\t\t\t\t\t\t\t\t\t\t\t\t\t\t\t<img decoding=\"async\" width=\"828\" height=\"646\" src=\"https:\/\/turismocuzcurrita.com\/wp-content\/uploads\/2021\/05\/Cuzcurrita-POI-2.jpg\" class=\"attachment-large size-large\" alt=\"\" srcset=\"https:\/\/turismocuzcurrita.com\/wp-content\/uploads\/2021\/05\/Cuzcurrita-POI-2.jpg 828w, https:\/\/turismocuzcurrita.com\/wp-content\/uploads\/2021\/05\/Cuzcurrita-POI-2-300x234.jpg 300w, https:\/\/turismocuzcurrita.com\/wp-content\/uploads\/2021\/05\/Cuzcurrita-POI-2-768x599.jpg 768w, https:\/\/turismocuzcurrita.com\/wp-content\/uploads\/2021\/05\/Cuzcurrita-POI-2-187x146.jpg 187w, https:\/\/turismocuzcurrita.com\/wp-content\/uploads\/2021\/05\/Cuzcurrita-POI-2-50x39.jpg 50w, https:\/\/turismocuzcurrita.com\/wp-content\/uploads\/2021\/05\/Cuzcurrita-POI-2-96x75.jpg 96w\" sizes=\"(max-width: 828px) 100vw, 828px\" \/>\t\t\t\t\t\t\t\t\t\t\t\t\t\t\t<\/div>\n\t\t\t\t<\/div>\n\t\t\t\t\t<\/div>\n\t\t<\/div>\n\t\t\t\t\t\t\t<\/div>\n\t\t<\/section>\n\t\t\t\t<section class=\"elementor-section elementor-top-section elementor-element elementor-element-1df52a1 elementor-section-boxed elementor-section-height-default elementor-section-height-default\" data-id=\"1df52a1\" data-element_type=\"section\">\n\t\t\t\t\t\t<div class=\"elementor-container elementor-column-gap-default\">\n\t\t\t\t\t<div class=\"elementor-column elementor-col-100 elementor-top-column elementor-element elementor-element-7f54c78\" data-id=\"7f54c78\" data-element_type=\"column\">\n\t\t\t<div class=\"elementor-widget-wrap elementor-element-populated\">\n\t\t\t\t\t\t\t\t<div class=\"elementor-element elementor-element-7d860bc elementor-widget elementor-widget-spacer\" data-id=\"7d860bc\" data-element_type=\"widget\" data-widget_type=\"spacer.default\">\n\t\t\t\t<div class=\"elementor-widget-container\">\n\t\t\t\t\t<div class=\"elementor-spacer\">\n\t\t\t<div class=\"elementor-spacer-inner\"><\/div>\n\t\t<\/div>\n\t\t\t\t<\/div>\n\t\t\t\t<\/div>\n\t\t\t\t<div class=\"elementor-element elementor-element-e37a850 elementor-widget elementor-widget-text-editor\" data-id=\"e37a850\" data-element_type=\"widget\" data-widget_type=\"text-editor.default\">\n\t\t\t\t<div class=\"elementor-widget-container\">\n\t\t\t\t\t\t\t\t<p class=\"font_8\">Inside the church, the layout is longitudinal, with a chancel, a transept, three naves and a high choir. The chapels which are connected to each other are located between the buttresses. The two sacristies attached to the chancel finish the interior of the church. One of the sacristies is from the 17thThe interior altarpieces were made by Miguel Antonio de J\u00e1uregui at the end of the 18th century. It is interesting to see a lantern located behind the main altarpiece, allowing the light to enter from outside, creating a silhouette from this backlighting of Saint San Miguel, which is located at the top of the altarpiece. An optical effect of play of light was created, typical of the theatrical nature of the Baroque liturgy. Unfortunately, in 1974 a great fire broke out in the church and it destroyed the high choir, the stalls, the organ, the presbytery, the main altarpiece, part of the pulpit and the 14th century Gothic image of Nuestra Se\u00f1ora de Tironcillo.<\/p>\t\t\t\t\t\t<\/div>\n\t\t\t\t<\/div>\n\t\t\t\t<div class=\"elementor-element elementor-element-25f76fe elementor-blockquote--skin-border elementor-blockquote--button-color-official elementor-widget elementor-widget-blockquote\" data-id=\"25f76fe\" data-element_type=\"widget\" data-widget_type=\"blockquote.default\">\n\t\t\t\t<div class=\"elementor-widget-container\">\n\t\t\t\t\t<blockquote class=\"elementor-blockquote\">\n\t\t\t<p class=\"elementor-blockquote__content\">\n\t\t\t\tThankfully the piece of art of the Last Supper, a Spanish-Flemish work from the late 15th century, was saved, thanks to the help provided by the residents of the village. A true jewel that presides over the main altar.\t\t\t<\/p>\n\t\t\t\t\t<\/blockquote>\n\t\t\t\t<\/div>\n\t\t\t\t<\/div>\n\t\t\t\t\t<\/div>\n\t\t<\/div>\n\t\t\t\t\t\t\t<\/div>\n\t\t<\/section>\n\t\t\t\t<section class=\"elementor-section elementor-top-section elementor-element elementor-element-c4af50c elementor-section-boxed elementor-section-height-default elementor-section-height-default\" data-id=\"c4af50c\" data-element_type=\"section\">\n\t\t\t\t\t\t<div class=\"elementor-container elementor-column-gap-default\">\n\t\t\t\t\t<div class=\"elementor-column elementor-col-100 elementor-top-column elementor-element elementor-element-f9dffe7\" data-id=\"f9dffe7\" data-element_type=\"column\">\n\t\t\t<div class=\"elementor-widget-wrap elementor-element-populated\">\n\t\t\t\t\t\t\t\t<div class=\"elementor-element elementor-element-82d2337 elementor-widget elementor-widget-image\" data-id=\"82d2337\" data-element_type=\"widget\" data-widget_type=\"image.default\">\n\t\t\t\t<div class=\"elementor-widget-container\">\n\t\t\t\t\t\t\t\t\t\t\t\t\t\t\t<img decoding=\"async\" width=\"830\" height=\"657\" src=\"https:\/\/turismocuzcurrita.com\/wp-content\/uploads\/2021\/05\/retablo_MG_2322.jpg\" class=\"attachment-large size-large\" alt=\"\" srcset=\"https:\/\/turismocuzcurrita.com\/wp-content\/uploads\/2021\/05\/retablo_MG_2322.jpg 830w, https:\/\/turismocuzcurrita.com\/wp-content\/uploads\/2021\/05\/retablo_MG_2322-300x237.jpg 300w, https:\/\/turismocuzcurrita.com\/wp-content\/uploads\/2021\/05\/retablo_MG_2322-768x608.jpg 768w, https:\/\/turismocuzcurrita.com\/wp-content\/uploads\/2021\/05\/retablo_MG_2322-184x146.jpg 184w, https:\/\/turismocuzcurrita.com\/wp-content\/uploads\/2021\/05\/retablo_MG_2322-50x40.jpg 50w, https:\/\/turismocuzcurrita.com\/wp-content\/uploads\/2021\/05\/retablo_MG_2322-95x75.jpg 95w\" sizes=\"(max-width: 830px) 100vw, 830px\" \/>\t\t\t\t\t\t\t\t\t\t\t\t\t\t\t<\/div>\n\t\t\t\t<\/div>\n\t\t\t\t\t<\/div>\n\t\t<\/div>\n\t\t\t\t\t\t\t<\/div>\n\t\t<\/section>\n\t\t\t\t<section class=\"elementor-section elementor-top-section elementor-element elementor-element-1bd3b01 elementor-section-boxed elementor-section-height-default elementor-section-height-default\" data-id=\"1bd3b01\" data-element_type=\"section\">\n\t\t\t\t\t\t<div class=\"elementor-container elementor-column-gap-default\">\n\t\t\t\t\t<div class=\"elementor-column elementor-col-100 elementor-top-column elementor-element elementor-element-945f343\" data-id=\"945f343\" data-element_type=\"column\">\n\t\t\t<div class=\"elementor-widget-wrap elementor-element-populated\">\n\t\t\t\t\t\t\t\t<div class=\"elementor-element elementor-element-c3cd2cc elementor-widget elementor-widget-heading\" data-id=\"c3cd2cc\" data-element_type=\"widget\" data-widget_type=\"heading.default\">\n\t\t\t\t<div class=\"elementor-widget-container\">\n\t\t\t<h5 class=\"elementor-heading-title elementor-size-default\">Navigate through the Church of San Miguel ...<\/h5>\t\t<\/div>\n\t\t\t\t<\/div>\n\t\t\t\t<div class=\"elementor-element elementor-element-06098db elementor-widget elementor-widget-text-editor\" data-id=\"06098db\" data-element_type=\"widget\" data-widget_type=\"text-editor.default\">\n\t\t\t\t<div class=\"elementor-widget-container\">\n\t\t\t\t\t\t\t\t<p>Move the mouse over the image and you can move 360\u00ba to appreciate different points of view.<\/p>\t\t\t\t\t\t<\/div>\n\t\t\t\t<\/div>\n\t\t\t\t<div class=\"elementor-element elementor-element-594c396 elementor-widget elementor-widget-html\" data-id=\"594c396\" data-element_type=\"widget\" data-widget_type=\"html.default\">\n\t\t\t\t<div class=\"elementor-widget-container\">\n\t\t\t<iframe src=\"https:\/\/tourmkr.com\/G1isqMIHI3\/12442674p,2933835m,65.28h,92.92t\r\n\" height=\"700\"><\/iframe>\t\t<\/div>\n\t\t\t\t<\/div>\n\t\t\t\t<div class=\"elementor-element elementor-element-cf1fe7d elementor-widget elementor-widget-spacer\" data-id=\"cf1fe7d\" data-element_type=\"widget\" data-widget_type=\"spacer.default\">\n\t\t\t\t<div class=\"elementor-widget-container\">\n\t\t\t\t\t<div class=\"elementor-spacer\">\n\t\t\t<div class=\"elementor-spacer-inner\"><\/div>\n\t\t<\/div>\n\t\t\t\t<\/div>\n\t\t\t\t<\/div>\n\t\t\t\t\t<\/div>\n\t\t<\/div>\n\t\t\t\t\t\t\t<\/div>\n\t\t<\/section>\n\t\t\t\t\t\t<\/div>\n\t\t\t\t\t<\/div>\n\t\t","protected":false},"excerpt":{"rendered":"<p>The Church of San Miguel At the very heart of the village of Cuzcurrita and forming part of the Plaza Mayor, is the Church of San<span class=\"excerpt-hellip\"> [\u2026]<\/span><\/p>\n","protected":false},"author":1,"featured_media":0,"parent":0,"menu_order":0,"comment_status":"closed","ping_status":"closed","template":"","meta":{"footnotes":""},"class_list":["post-1432","page","type-page","status-publish","hentry"],"yoast_head":"<!-- This site is optimized with the Yoast SEO plugin v24.9 - https:\/\/yoast.com\/wordpress\/plugins\/seo\/ -->\n<title>THE CHURCH OF SAN MIGUEL - Turismo Cuzcurrita<\/title>\n<meta name=\"description\" content=\"At the very heart of the village of Cuzcurrita and forming part of the Plaza Mayor, is the Church of San Miguel Arc\u00e1ngel...\" \/>\n<meta name=\"robots\" content=\"index, follow, max-snippet:-1, max-image-preview:large, max-video-preview:-1\" \/>\n<link rel=\"canonical\" href=\"https:\/\/turismocuzcurrita.com\/en\/the-church-of-san-miguel\/\" \/>\n<meta property=\"og:locale\" content=\"en_US\" \/>\n<meta property=\"og:type\" content=\"article\" \/>\n<meta property=\"og:title\" content=\"THE CHURCH OF SAN MIGUEL - Turismo Cuzcurrita\" \/>\n<meta property=\"og:description\" content=\"At the very heart of the village of Cuzcurrita and forming part of the Plaza Mayor, is the Church of San Miguel Arc\u00e1ngel...\" \/>\n<meta property=\"og:url\" content=\"https:\/\/turismocuzcurrita.com\/en\/the-church-of-san-miguel\/\" \/>\n<meta property=\"og:site_name\" content=\"Turismo Cuzcurrita\" \/>\n<meta property=\"article:modified_time\" content=\"2021-08-24T19:42:11+00:00\" \/>\n<meta property=\"og:image\" content=\"http:\/\/turismocuzcurrita.com\/wp-content\/uploads\/2021\/05\/Cuzcurrita-POI-2.jpg\" \/>\n<meta name=\"twitter:card\" content=\"summary_large_image\" \/>\n<meta name=\"twitter:label1\" content=\"Est. reading time\" \/>\n\t<meta name=\"twitter:data1\" content=\"3 minutes\" \/>\n<script type=\"application\/ld+json\" class=\"yoast-schema-graph\">{\"@context\":\"https:\/\/schema.org\",\"@graph\":[{\"@type\":\"WebPage\",\"@id\":\"https:\/\/turismocuzcurrita.com\/en\/the-church-of-san-miguel\/\",\"url\":\"https:\/\/turismocuzcurrita.com\/en\/the-church-of-san-miguel\/\",\"name\":\"THE CHURCH OF SAN MIGUEL - Turismo Cuzcurrita\",\"isPartOf\":{\"@id\":\"https:\/\/turismocuzcurrita.com\/#website\"},\"primaryImageOfPage\":{\"@id\":\"https:\/\/turismocuzcurrita.com\/en\/the-church-of-san-miguel\/#primaryimage\"},\"image\":{\"@id\":\"https:\/\/turismocuzcurrita.com\/en\/the-church-of-san-miguel\/#primaryimage\"},\"thumbnailUrl\":\"http:\/\/turismocuzcurrita.com\/wp-content\/uploads\/2021\/05\/Cuzcurrita-POI-2.jpg\",\"datePublished\":\"2021-05-20T19:39:08+00:00\",\"dateModified\":\"2021-08-24T19:42:11+00:00\",\"description\":\"At the very heart of the village of Cuzcurrita and forming part of the Plaza Mayor, is the Church of San Miguel Arc\u00e1ngel...\",\"breadcrumb\":{\"@id\":\"https:\/\/turismocuzcurrita.com\/en\/the-church-of-san-miguel\/#breadcrumb\"},\"inLanguage\":\"en-US\",\"potentialAction\":[{\"@type\":\"ReadAction\",\"target\":[\"https:\/\/turismocuzcurrita.com\/en\/the-church-of-san-miguel\/\"]}]},{\"@type\":\"ImageObject\",\"inLanguage\":\"en-US\",\"@id\":\"https:\/\/turismocuzcurrita.com\/en\/the-church-of-san-miguel\/#primaryimage\",\"url\":\"http:\/\/turismocuzcurrita.com\/wp-content\/uploads\/2021\/05\/Cuzcurrita-POI-2.jpg\",\"contentUrl\":\"http:\/\/turismocuzcurrita.com\/wp-content\/uploads\/2021\/05\/Cuzcurrita-POI-2.jpg\"},{\"@type\":\"BreadcrumbList\",\"@id\":\"https:\/\/turismocuzcurrita.com\/en\/the-church-of-san-miguel\/#breadcrumb\",\"itemListElement\":[{\"@type\":\"ListItem\",\"position\":1,\"name\":\"Portada\",\"item\":\"https:\/\/turismocuzcurrita.com\/en\/\"},{\"@type\":\"ListItem\",\"position\":2,\"name\":\"THE CHURCH OF SAN MIGUEL\"}]},{\"@type\":\"WebSite\",\"@id\":\"https:\/\/turismocuzcurrita.com\/#website\",\"url\":\"https:\/\/turismocuzcurrita.com\/\",\"name\":\"Turismo Cuzcurrita\",\"description\":\"Patrimonio, enoturismo, naturaleza, gastronom\u00eda, tranquilidad.\",\"publisher\":{\"@id\":\"https:\/\/turismocuzcurrita.com\/#organization\"},\"potentialAction\":[{\"@type\":\"SearchAction\",\"target\":{\"@type\":\"EntryPoint\",\"urlTemplate\":\"https:\/\/turismocuzcurrita.com\/?s={search_term_string}\"},\"query-input\":{\"@type\":\"PropertyValueSpecification\",\"valueRequired\":true,\"valueName\":\"search_term_string\"}}],\"inLanguage\":\"en-US\"},{\"@type\":\"Organization\",\"@id\":\"https:\/\/turismocuzcurrita.com\/#organization\",\"name\":\"Turismo Cuzcurrita\",\"url\":\"https:\/\/turismocuzcurrita.com\/\",\"logo\":{\"@type\":\"ImageObject\",\"inLanguage\":\"en-US\",\"@id\":\"https:\/\/turismocuzcurrita.com\/#\/schema\/logo\/image\/\",\"url\":\"http:\/\/turismocuzcurrita.com\/wp-content\/uploads\/2021\/05\/Untitled.png\",\"contentUrl\":\"http:\/\/turismocuzcurrita.com\/wp-content\/uploads\/2021\/05\/Untitled.png\",\"width\":59,\"height\":69,\"caption\":\"Turismo Cuzcurrita\"},\"image\":{\"@id\":\"https:\/\/turismocuzcurrita.com\/#\/schema\/logo\/image\/\"}}]}<\/script>\n<!-- \/ Yoast SEO plugin. -->","yoast_head_json":{"title":"THE CHURCH OF SAN MIGUEL - Turismo Cuzcurrita","description":"At the very heart of the village of Cuzcurrita and forming part of the Plaza Mayor, is the Church of San Miguel Arc\u00e1ngel...","robots":{"index":"index","follow":"follow","max-snippet":"max-snippet:-1","max-image-preview":"max-image-preview:large","max-video-preview":"max-video-preview:-1"},"canonical":"https:\/\/turismocuzcurrita.com\/en\/the-church-of-san-miguel\/","og_locale":"en_US","og_type":"article","og_title":"THE CHURCH OF SAN MIGUEL - Turismo Cuzcurrita","og_description":"At the very heart of the village of Cuzcurrita and forming part of the Plaza Mayor, is the Church of San Miguel Arc\u00e1ngel...","og_url":"https:\/\/turismocuzcurrita.com\/en\/the-church-of-san-miguel\/","og_site_name":"Turismo Cuzcurrita","article_modified_time":"2021-08-24T19:42:11+00:00","og_image":[{"url":"http:\/\/turismocuzcurrita.com\/wp-content\/uploads\/2021\/05\/Cuzcurrita-POI-2.jpg","type":"","width":"","height":""}],"twitter_card":"summary_large_image","twitter_misc":{"Est. reading time":"3 minutes"},"schema":{"@context":"https:\/\/schema.org","@graph":[{"@type":"WebPage","@id":"https:\/\/turismocuzcurrita.com\/en\/the-church-of-san-miguel\/","url":"https:\/\/turismocuzcurrita.com\/en\/the-church-of-san-miguel\/","name":"THE CHURCH OF SAN MIGUEL - Turismo Cuzcurrita","isPartOf":{"@id":"https:\/\/turismocuzcurrita.com\/#website"},"primaryImageOfPage":{"@id":"https:\/\/turismocuzcurrita.com\/en\/the-church-of-san-miguel\/#primaryimage"},"image":{"@id":"https:\/\/turismocuzcurrita.com\/en\/the-church-of-san-miguel\/#primaryimage"},"thumbnailUrl":"http:\/\/turismocuzcurrita.com\/wp-content\/uploads\/2021\/05\/Cuzcurrita-POI-2.jpg","datePublished":"2021-05-20T19:39:08+00:00","dateModified":"2021-08-24T19:42:11+00:00","description":"At the very heart of the village of Cuzcurrita and forming part of the Plaza Mayor, is the Church of San Miguel Arc\u00e1ngel...","breadcrumb":{"@id":"https:\/\/turismocuzcurrita.com\/en\/the-church-of-san-miguel\/#breadcrumb"},"inLanguage":"en-US","potentialAction":[{"@type":"ReadAction","target":["https:\/\/turismocuzcurrita.com\/en\/the-church-of-san-miguel\/"]}]},{"@type":"ImageObject","inLanguage":"en-US","@id":"https:\/\/turismocuzcurrita.com\/en\/the-church-of-san-miguel\/#primaryimage","url":"http:\/\/turismocuzcurrita.com\/wp-content\/uploads\/2021\/05\/Cuzcurrita-POI-2.jpg","contentUrl":"http:\/\/turismocuzcurrita.com\/wp-content\/uploads\/2021\/05\/Cuzcurrita-POI-2.jpg"},{"@type":"BreadcrumbList","@id":"https:\/\/turismocuzcurrita.com\/en\/the-church-of-san-miguel\/#breadcrumb","itemListElement":[{"@type":"ListItem","position":1,"name":"Portada","item":"https:\/\/turismocuzcurrita.com\/en\/"},{"@type":"ListItem","position":2,"name":"THE CHURCH OF SAN MIGUEL"}]},{"@type":"WebSite","@id":"https:\/\/turismocuzcurrita.com\/#website","url":"https:\/\/turismocuzcurrita.com\/","name":"Turismo Cuzcurrita","description":"Patrimonio, enoturismo, naturaleza, gastronom\u00eda, tranquilidad.","publisher":{"@id":"https:\/\/turismocuzcurrita.com\/#organization"},"potentialAction":[{"@type":"SearchAction","target":{"@type":"EntryPoint","urlTemplate":"https:\/\/turismocuzcurrita.com\/?s={search_term_string}"},"query-input":{"@type":"PropertyValueSpecification","valueRequired":true,"valueName":"search_term_string"}}],"inLanguage":"en-US"},{"@type":"Organization","@id":"https:\/\/turismocuzcurrita.com\/#organization","name":"Turismo Cuzcurrita","url":"https:\/\/turismocuzcurrita.com\/","logo":{"@type":"ImageObject","inLanguage":"en-US","@id":"https:\/\/turismocuzcurrita.com\/#\/schema\/logo\/image\/","url":"http:\/\/turismocuzcurrita.com\/wp-content\/uploads\/2021\/05\/Untitled.png","contentUrl":"http:\/\/turismocuzcurrita.com\/wp-content\/uploads\/2021\/05\/Untitled.png","width":59,"height":69,"caption":"Turismo Cuzcurrita"},"image":{"@id":"https:\/\/turismocuzcurrita.com\/#\/schema\/logo\/image\/"}}]}},"_links":{"self":[{"href":"https:\/\/turismocuzcurrita.com\/en\/wp-json\/wp\/v2\/pages\/1432","targetHints":{"allow":["GET"]}}],"collection":[{"href":"https:\/\/turismocuzcurrita.com\/en\/wp-json\/wp\/v2\/pages"}],"about":[{"href":"https:\/\/turismocuzcurrita.com\/en\/wp-json\/wp\/v2\/types\/page"}],"author":[{"embeddable":true,"href":"https:\/\/turismocuzcurrita.com\/en\/wp-json\/wp\/v2\/users\/1"}],"replies":[{"embeddable":true,"href":"https:\/\/turismocuzcurrita.com\/en\/wp-json\/wp\/v2\/comments?post=1432"}],"version-history":[{"count":14,"href":"https:\/\/turismocuzcurrita.com\/en\/wp-json\/wp\/v2\/pages\/1432\/revisions"}],"predecessor-version":[{"id":3559,"href":"https:\/\/turismocuzcurrita.com\/en\/wp-json\/wp\/v2\/pages\/1432\/revisions\/3559"}],"wp:attachment":[{"href":"https:\/\/turismocuzcurrita.com\/en\/wp-json\/wp\/v2\/media?parent=1432"}],"curies":[{"name":"wp","href":"https:\/\/api.w.org\/{rel}","templated":true}]}}